{"id":4106,"date":"2021-11-16T16:14:47","date_gmt":"2021-11-16T16:14:47","guid":{"rendered":"https:\/\/avadawebsites.wpengine.com\/classic\/?page_id=4106"},"modified":"2025-04-23T10:00:12","modified_gmt":"2025-04-23T10:00:12","slug":"corporate-faq","status":"publish","type":"page","link":"https:\/\/busbarmanufacturer.com\/da\/corporate-faq\/","title":{"rendered":"Virksomhedens ofte stillede sp\u00f8rgsm\u00e5l"},"content":{"rendered":"<p><div class=\"fusion-fullwidth fullwidth-box fusion-builder-row-1 fusion-flex-container has-pattern-background has-mask-background fusion-parallax-none nonhundred-percent-fullwidth non-hundred-percent-height-scrolling lazyload\" style=\"--awb-border-radius-top-left:0px;--awb-border-radius-top-right:0px;--awb-border-radius-bottom-right:0px;--awb-border-radius-bottom-left:0px;--awb-padding-top:130PX;--awb-padding-bottom:130PX;--awb-background-size:cover;--awb-flex-wrap:wrap;\" data-bg=\"https:\/\/busbarmanufacturer.com\/wp-content\/uploads\/2024\/07\/copper-busbar-factory.jpg\" ><div class=\"fusion-builder-row fusion-row fusion-flex-align-items-flex-start fusion-flex-content-wrap\" style=\"max-width:1216.8px;margin-left: calc(-4% \/ 2 );margin-right: calc(-4% \/ 2 );\"><div class=\"fusion-layout-column fusion_builder_column fusion-builder-column-0 fusion_builder_column_1_1 1_1 fusion-flex-column\" style=\"--awb-bg-size:cover;--awb-width-large:100%;--awb-margin-top-large:0px;--awb-spacing-right-large:1.92%;--awb-margin-bottom-large:20px;--awb-spacing-left-large:1.92%;--awb-width-medium:100%;--awb-order-medium:0;--awb-spacing-right-medium:1.92%;--awb-spacing-left-medium:1.92%;--awb-width-small:100%;--awb-order-small:0;--awb-spacing-right-small:1.92%;--awb-spacing-left-small:1.92%;\"><div class=\"fusion-column-wrapper fusion-column-has-shadow fusion-flex-justify-content-flex-start fusion-content-layout-column\"><\/div><\/div><\/div><\/div><div class=\"fusion-fullwidth fullwidth-box fusion-builder-row-2 fusion-flex-container has-pattern-background has-mask-background nonhundred-percent-fullwidth non-hundred-percent-height-scrolling fusion-animated\" style=\"--awb-border-sizes-top:0px;--awb-border-sizes-bottom:0px;--awb-border-sizes-left:0px;--awb-border-sizes-right:0px;--awb-border-radius-top-left:0px;--awb-border-radius-top-right:0px;--awb-border-radius-bottom-right:0px;--awb-border-radius-bottom-left:0px;--awb-margin-top:70px;--awb-margin-bottom:120px;--awb-margin-bottom-medium:80px;--awb-margin-bottom-small:60px;--awb-flex-wrap:wrap;\" data-animationtype=\"fadeInUp\" data-animationduration=\"1.3\" data-animationoffset=\"top-into-view\" ><div class=\"fusion-builder-row fusion-row fusion-flex-align-items-center fusion-flex-content-wrap\" style=\"max-width:1216.8px;margin-left: calc(-4% \/ 2 );margin-right: calc(-4% \/ 2 );\"><div class=\"fusion-layout-column fusion_builder_column fusion-builder-column-1 fusion-flex-column\" style=\"--awb-bg-blend:overlay;--awb-bg-size:cover;--awb-width-large:40%;--awb-margin-top-large:0px;--awb-spacing-right-large:3.84%;--awb-margin-bottom-large:80px;--awb-spacing-left-large:4.8%;--awb-width-medium:40%;--awb-spacing-right-medium:3.84%;--awb-spacing-left-medium:4.8%;--awb-width-small:100%;--awb-spacing-right-small:1.92%;--awb-margin-bottom-small:15px;--awb-spacing-left-small:1.92%;\"><div class=\"fusion-column-wrapper fusion-flex-justify-content-flex-start fusion-content-layout-column\"><div class=\"fusion-text fusion-text-1\" style=\"--awb-font-size:var(--awb-typography2-font-size);--awb-line-height:var(--awb-typography2-line-height);--awb-letter-spacing:var(--awb-typography2-letter-spacing);--awb-text-transform:var(--awb-typography2-text-transform);--awb-text-color:var(--awb-color4);--awb-text-font-family:var(--awb-typography2-font-family);--awb-text-font-weight:var(--awb-typography2-font-weight);--awb-text-font-style:var(--awb-typography2-font-style);\"><p style=\"letter-spacing: 3px;\">VELKOMMEN TIL CORPORATE FAQ<\/p>\n<\/div><div class=\"fusion-title title fusion-title-1 fusion-title-text fusion-title-size-two\" style=\"--awb-margin-bottom:0px;--awb-margin-top-small:0px;--awb-margin-bottom-small:20px;--awb-font-size:37px;\"><div class=\"title-sep-container title-sep-container-left fusion-no-large-visibility fusion-no-medium-visibility fusion-no-small-visibility\"><div class=\"title-sep sep- sep-solid\" style=\"border-color:var(--awb-color3);\"><\/div><\/div><span class=\"awb-title-spacer fusion-no-large-visibility fusion-no-medium-visibility fusion-no-small-visibility\"><\/span><h2 class=\"fusion-title-heading title-heading-left fusion-responsive-typography-calculated\" style=\"margin:0;text-transform:capitalize;font-size:1em;--fontSize:37;line-height:1.35;\"><h1>Her er de oftest stillede sp\u00f8rgsm\u00e5l.<\/h1><\/h2><span class=\"awb-title-spacer\"><\/span><div class=\"title-sep-container title-sep-container-right\"><div class=\"title-sep sep- sep-solid\" style=\"border-color:var(--awb-color3);\"><\/div><\/div><\/div><\/div><\/div><div class=\"fusion-layout-column fusion_builder_column fusion-builder-column-2 fusion-flex-column\" style=\"--awb-bg-blend:overlay;--awb-bg-size:cover;--awb-width-large:60%;--awb-margin-top-large:0px;--awb-spacing-right-large:3.2%;--awb-margin-bottom-large:80px;--awb-spacing-left-large:6.4%;--awb-width-medium:60%;--awb-spacing-right-medium:3.2%;--awb-spacing-left-medium:6.4%;--awb-width-small:100%;--awb-spacing-right-small:1.92%;--awb-spacing-left-small:1.92%;\"><div class=\"fusion-column-wrapper fusion-flex-justify-content-flex-start fusion-content-layout-column\"><div class=\"fusion-text fusion-text-2 fusion-text-no-margin\" style=\"--awb-text-color:var(--awb-color7);--awb-margin-bottom:0px;\"><p>As a professional copper busbar manufacturer, we summarize the 18 core issues that customers are most concerned about, to provide you with comprehensive solutions:<\/p>\n<\/div><\/div><\/div><div class=\"fusion-layout-column fusion_builder_column fusion-builder-column-3 fusion_builder_column_1_1 1_1 fusion-flex-column\" style=\"--awb-bg-size:cover;--awb-width-large:100%;--awb-margin-top-large:0px;--awb-spacing-right-large:1.92%;--awb-margin-bottom-large:0px;--awb-spacing-left-large:1.92%;--awb-width-medium:100%;--awb-order-medium:0;--awb-spacing-right-medium:1.92%;--awb-spacing-left-medium:1.92%;--awb-width-small:100%;--awb-order-small:0;--awb-spacing-right-small:1.92%;--awb-spacing-left-small:1.92%;\"><div class=\"fusion-column-wrapper fusion-column-has-shadow fusion-flex-justify-content-flex-start fusion-content-layout-column\"><div class=\"fusion-text fusion-text-3\" style=\"--awb-text-color:#000000;\"><h2>1. Er du en fabrik eller en handelsvirksomhed?<\/h2>\n<p>As an ISO certified manufacturer, we have a modern factory covering an area of 1000 square meters, equipped with a complete industrial chain from raw material processing to finished product assembly. The self-developed digital management system ensures that each production process complies with the IEC 61439 international standard.<\/p>\n<h2>2. Hvordan er din formdesign og produktionskapacitet?<\/h2>\n<p>We boast an in-house design department capable of providing design services to numerous cooperative partners.<\/p>\n<p>&#8211; Equipped with CAD\/CAM design center and CNC machining center.<br \/>\n&#8211; We have 12 patented technologies such as hot press molding and laser micro-engraving.<br \/>\n&#8211; Support the development of complex structure molds with 0.02mm precision.<br \/>\n&#8211; Rapid prototyping within 72 hours<\/p>\n<h2>3. Hvis du kan acceptere OEM eller ODM, hvad er den mindste ordrem\u00e6ngde?<\/h2>\n<p>Vi er en professionel OEM-producent, vi har ikke MOQ for nogen produkter.<\/p>\n<h2>4. Hvordan klarer din fabrik sig med hensyn til kvalitetskontrol?<\/h2>\n<p>1. Traceability of raw materials: LME certified copper cathode is used.<br \/>\n2. Process monitoring: SPC statistical process control.<br \/>\n3. Finished product testing: Passed IP68 protection test.<br \/>\n4. Shipment verification: equipped with infrared thermal imaging detection<br \/>\n5. Traceability system: 15 years of quality records can be checked.<\/p>\n<h2>5. Laver du skr\u00e6ddersyede samleskinner baseret p\u00e5 vores designtegninger eller ideer?<\/h2>\n<p>We provide OEM\/ODM service:<br \/>\n\u2713 Flexibility to take orders with zero MOQ.<br \/>\n\u2713 Support drawing\/sample\/conceptual design in various forms<br \/>\n\u2713 Provide DFM manufacturability analysis service.<br \/>\n\u2713 Engineering team 1 to 1 full docking<\/p>\n<h2>6. Styrer du pulverlakeringsprocessen internt?<\/h2>\n<p>Faktisk er vi en dedikeret pladefremstillingsfacilitet, der tilbyder et omfattende udvalg af fremstillingstjenester, der omfatter lasersk\u00e6ring, NCT-stansning, bukning, svejsning (TIG, CO2-buesvejsning), slibning, b\u00e5ndpolering, pulverlakering, maling og silketryk.<\/p>\n<h2>7. Kan jeg f\u00e5 pr\u00f8ve til din kvalitet?<\/h2>\n<p>Vi har sm\u00e5 pr\u00f8ver tilg\u00e6ngelige i butikken, og vi giver dem gerne gratis. For tilpassede pr\u00f8ver skal du forvente en leveringstid p\u00e5 cirka 5-7 dage.<\/p>\n<h2>8. Hvilke oplysninger har brug for til tilbud?<\/h2>\n<p>It is recommended to provide:<br \/>\n\u25fc 2D drawings (PDF\/DWG)<br \/>\n\u25fc 3D model (STEP\/IGES)<br \/>\n\u25fc Table of technical parameters (current-carrying capacity\/insulation class, etc.)<br \/>\n\u25fc Special environmental requirements (humidity\/salt spray, etc.)<\/p>\n<h2>9. Hvad er fordelene ved at bruge kobberskinner?<\/h2>\n<p>&#8211; Conductivity \u226599.9% IACS<br \/>\n&#8211; Tensile strength \u2265 360MPa<br \/>\n&#8211; Corrosion resistance class C5 (ISO 9223)<br \/>\n&#8211; Temperature rise control &lt;50K (at rated curre<\/p>\n<h2>10. Hvordan kan vi garantere kvalitet?<\/h2>\n<p>Streng screening og vurdering af r\u00e5vareleverand\u00f8rer, screening og inspektion f\u00f8r opbevaring Altid en pr\u00e6produktionspr\u00f8ve f\u00f8r masseproduktion; Automatisk maskine + manuel dobbeltinspektion f\u00f8r produkter sendes, for at sikre produktkonsistens.<\/p>\n<h2>11. Hvor lang er levetiden for samleskinner<\/h2>\n<p>Levetiden for samleskinner varierer afh\u00e6ngigt af faktorer som materialekvalitet, driftsforhold og vedligeholdelse. Generelt har kobberskinner en lang levetid p\u00e5 grund af deres fremragende ledningsevne og modstandsdygtighed over for korrosion. Med korrekt installation og vedligeholdelse kan kobberskinner holde i \u00e5rtier, hvilket giver p\u00e5lidelige elektriske forbindelser til forskellige applikationer. Regelm\u00e6ssige inspektioner og forebyggende vedligeholdelse kan hj\u00e6lpe med at forl\u00e6nge samleskinnernes levetid yderligere.<\/p>\n<h2>12. Kan jeg f\u00e5 gratis pr\u00f8ve?<\/h2>\n<p>&#8211; Standard products: Free samples sent within 48 hours<br \/>\n&#8211; Customized samples: Provide 3D printing fast verification service<br \/>\n&#8211; Support conductivity, temperature rise and other specialized tests<\/p>\n<h2>13. Hvad er leveringstiden?<\/h2>\n<p>Establish VMI inventory management mode:<br \/>\n&#8211; Regular products: 72 hours of extremely fast delivery<br \/>\n&#8211; Customized products: 15-day flexible production cycle<br \/>\n&#8211; Emergency orders: Open green channel<\/p>\n<h2>14. Kan jeg bes\u00f8ge din fabrik?<\/h2>\n<p>Du er velkommen til at bes\u00f8ge vores fabrik, og vi tilbyder gratis bil<\/p>\n<h2>15. Hvad er forsendelsesmetoderne?<\/h2>\n<p>Provide globalized logistics services:<br \/>\n\u2713 Multimodal transportation solution optimization<br \/>\n\u2713 DDP door-to-door service<br \/>\n\u2713 Purchase of transportation insurance<br \/>\n\u2713 Real-time cargo tracking system<\/p>\n<h2>16. Hvilke tjenester kan vi levere?<\/h2>\n<p>Accepterede leveringsbetingelser: FOB, CIF, FAS, DDP, Express Delivery, DES;<br \/>\nAccepteret betalingsvaluta: USD, AUD og CNY;<br \/>\nAccepteret betalingstype: T\/T, L\/C, MoneyGram, Kreditkort, PayPal, Western Union, Kontanter; Talte sprog: engelsk, kinesisk<\/p>\n<h2>17.What is busbar application?<\/h2>\n<p>\u25b6 New energy power stations (photovoltaic\/wind power)<br \/>\n\u25b6 Railway transportation power supply system<br \/>\n\u25b6 Data center intelligent power distribution<br \/>\n\u25b6 Industrial busbar system upgrade<\/p>\n<h2>18.Hvordan v\u00e6lger jeg den rigtige kobberskinne til min applikation?<\/h2>\n<p>Overvej faktorer som str\u00f8mb\u00e6rende kapacitet, sp\u00e6ndingskrav, milj\u00f8forhold, mekanisk styrke og pladsbegr\u00e6nsninger, n\u00e5r du v\u00e6lger en kobberskinne. Det er vigtigt at r\u00e5df\u00f8re sig med en kyndig leverand\u00f8r for at sikre det rigtige valg.<\/p>\n<h2>19.\u00a0 How can I get technical support?<\/h2>\n<p>We offer:<br \/>\n&#8211; Free electrical system optimization consulting<br \/>\n&#8211; Busbar sizing calculation software<br \/>\n&#8211; Installation instruction video library<br \/>\n&#8211; Regular maintenance reminder service<\/p>\n<h2>20. How can we start cooperation?<\/h2>\n<p>1. Demand negotiation(1 working day)<br \/>\n2. Program design (3-5 working days)<br \/>\n3. Sample confirmation (5-7 working days)<br \/>\n4. mass production (10-15 working days)<br \/>\n5. After-sales tracking (lifelong service)<\/p>\n<\/div><\/div><\/div><\/div><\/div><\/p>","protected":false},"excerpt":{"rendered":"","protected":false},"author":1,"featured_media":4108,"parent":0,"menu_order":0,"comment_status":"closed","ping_status":"closed","template":"100-width.php","meta":{"content-type":"","_monsterinsights_skip_tracking":false,"_monsterinsights_sitenote_active":false,"_monsterinsights_sitenote_note":"","_monsterinsights_sitenote_category":0,"cybocfi_hide_featured_image":"","footnotes":""},"class_list":["post-4106","page","type-page","status-publish","has-post-thumbnail","hentry"],"yoast_head":"<!-- This site is optimized with the Yoast SEO plugin v27.2 - https:\/\/yoast.com\/product\/yoast-seo-wordpress\/ -->\n<title>Corporate FAQ<\/title>\n<meta name=\"description\" content=\"Corporate FAQ - We Focus Researching,Developing and manufacturing. - Busbar Manufacturers I Custom Copper Busbars\" \/>\n<meta name=\"robots\" content=\"index, follow, max-snippet:-1, max-image-preview:large, max-video-preview:-1\" \/>\n<link rel=\"canonical\" href=\"https:\/\/busbarmanufacturer.com\/da\/corporate-faq\/\" \/>\n<meta property=\"og:locale\" content=\"da_DK\" \/>\n<meta property=\"og:type\" content=\"article\" \/>\n<meta property=\"og:title\" content=\"Corporate FAQ\" \/>\n<meta property=\"og:description\" content=\"Corporate FAQ - We Focus Researching,Developing and manufacturing. - Busbar Manufacturers I Custom Copper Busbars\" \/>\n<meta property=\"og:url\" content=\"https:\/\/busbarmanufacturer.com\/da\/corporate-faq\/\" \/>\n<meta property=\"og:site_name\" content=\"Busbar Manufacturers I Custom Copper Busbars\" \/>\n<meta property=\"article:modified_time\" content=\"2025-04-23T10:00:12+00:00\" \/>\n<meta property=\"og:image\" content=\"https:\/\/busbarmanufacturer.com\/wp-content\/uploads\/2021\/11\/banner-01.jpg\" \/>\n\t<meta property=\"og:image:width\" content=\"1393\" \/>\n\t<meta property=\"og:image:height\" content=\"430\" \/>\n\t<meta property=\"og:image:type\" content=\"image\/jpeg\" \/>\n<meta name=\"twitter:card\" content=\"summary_large_image\" \/>\n<meta name=\"twitter:label1\" content=\"Estimeret l\u00e6setid\" \/>\n\t<meta name=\"twitter:data1\" content=\"4 minutter\" \/>\n<script type=\"application\/ld+json\" class=\"yoast-schema-graph\">{\"@context\":\"https:\/\/schema.org\",\"@graph\":[{\"@type\":\"WebPage\",\"@id\":\"https:\/\/busbarmanufacturer.com\/corporate-faq\/\",\"url\":\"https:\/\/busbarmanufacturer.com\/corporate-faq\/\",\"name\":\"Corporate FAQ\",\"isPartOf\":{\"@id\":\"https:\/\/busbarmanufacturer.com\/#website\"},\"primaryImageOfPage\":{\"@id\":\"https:\/\/busbarmanufacturer.com\/corporate-faq\/#primaryimage\"},\"image\":{\"@id\":\"https:\/\/busbarmanufacturer.com\/corporate-faq\/#primaryimage\"},\"thumbnailUrl\":\"https:\/\/busbarmanufacturer.com\/wp-content\/uploads\/2021\/11\/banner-01.jpg\",\"datePublished\":\"2021-11-16T16:14:47+00:00\",\"dateModified\":\"2025-04-23T10:00:12+00:00\",\"description\":\"Corporate FAQ - We Focus Researching,Developing and manufacturing. - Busbar Manufacturers I Custom Copper Busbars\",\"breadcrumb\":{\"@id\":\"https:\/\/busbarmanufacturer.com\/corporate-faq\/#breadcrumb\"},\"inLanguage\":\"da-DK\",\"potentialAction\":[{\"@type\":\"ReadAction\",\"target\":[\"https:\/\/busbarmanufacturer.com\/corporate-faq\/\"]}]},{\"@type\":\"ImageObject\",\"inLanguage\":\"da-DK\",\"@id\":\"https:\/\/busbarmanufacturer.com\/corporate-faq\/#primaryimage\",\"url\":\"https:\/\/busbarmanufacturer.com\/wp-content\/uploads\/2021\/11\/banner-01.jpg\",\"contentUrl\":\"https:\/\/busbarmanufacturer.com\/wp-content\/uploads\/2021\/11\/banner-01.jpg\",\"width\":1393,\"height\":430,\"caption\":\"banner-01\"},{\"@type\":\"BreadcrumbList\",\"@id\":\"https:\/\/busbarmanufacturer.com\/corporate-faq\/#breadcrumb\",\"itemListElement\":[{\"@type\":\"ListItem\",\"position\":1,\"name\":\"Home\",\"item\":\"https:\/\/busbarmanufacturer.com\/\"},{\"@type\":\"ListItem\",\"position\":2,\"name\":\"Corporate FAQ\"}]},{\"@type\":\"WebSite\",\"@id\":\"https:\/\/busbarmanufacturer.com\/#website\",\"url\":\"https:\/\/busbarmanufacturer.com\/\",\"name\":\"Busbar Manufacturers I Custom Copper Busbars\",\"description\":\"We Design &amp; Manufacturing\",\"publisher\":{\"@id\":\"https:\/\/busbarmanufacturer.com\/#organization\"},\"potentialAction\":[{\"@type\":\"SearchAction\",\"target\":{\"@type\":\"EntryPoint\",\"urlTemplate\":\"https:\/\/busbarmanufacturer.com\/?s={search_term_string}\"},\"query-input\":{\"@type\":\"PropertyValueSpecification\",\"valueRequired\":true,\"valueName\":\"search_term_string\"}}],\"inLanguage\":\"da-DK\"},{\"@type\":\"Organization\",\"@id\":\"https:\/\/busbarmanufacturer.com\/#organization\",\"name\":\"Busbar Manufacturers I Custom Copper Busbars\",\"url\":\"https:\/\/busbarmanufacturer.com\/\",\"logo\":{\"@type\":\"ImageObject\",\"inLanguage\":\"da-DK\",\"@id\":\"https:\/\/busbarmanufacturer.com\/#\/schema\/logo\/image\/\",\"url\":\"https:\/\/busbarmanufacturer.com\/wp-content\/uploads\/2024\/08\/copper-logo.jpg\",\"contentUrl\":\"https:\/\/busbarmanufacturer.com\/wp-content\/uploads\/2024\/08\/copper-logo.jpg\",\"width\":180,\"height\":105,\"caption\":\"Busbar Manufacturers I Custom Copper Busbars\"},\"image\":{\"@id\":\"https:\/\/busbarmanufacturer.com\/#\/schema\/logo\/image\/\"}}]}<\/script>\n<!-- \/ Yoast SEO plugin. -->","yoast_head_json":{"title":"Virksomhedens ofte stillede sp\u00f8rgsm\u00e5l","description":"Corporate FAQ - Vi fokuserer p\u00e5 forskning, udvikling og fremstilling. - Skinneproducenter I Brugerdefinerede kobberskinne","robots":{"index":"index","follow":"follow","max-snippet":"max-snippet:-1","max-image-preview":"max-image-preview:large","max-video-preview":"max-video-preview:-1"},"canonical":"https:\/\/busbarmanufacturer.com\/da\/corporate-faq\/","og_locale":"da_DK","og_type":"article","og_title":"Corporate FAQ","og_description":"Corporate FAQ - We Focus Researching,Developing and manufacturing. - Busbar Manufacturers I Custom Copper Busbars","og_url":"https:\/\/busbarmanufacturer.com\/da\/corporate-faq\/","og_site_name":"Busbar Manufacturers I Custom Copper Busbars","article_modified_time":"2025-04-23T10:00:12+00:00","og_image":[{"width":1393,"height":430,"url":"https:\/\/busbarmanufacturer.com\/wp-content\/uploads\/2021\/11\/banner-01.jpg","type":"image\/jpeg"}],"twitter_card":"summary_large_image","twitter_misc":{"Estimeret l\u00e6setid":"4 minutter"},"schema":{"@context":"https:\/\/schema.org","@graph":[{"@type":"WebPage","@id":"https:\/\/busbarmanufacturer.com\/corporate-faq\/","url":"https:\/\/busbarmanufacturer.com\/corporate-faq\/","name":"Virksomhedens ofte stillede sp\u00f8rgsm\u00e5l","isPartOf":{"@id":"https:\/\/busbarmanufacturer.com\/#website"},"primaryImageOfPage":{"@id":"https:\/\/busbarmanufacturer.com\/corporate-faq\/#primaryimage"},"image":{"@id":"https:\/\/busbarmanufacturer.com\/corporate-faq\/#primaryimage"},"thumbnailUrl":"https:\/\/busbarmanufacturer.com\/wp-content\/uploads\/2021\/11\/banner-01.jpg","datePublished":"2021-11-16T16:14:47+00:00","dateModified":"2025-04-23T10:00:12+00:00","description":"Corporate FAQ - Vi fokuserer p\u00e5 forskning, udvikling og fremstilling. - Skinneproducenter I Brugerdefinerede kobberskinne","breadcrumb":{"@id":"https:\/\/busbarmanufacturer.com\/corporate-faq\/#breadcrumb"},"inLanguage":"da-DK","potentialAction":[{"@type":"ReadAction","target":["https:\/\/busbarmanufacturer.com\/corporate-faq\/"]}]},{"@type":"ImageObject","inLanguage":"da-DK","@id":"https:\/\/busbarmanufacturer.com\/corporate-faq\/#primaryimage","url":"https:\/\/busbarmanufacturer.com\/wp-content\/uploads\/2021\/11\/banner-01.jpg","contentUrl":"https:\/\/busbarmanufacturer.com\/wp-content\/uploads\/2021\/11\/banner-01.jpg","width":1393,"height":430,"caption":"banner-01"},{"@type":"BreadcrumbList","@id":"https:\/\/busbarmanufacturer.com\/corporate-faq\/#breadcrumb","itemListElement":[{"@type":"ListItem","position":1,"name":"Home","item":"https:\/\/busbarmanufacturer.com\/"},{"@type":"ListItem","position":2,"name":"Corporate FAQ"}]},{"@type":"WebSite","@id":"https:\/\/busbarmanufacturer.com\/#website","url":"https:\/\/busbarmanufacturer.com\/","name":"Samleskinneproducenter I Brugerdefinerede kobbersamleskinner","description":"Vi designer og producerer","publisher":{"@id":"https:\/\/busbarmanufacturer.com\/#organization"},"potentialAction":[{"@type":"SearchAction","target":{"@type":"EntryPoint","urlTemplate":"https:\/\/busbarmanufacturer.com\/?s={search_term_string}"},"query-input":{"@type":"PropertyValueSpecification","valueRequired":true,"valueName":"search_term_string"}}],"inLanguage":"da-DK"},{"@type":"Organization","@id":"https:\/\/busbarmanufacturer.com\/#organization","name":"Samleskinneproducenter I Brugerdefinerede kobbersamleskinner","url":"https:\/\/busbarmanufacturer.com\/","logo":{"@type":"ImageObject","inLanguage":"da-DK","@id":"https:\/\/busbarmanufacturer.com\/#\/schema\/logo\/image\/","url":"https:\/\/busbarmanufacturer.com\/wp-content\/uploads\/2024\/08\/copper-logo.jpg","contentUrl":"https:\/\/busbarmanufacturer.com\/wp-content\/uploads\/2024\/08\/copper-logo.jpg","width":180,"height":105,"caption":"Busbar Manufacturers I Custom Copper Busbars"},"image":{"@id":"https:\/\/busbarmanufacturer.com\/#\/schema\/logo\/image\/"}}]}},"_links":{"self":[{"href":"https:\/\/busbarmanufacturer.com\/da\/wp-json\/wp\/v2\/pages\/4106","targetHints":{"allow":["GET"]}}],"collection":[{"href":"https:\/\/busbarmanufacturer.com\/da\/wp-json\/wp\/v2\/pages"}],"about":[{"href":"https:\/\/busbarmanufacturer.com\/da\/wp-json\/wp\/v2\/types\/page"}],"author":[{"embeddable":true,"href":"https:\/\/busbarmanufacturer.com\/da\/wp-json\/wp\/v2\/users\/1"}],"replies":[{"embeddable":true,"href":"https:\/\/busbarmanufacturer.com\/da\/wp-json\/wp\/v2\/comments?post=4106"}],"version-history":[{"count":8,"href":"https:\/\/busbarmanufacturer.com\/da\/wp-json\/wp\/v2\/pages\/4106\/revisions"}],"predecessor-version":[{"id":6939,"href":"https:\/\/busbarmanufacturer.com\/da\/wp-json\/wp\/v2\/pages\/4106\/revisions\/6939"}],"wp:featuredmedia":[{"embeddable":true,"href":"https:\/\/busbarmanufacturer.com\/da\/wp-json\/wp\/v2\/media\/4108"}],"wp:attachment":[{"href":"https:\/\/busbarmanufacturer.com\/da\/wp-json\/wp\/v2\/media?parent=4106"}],"curies":[{"name":"wp","href":"https:\/\/api.w.org\/{rel}","templated":true}]}}