{"id":4106,"date":"2021-11-16T16:14:47","date_gmt":"2021-11-16T16:14:47","guid":{"rendered":"https:\/\/avadawebsites.wpengine.com\/classic\/?page_id=4106"},"modified":"2025-04-23T10:00:12","modified_gmt":"2025-04-23T10:00:12","slug":"corporate-faq","status":"publish","type":"page","link":"https:\/\/busbarmanufacturer.com\/de\/corporate-faq\/","title":{"rendered":"H\u00e4ufig gestellte Fragen zum Unternehmen"},"content":{"rendered":"<p><div class=\"fusion-fullwidth fullwidth-box fusion-builder-row-1 fusion-flex-container has-pattern-background has-mask-background fusion-parallax-none nonhundred-percent-fullwidth non-hundred-percent-height-scrolling lazyload\" style=\"--awb-border-radius-top-left:0px;--awb-border-radius-top-right:0px;--awb-border-radius-bottom-right:0px;--awb-border-radius-bottom-left:0px;--awb-padding-top:130PX;--awb-padding-bottom:130PX;--awb-background-size:cover;--awb-flex-wrap:wrap;\" data-bg=\"https:\/\/busbarmanufacturer.com\/wp-content\/uploads\/2024\/07\/copper-busbar-factory.jpg\" ><div class=\"fusion-builder-row fusion-row fusion-flex-align-items-flex-start fusion-flex-content-wrap\" style=\"max-width:1216.8px;margin-left: calc(-4% \/ 2 );margin-right: calc(-4% \/ 2 );\"><div class=\"fusion-layout-column fusion_builder_column fusion-builder-column-0 fusion_builder_column_1_1 1_1 fusion-flex-column\" style=\"--awb-bg-size:cover;--awb-width-large:100%;--awb-margin-top-large:0px;--awb-spacing-right-large:1.92%;--awb-margin-bottom-large:20px;--awb-spacing-left-large:1.92%;--awb-width-medium:100%;--awb-order-medium:0;--awb-spacing-right-medium:1.92%;--awb-spacing-left-medium:1.92%;--awb-width-small:100%;--awb-order-small:0;--awb-spacing-right-small:1.92%;--awb-spacing-left-small:1.92%;\"><div class=\"fusion-column-wrapper fusion-column-has-shadow fusion-flex-justify-content-flex-start fusion-content-layout-column\"><\/div><\/div><\/div><\/div><div class=\"fusion-fullwidth fullwidth-box fusion-builder-row-2 fusion-flex-container has-pattern-background has-mask-background nonhundred-percent-fullwidth non-hundred-percent-height-scrolling fusion-animated\" style=\"--awb-border-sizes-top:0px;--awb-border-sizes-bottom:0px;--awb-border-sizes-left:0px;--awb-border-sizes-right:0px;--awb-border-radius-top-left:0px;--awb-border-radius-top-right:0px;--awb-border-radius-bottom-right:0px;--awb-border-radius-bottom-left:0px;--awb-margin-top:70px;--awb-margin-bottom:120px;--awb-margin-bottom-medium:80px;--awb-margin-bottom-small:60px;--awb-flex-wrap:wrap;\" data-animationtype=\"fadeInUp\" data-animationduration=\"1.3\" data-animationoffset=\"top-into-view\" ><div class=\"fusion-builder-row fusion-row fusion-flex-align-items-center fusion-flex-content-wrap\" style=\"max-width:1216.8px;margin-left: calc(-4% \/ 2 );margin-right: calc(-4% \/ 2 );\"><div class=\"fusion-layout-column fusion_builder_column fusion-builder-column-1 fusion-flex-column\" style=\"--awb-bg-blend:overlay;--awb-bg-size:cover;--awb-width-large:40%;--awb-margin-top-large:0px;--awb-spacing-right-large:3.84%;--awb-margin-bottom-large:80px;--awb-spacing-left-large:4.8%;--awb-width-medium:40%;--awb-spacing-right-medium:3.84%;--awb-spacing-left-medium:4.8%;--awb-width-small:100%;--awb-spacing-right-small:1.92%;--awb-margin-bottom-small:15px;--awb-spacing-left-small:1.92%;\"><div class=\"fusion-column-wrapper fusion-flex-justify-content-flex-start fusion-content-layout-column\"><div class=\"fusion-text fusion-text-1\" style=\"--awb-font-size:var(--awb-typography2-font-size);--awb-line-height:var(--awb-typography2-line-height);--awb-letter-spacing:var(--awb-typography2-letter-spacing);--awb-text-transform:var(--awb-typography2-text-transform);--awb-text-color:var(--awb-color4);--awb-text-font-family:var(--awb-typography2-font-family);--awb-text-font-weight:var(--awb-typography2-font-weight);--awb-text-font-style:var(--awb-typography2-font-style);\"><p style=\"letter-spacing: 3px;\">WILLKOMMEN BEI DEN UNTERNEHMENS-FAQ<\/p>\n<\/div><div class=\"fusion-title title fusion-title-1 fusion-title-text fusion-title-size-two\" style=\"--awb-margin-bottom:0px;--awb-margin-top-small:0px;--awb-margin-bottom-small:20px;--awb-font-size:37px;\"><div class=\"title-sep-container title-sep-container-left fusion-no-large-visibility fusion-no-medium-visibility fusion-no-small-visibility\"><div class=\"title-sep sep- sep-solid\" style=\"border-color:var(--awb-color3);\"><\/div><\/div><span class=\"awb-title-spacer fusion-no-large-visibility fusion-no-medium-visibility fusion-no-small-visibility\"><\/span><h2 class=\"fusion-title-heading title-heading-left fusion-responsive-typography-calculated\" style=\"margin:0;text-transform:capitalize;font-size:1em;--fontSize:37;line-height:1.35;\"><h1>Hier sind die am h\u00e4ufigsten gestellten Fragen.<\/h1><\/h2><span class=\"awb-title-spacer\"><\/span><div class=\"title-sep-container title-sep-container-right\"><div class=\"title-sep sep- sep-solid\" style=\"border-color:var(--awb-color3);\"><\/div><\/div><\/div><\/div><\/div><div class=\"fusion-layout-column fusion_builder_column fusion-builder-column-2 fusion-flex-column\" style=\"--awb-bg-blend:overlay;--awb-bg-size:cover;--awb-width-large:60%;--awb-margin-top-large:0px;--awb-spacing-right-large:3.2%;--awb-margin-bottom-large:80px;--awb-spacing-left-large:6.4%;--awb-width-medium:60%;--awb-spacing-right-medium:3.2%;--awb-spacing-left-medium:6.4%;--awb-width-small:100%;--awb-spacing-right-small:1.92%;--awb-spacing-left-small:1.92%;\"><div class=\"fusion-column-wrapper fusion-flex-justify-content-flex-start fusion-content-layout-column\"><div class=\"fusion-text fusion-text-2 fusion-text-no-margin\" style=\"--awb-text-color:var(--awb-color7);--awb-margin-bottom:0px;\"><p>Als professioneller Hersteller von Kupfersammelschienen fassen wir die 18 Kernprobleme zusammen, die den Kunden am meisten Sorgen bereiten, um Ihnen umfassende L\u00f6sungen zu bieten:<\/p>\n<\/div><\/div><\/div><div class=\"fusion-layout-column fusion_builder_column fusion-builder-column-3 fusion_builder_column_1_1 1_1 fusion-flex-column\" style=\"--awb-bg-size:cover;--awb-width-large:100%;--awb-margin-top-large:0px;--awb-spacing-right-large:1.92%;--awb-margin-bottom-large:0px;--awb-spacing-left-large:1.92%;--awb-width-medium:100%;--awb-order-medium:0;--awb-spacing-right-medium:1.92%;--awb-spacing-left-medium:1.92%;--awb-width-small:100%;--awb-order-small:0;--awb-spacing-right-small:1.92%;--awb-spacing-left-small:1.92%;\"><div class=\"fusion-column-wrapper fusion-column-has-shadow fusion-flex-justify-content-flex-start fusion-content-layout-column\"><div class=\"fusion-text fusion-text-3\" style=\"--awb-text-color:#000000;\"><h2>1. Sind Sie eine Fabrik oder ein Handelsunternehmen?<\/h2>\n<p>Als ISO-zertifizierter Hersteller verf\u00fcgen wir \u00fcber eine moderne Fabrik mit einer Fl\u00e4che von 1000 Quadratmetern und einer kompletten Produktionskette von der Rohstoffverarbeitung bis zur Montage des fertigen Produkts. Das selbst entwickelte digitale Managementsystem stellt sicher, dass jeder Produktionsprozess dem internationalen Standard IEC 61439 entspricht.<\/p>\n<h2>2. Wie steht es um Ihre M\u00f6glichkeiten im Bereich Formenbau und Herstellung?<\/h2>\n<p>Wir verf\u00fcgen \u00fcber eine eigene Designabteilung, die in der Lage ist, Designdienstleistungen f\u00fcr zahlreiche Kooperationspartner bereitzustellen.<\/p>\n<p>\u2013 Ausgestattet mit CAD\/CAM-Designzentrum und CNC-Bearbeitungszentrum.<br \/>\n\u2013 Wir verf\u00fcgen \u00fcber 12 patentierte Technologien wie Hei\u00dfpressen und Laser-Mikrogravur.<br \/>\n\u2013 Unterst\u00fctzt die Entwicklung komplexer Strukturformen mit einer Pr\u00e4zision von 0,02 mm.<br \/>\n\u2013 Rapid Prototyping innerhalb von 72 Stunden<\/p>\n<h2>3. Wenn Sie OEM oder ODM akzeptieren k\u00f6nnen, wie hoch ist die Mindestbestellmenge?<\/h2>\n<p>Wir sind ein professioneller OEM-Hersteller und haben f\u00fcr keine Produkte eine Mindestbestellmenge.<\/p>\n<h2>4. Wie geht es in Ihrer Fabrik um die Qualit\u00e4tskontrolle?<\/h2>\n<p>1. R\u00fcckverfolgbarkeit der Rohstoffe: Es wird eine LME-zertifizierte Kupferkathode verwendet.<br \/>\n2. Prozess\u00fcberwachung: SPC statistische Prozesskontrolle.<br \/>\n3. Pr\u00fcfung des fertigen Produkts: IP68-Schutztest bestanden.<br \/>\n4. Sendungs\u00fcberpr\u00fcfung: ausgestattet mit Infrarot-W\u00e4rmebilderkennung<br \/>\n5. R\u00fcckverfolgbarkeitssystem: 15 Jahre Qualit\u00e4tsaufzeichnungen k\u00f6nnen \u00fcberpr\u00fcft werden.<\/p>\n<h2>5. Fertigen Sie individuelle Sammelschienen nach unseren Konstruktionszeichnungen oder Ideen?<\/h2>\n<p>Wir bieten OEM\/ODM-Service:<br \/>\n\u2713 Flexibilit\u00e4t, Bestellungen mit null MOQ anzunehmen.<br \/>\n\u2713 Unterst\u00fctzung bei Zeichnungs-\/Muster-\/Konzeptdesign in verschiedenen Formen<br \/>\n\u2713 Bereitstellung eines DFM-Herstellbarkeitsanalysedienstes.<br \/>\n\u2713 Engineering-Team 1 zu 1 vollst\u00e4ndiges Andocken<\/p>\n<h2>6. Bew\u00e4ltigen Sie den Pulverbeschichtungsprozess intern?<\/h2>\n<p>Wir sind ein spezialisierter Betrieb zur Blechbearbeitung und bieten eine umfassende Palette an Fertigungsdienstleistungen an, darunter Laserschneiden, NCT-Stanzen, Biegen, Schwei\u00dfen (WIG, CO2-Lichtbogenschwei\u00dfen), Schleifen, Bandpolieren, Pulverbeschichten, Lackieren und Siebdruck.<\/p>\n<h2>7. Kann ich ein Muster in Ihrer Qualit\u00e4t bekommen?<\/h2>\n<p>Wir haben kleine Muster im Laden vorr\u00e4tig und stellen sie Ihnen gerne kostenlos zur Verf\u00fcgung. Bei personalisierten Mustern betr\u00e4gt die Lieferzeit ca. 5-7 Tage.<\/p>\n<h2>8. Welche Informationen werden f\u00fcr ein Angebot ben\u00f6tigt?<\/h2>\n<p>Es wird empfohlen, Folgendes bereitzustellen:<br \/>\n\u25fc 2D-Zeichnungen (PDF\/DWG)<br \/>\n\u25fc 3D-Modell (STEP\/IGES)<br \/>\n\u25fc Tabelle der technischen Parameter (Strombelastbarkeit\/Isolationsklasse etc.)<br \/>\n\u25fc Besondere Umgebungsanforderungen (Feuchtigkeit\/Salznebel usw.)<\/p>\n<h2>9. Welche Vorteile bietet die Verwendung von Kupfersammelschienen?<\/h2>\n<p>\u2013 Leitf\u00e4higkeit \u226599,9% IACS<br \/>\n\u2013 Zugfestigkeit \u2265 360 MPa<br \/>\n\u2013 Korrosionsbest\u00e4ndigkeitsklasse C5 (ISO 9223)<br \/>\n\u2013 Temperaturanstiegsregelung &lt;50K (bei Nennstrom<\/p>\n<h2>10. Wie k\u00f6nnen wir Qualit\u00e4t garantieren?<\/h2>\n<p>Strenge Pr\u00fcfung und Bewertung der Rohstofflieferanten, Pr\u00fcfung und Inspektion vor der Lagerung. Vor der Massenproduktion immer ein Vorproduktionsmuster. Automatische maschinelle und manuelle Doppelinspektion vor dem Versand der Produkte, um die Produktkonsistenz sicherzustellen.<\/p>\n<h2>11. Wie lange ist die Lebensdauer von Sammelschienen<\/h2>\n<p>Die Lebensdauer von Sammelschienen h\u00e4ngt von Faktoren wie Materialqualit\u00e4t, Betriebsbedingungen und Wartung ab. Generell haben Kupfersammelschienen aufgrund ihrer hervorragenden Leitf\u00e4higkeit und Korrosionsbest\u00e4ndigkeit eine lange Lebensdauer. Bei ordnungsgem\u00e4\u00dfer Installation und Wartung k\u00f6nnen Kupfersammelschienen Jahrzehnte halten und in verschiedenen Anwendungen zuverl\u00e4ssige elektrische Verbindungen bieten. Regelm\u00e4\u00dfige Inspektionen und vorbeugende Wartung k\u00f6nnen dazu beitragen, die Lebensdauer von Sammelschienen noch weiter zu verl\u00e4ngern.<\/p>\n<h2>12. Kann ich eine kostenlose Probe bekommen?<\/h2>\n<p>\u2013 Standardprodukte: Kostenlose Muster innerhalb von 48 Stunden<br \/>\n\u2013 Kundenspezifische Muster: Bereitstellung eines schnellen Verifizierungsdienstes f\u00fcr den 3D-Druck<br \/>\n\u2013 Unterst\u00fctzt Leitf\u00e4higkeits-, Temperaturanstiegs- und andere Spezialtests<\/p>\n<h2>13. Wie lange dauert die Lieferung?<\/h2>\n<p>Richten Sie den VMI-Bestandsverwaltungsmodus ein:<br \/>\n\u2013 Regul\u00e4re Produkte: 72 Stunden extrem schnelle Lieferung<br \/>\n\u2013 Kundenspezifische Produkte: 15-t\u00e4giger flexibler Produktionszyklus<br \/>\n\u2013 Dringlichkeitsbefehl: Gr\u00fcnen Kanal \u00f6ffnen<\/p>\n<h2>14. Kann ich Ihre Fabrik besichtigen?<\/h2>\n<p>Sie sind herzlich eingeladen, unsere Fabrik zu besuchen, und wir bieten kostenlose Auto<\/p>\n<h2>15. Welche Versandarten gibt es?<\/h2>\n<p>Bereitstellung globaler Logistikdienstleistungen:<br \/>\n\u2713 Optimierung multimodaler Transportl\u00f6sungen<br \/>\n\u2713 DDP T\u00fcr-zu-T\u00fcr-Service<br \/>\n\u2713 Abschluss einer Transportversicherung<br \/>\n\u2713 Echtzeit-Frachtverfolgungssystem<\/p>\n<h2>16.Welche Dienstleistungen k\u00f6nnen wir anbieten?<\/h2>\n<p>Akzeptierte Lieferbedingungen: FOB, CIF, FAS, DDP, Expresslieferung, DES;<br \/>\nAkzeptierte Zahlungsw\u00e4hrung: USD, AUD und CNY;<br \/>\nAkzeptierte Zahlungsarten: T\/T, L\/C, MoneyGram, Kreditkarte, PayPal, Western Union, Bargeld; Gesprochene Sprachen: Englisch, Chinesisch<\/p>\n<h2>17.Was ist eine Sammelschienenanwendung?<\/h2>\n<p>\u25b6 Neue Energiekraftwerke (Photovoltaik\/Windkraft)<br \/>\n\u25b6 Stromversorgungssystem f\u00fcr den Schienenverkehr<br \/>\n\u25b6 Intelligente Stromverteilung im Rechenzentrum<br \/>\n\u25b6 Modernisierung des industriellen Sammelschienensystems<\/p>\n<h2>18.Wie w\u00e4hle ich die richtige Kupfersammelschiene f\u00fcr meine Anwendung aus?<\/h2>\n<p>Ber\u00fccksichtigen Sie bei der Auswahl einer Kupfersammelschiene Faktoren wie Strombelastbarkeit, Spannungsanforderungen, Umgebungsbedingungen, mechanische Festigkeit und Platzbeschr\u00e4nkungen. Um die richtige Wahl zu treffen, ist es wichtig, einen sachkundigen Lieferanten zu konsultieren.<\/p>\n<h2>19. Wie erhalte ich technischen Support?<\/h2>\n<p>Wir bieten:<br \/>\n\u2013 Kostenlose Beratung zur Optimierung elektrischer Anlagen<br \/>\n\u2013 Software zur Berechnung der Sammelschienendimensionierung<br \/>\n\u2013 Videobibliothek mit Installationsanleitungen<br \/>\n\u2013 Regelm\u00e4\u00dfiger Wartungserinnerungsservice<\/p>\n<h2>20. Wie k\u00f6nnen wir eine Zusammenarbeit beginnen?<\/h2>\n<p>1. Nachfrageverhandlung (1 Arbeitstag)<br \/>\n2. Programmgestaltung (3-5 Werktage)<br \/>\n3. Musterbest\u00e4tigung (5-7 Werktage)<br \/>\n4. Massenproduktion (10-15 Werktage)<br \/>\n5. After-Sales-Tracking (lebenslanger Service)<\/p>\n<\/div><\/div><\/div><\/div><\/div><\/p>","protected":false},"excerpt":{"rendered":"","protected":false},"author":1,"featured_media":4108,"parent":0,"menu_order":0,"comment_status":"closed","ping_status":"closed","template":"100-width.php","meta":{"content-type":"","_monsterinsights_skip_tracking":false,"_monsterinsights_sitenote_active":false,"_monsterinsights_sitenote_note":"","_monsterinsights_sitenote_category":0,"cybocfi_hide_featured_image":"","footnotes":""},"class_list":["post-4106","page","type-page","status-publish","has-post-thumbnail","hentry"],"yoast_head":"<!-- This site is optimized with the Yoast SEO plugin v27.2 - https:\/\/yoast.com\/product\/yoast-seo-wordpress\/ -->\n<title>Corporate FAQ<\/title>\n<meta name=\"description\" content=\"Corporate FAQ - We Focus Researching,Developing and manufacturing. - Busbar Manufacturers I Custom Copper Busbars\" \/>\n<meta name=\"robots\" content=\"index, follow, max-snippet:-1, max-image-preview:large, max-video-preview:-1\" \/>\n<link rel=\"canonical\" href=\"https:\/\/busbarmanufacturer.com\/de\/corporate-faq\/\" \/>\n<meta property=\"og:locale\" content=\"de_DE\" \/>\n<meta property=\"og:type\" content=\"article\" \/>\n<meta property=\"og:title\" content=\"Corporate FAQ\" \/>\n<meta property=\"og:description\" content=\"Corporate FAQ - We Focus Researching,Developing and manufacturing. - Busbar Manufacturers I Custom Copper Busbars\" \/>\n<meta property=\"og:url\" content=\"https:\/\/busbarmanufacturer.com\/de\/corporate-faq\/\" \/>\n<meta property=\"og:site_name\" content=\"Busbar Manufacturers I Custom Copper Busbars\" \/>\n<meta property=\"article:modified_time\" content=\"2025-04-23T10:00:12+00:00\" \/>\n<meta property=\"og:image\" content=\"https:\/\/busbarmanufacturer.com\/wp-content\/uploads\/2021\/11\/banner-01.jpg\" \/>\n\t<meta property=\"og:image:width\" content=\"1393\" \/>\n\t<meta property=\"og:image:height\" content=\"430\" \/>\n\t<meta property=\"og:image:type\" content=\"image\/jpeg\" \/>\n<meta name=\"twitter:card\" content=\"summary_large_image\" \/>\n<meta name=\"twitter:label1\" content=\"Gesch\u00e4tzte Lesezeit\" \/>\n\t<meta name=\"twitter:data1\" content=\"4\u00a0Minuten\" \/>\n<script type=\"application\/ld+json\" class=\"yoast-schema-graph\">{\"@context\":\"https:\/\/schema.org\",\"@graph\":[{\"@type\":\"WebPage\",\"@id\":\"https:\/\/busbarmanufacturer.com\/corporate-faq\/\",\"url\":\"https:\/\/busbarmanufacturer.com\/corporate-faq\/\",\"name\":\"Corporate FAQ\",\"isPartOf\":{\"@id\":\"https:\/\/busbarmanufacturer.com\/#website\"},\"primaryImageOfPage\":{\"@id\":\"https:\/\/busbarmanufacturer.com\/corporate-faq\/#primaryimage\"},\"image\":{\"@id\":\"https:\/\/busbarmanufacturer.com\/corporate-faq\/#primaryimage\"},\"thumbnailUrl\":\"https:\/\/busbarmanufacturer.com\/wp-content\/uploads\/2021\/11\/banner-01.jpg\",\"datePublished\":\"2021-11-16T16:14:47+00:00\",\"dateModified\":\"2025-04-23T10:00:12+00:00\",\"description\":\"Corporate FAQ - We Focus Researching,Developing and manufacturing. - Busbar Manufacturers I Custom Copper Busbars\",\"breadcrumb\":{\"@id\":\"https:\/\/busbarmanufacturer.com\/corporate-faq\/#breadcrumb\"},\"inLanguage\":\"de\",\"potentialAction\":[{\"@type\":\"ReadAction\",\"target\":[\"https:\/\/busbarmanufacturer.com\/corporate-faq\/\"]}]},{\"@type\":\"ImageObject\",\"inLanguage\":\"de\",\"@id\":\"https:\/\/busbarmanufacturer.com\/corporate-faq\/#primaryimage\",\"url\":\"https:\/\/busbarmanufacturer.com\/wp-content\/uploads\/2021\/11\/banner-01.jpg\",\"contentUrl\":\"https:\/\/busbarmanufacturer.com\/wp-content\/uploads\/2021\/11\/banner-01.jpg\",\"width\":1393,\"height\":430,\"caption\":\"banner-01\"},{\"@type\":\"BreadcrumbList\",\"@id\":\"https:\/\/busbarmanufacturer.com\/corporate-faq\/#breadcrumb\",\"itemListElement\":[{\"@type\":\"ListItem\",\"position\":1,\"name\":\"Home\",\"item\":\"https:\/\/busbarmanufacturer.com\/\"},{\"@type\":\"ListItem\",\"position\":2,\"name\":\"Corporate FAQ\"}]},{\"@type\":\"WebSite\",\"@id\":\"https:\/\/busbarmanufacturer.com\/#website\",\"url\":\"https:\/\/busbarmanufacturer.com\/\",\"name\":\"Busbar Manufacturers I Custom Copper Busbars\",\"description\":\"We Design &amp; Manufacturing\",\"publisher\":{\"@id\":\"https:\/\/busbarmanufacturer.com\/#organization\"},\"potentialAction\":[{\"@type\":\"SearchAction\",\"target\":{\"@type\":\"EntryPoint\",\"urlTemplate\":\"https:\/\/busbarmanufacturer.com\/?s={search_term_string}\"},\"query-input\":{\"@type\":\"PropertyValueSpecification\",\"valueRequired\":true,\"valueName\":\"search_term_string\"}}],\"inLanguage\":\"de\"},{\"@type\":\"Organization\",\"@id\":\"https:\/\/busbarmanufacturer.com\/#organization\",\"name\":\"Busbar Manufacturers I Custom Copper Busbars\",\"url\":\"https:\/\/busbarmanufacturer.com\/\",\"logo\":{\"@type\":\"ImageObject\",\"inLanguage\":\"de\",\"@id\":\"https:\/\/busbarmanufacturer.com\/#\/schema\/logo\/image\/\",\"url\":\"https:\/\/busbarmanufacturer.com\/wp-content\/uploads\/2024\/08\/copper-logo.jpg\",\"contentUrl\":\"https:\/\/busbarmanufacturer.com\/wp-content\/uploads\/2024\/08\/copper-logo.jpg\",\"width\":180,\"height\":105,\"caption\":\"Busbar Manufacturers I Custom Copper Busbars\"},\"image\":{\"@id\":\"https:\/\/busbarmanufacturer.com\/#\/schema\/logo\/image\/\"}}]}<\/script>\n<!-- \/ Yoast SEO plugin. -->","yoast_head_json":{"title":"H\u00e4ufig gestellte Fragen zum Unternehmen","description":"H\u00e4ufig gestellte Fragen zum Unternehmen - Wir konzentrieren uns auf Forschung, Entwicklung und Herstellung. - Sammelschienenhersteller I Kundenspezifische Sammelschienen aus Kupfer","robots":{"index":"index","follow":"follow","max-snippet":"max-snippet:-1","max-image-preview":"max-image-preview:large","max-video-preview":"max-video-preview:-1"},"canonical":"https:\/\/busbarmanufacturer.com\/de\/corporate-faq\/","og_locale":"de_DE","og_type":"article","og_title":"Corporate FAQ","og_description":"Corporate FAQ - We Focus Researching,Developing and manufacturing. - Busbar Manufacturers I Custom Copper Busbars","og_url":"https:\/\/busbarmanufacturer.com\/de\/corporate-faq\/","og_site_name":"Busbar Manufacturers I Custom Copper Busbars","article_modified_time":"2025-04-23T10:00:12+00:00","og_image":[{"width":1393,"height":430,"url":"https:\/\/busbarmanufacturer.com\/wp-content\/uploads\/2021\/11\/banner-01.jpg","type":"image\/jpeg"}],"twitter_card":"summary_large_image","twitter_misc":{"Gesch\u00e4tzte Lesezeit":"4\u00a0Minuten"},"schema":{"@context":"https:\/\/schema.org","@graph":[{"@type":"WebPage","@id":"https:\/\/busbarmanufacturer.com\/corporate-faq\/","url":"https:\/\/busbarmanufacturer.com\/corporate-faq\/","name":"H\u00e4ufig gestellte Fragen zum Unternehmen","isPartOf":{"@id":"https:\/\/busbarmanufacturer.com\/#website"},"primaryImageOfPage":{"@id":"https:\/\/busbarmanufacturer.com\/corporate-faq\/#primaryimage"},"image":{"@id":"https:\/\/busbarmanufacturer.com\/corporate-faq\/#primaryimage"},"thumbnailUrl":"https:\/\/busbarmanufacturer.com\/wp-content\/uploads\/2021\/11\/banner-01.jpg","datePublished":"2021-11-16T16:14:47+00:00","dateModified":"2025-04-23T10:00:12+00:00","description":"H\u00e4ufig gestellte Fragen zum Unternehmen - Wir konzentrieren uns auf Forschung, Entwicklung und Herstellung. - Sammelschienenhersteller I Kundenspezifische Sammelschienen aus Kupfer","breadcrumb":{"@id":"https:\/\/busbarmanufacturer.com\/corporate-faq\/#breadcrumb"},"inLanguage":"de","potentialAction":[{"@type":"ReadAction","target":["https:\/\/busbarmanufacturer.com\/corporate-faq\/"]}]},{"@type":"ImageObject","inLanguage":"de","@id":"https:\/\/busbarmanufacturer.com\/corporate-faq\/#primaryimage","url":"https:\/\/busbarmanufacturer.com\/wp-content\/uploads\/2021\/11\/banner-01.jpg","contentUrl":"https:\/\/busbarmanufacturer.com\/wp-content\/uploads\/2021\/11\/banner-01.jpg","width":1393,"height":430,"caption":"banner-01"},{"@type":"BreadcrumbList","@id":"https:\/\/busbarmanufacturer.com\/corporate-faq\/#breadcrumb","itemListElement":[{"@type":"ListItem","position":1,"name":"Home","item":"https:\/\/busbarmanufacturer.com\/"},{"@type":"ListItem","position":2,"name":"Corporate FAQ"}]},{"@type":"WebSite","@id":"https:\/\/busbarmanufacturer.com\/#website","url":"https:\/\/busbarmanufacturer.com\/","name":"Stromschienenhersteller I Kupfer-Sammelschienen nach Ma\u00df","description":"Wir entwerfen und fertigen","publisher":{"@id":"https:\/\/busbarmanufacturer.com\/#organization"},"potentialAction":[{"@type":"SearchAction","target":{"@type":"EntryPoint","urlTemplate":"https:\/\/busbarmanufacturer.com\/?s={search_term_string}"},"query-input":{"@type":"PropertyValueSpecification","valueRequired":true,"valueName":"search_term_string"}}],"inLanguage":"de"},{"@type":"Organization","@id":"https:\/\/busbarmanufacturer.com\/#organization","name":"Stromschienenhersteller I Kupfer-Sammelschienen nach Ma\u00df","url":"https:\/\/busbarmanufacturer.com\/","logo":{"@type":"ImageObject","inLanguage":"de","@id":"https:\/\/busbarmanufacturer.com\/#\/schema\/logo\/image\/","url":"https:\/\/busbarmanufacturer.com\/wp-content\/uploads\/2024\/08\/copper-logo.jpg","contentUrl":"https:\/\/busbarmanufacturer.com\/wp-content\/uploads\/2024\/08\/copper-logo.jpg","width":180,"height":105,"caption":"Busbar Manufacturers I Custom Copper Busbars"},"image":{"@id":"https:\/\/busbarmanufacturer.com\/#\/schema\/logo\/image\/"}}]}},"_links":{"self":[{"href":"https:\/\/busbarmanufacturer.com\/de\/wp-json\/wp\/v2\/pages\/4106","targetHints":{"allow":["GET"]}}],"collection":[{"href":"https:\/\/busbarmanufacturer.com\/de\/wp-json\/wp\/v2\/pages"}],"about":[{"href":"https:\/\/busbarmanufacturer.com\/de\/wp-json\/wp\/v2\/types\/page"}],"author":[{"embeddable":true,"href":"https:\/\/busbarmanufacturer.com\/de\/wp-json\/wp\/v2\/users\/1"}],"replies":[{"embeddable":true,"href":"https:\/\/busbarmanufacturer.com\/de\/wp-json\/wp\/v2\/comments?post=4106"}],"version-history":[{"count":8,"href":"https:\/\/busbarmanufacturer.com\/de\/wp-json\/wp\/v2\/pages\/4106\/revisions"}],"predecessor-version":[{"id":6939,"href":"https:\/\/busbarmanufacturer.com\/de\/wp-json\/wp\/v2\/pages\/4106\/revisions\/6939"}],"wp:featuredmedia":[{"embeddable":true,"href":"https:\/\/busbarmanufacturer.com\/de\/wp-json\/wp\/v2\/media\/4108"}],"wp:attachment":[{"href":"https:\/\/busbarmanufacturer.com\/de\/wp-json\/wp\/v2\/media?parent=4106"}],"curies":[{"name":"wp","href":"https:\/\/api.w.org\/{rel}","templated":true}]}}