{"id":5615,"date":"2024-05-31T09:50:57","date_gmt":"2024-05-31T09:50:57","guid":{"rendered":"https:\/\/busbarmanufacturer.com\/product\/retro-glass-jug-330-ml\/"},"modified":"2024-05-31T09:50:57","modified_gmt":"2024-05-31T09:50:57","slug":"retro-glass-jug-330-ml","status":"publish","type":"product","link":"https:\/\/busbarmanufacturer.com\/eo\/product\/retro-glass-jug-330-ml\/","title":{"rendered":"Retro Vitra Kru\u0109o (330 ml)"},"content":{"rendered":"<p>Dika vitro kaj klasika silueto faras \u0109i tiun kru\u0109on necesan por ajna retro-inspira kuirejo.<\/p>","protected":false},"excerpt":{"rendered":"<p>Dika vitro kaj klasika silueto faras \u0109i tiun kru\u0109on necesan por ajna retro-inspira kuirejo.<\/p>","protected":false},"featured_media":0,"comment_status":"open","ping_status":"closed","template":"","meta":{"content-type":"","_monsterinsights_skip_tracking":false,"_monsterinsights_sitenote_active":false,"_monsterinsights_sitenote_note":"","_monsterinsights_sitenote_category":0,"cybocfi_hide_featured_image":""},"product_brand":[],"product_cat":[54],"product_tag":[],"class_list":{"0":"post-5615","1":"product","2":"type-product","3":"status-publish","5":"product_cat-uncategorized","7":"first","8":"instock","9":"shipping-taxable","10":"purchasable","11":"product-type-simple"},"yoast_head":"<!-- This site is optimized with the Yoast SEO plugin v27.2 - https:\/\/yoast.com\/product\/yoast-seo-wordpress\/ -->\n<title>Retro Glass Jug (330 ml) - Busbar Manufacturers I Custom Copper Busbars<\/title>\n<meta name=\"description\" content=\"Thick glass and a classic silhouette make this jug a must-have for any retro-inspired kitchen.\" \/>\n<meta name=\"robots\" content=\"index, follow, max-snippet:-1, max-image-preview:large, max-video-preview:-1\" \/>\n<link rel=\"canonical\" href=\"https:\/\/busbarmanufacturer.com\/eo\/varo\/retro-glass-jug-330-ml\/\" \/>\n<meta property=\"og:locale\" content=\"eo_EO\" \/>\n<meta property=\"og:type\" content=\"article\" \/>\n<meta property=\"og:title\" content=\"Retro Glass Jug (330 ml) - Busbar Manufacturers I Custom Copper Busbars\" \/>\n<meta property=\"og:description\" content=\"Thick glass and a classic silhouette make this jug a must-have for any retro-inspired kitchen.\" \/>\n<meta property=\"og:url\" content=\"https:\/\/busbarmanufacturer.com\/eo\/varo\/retro-glass-jug-330-ml\/\" \/>\n<meta property=\"og:site_name\" content=\"Busbar Manufacturers I Custom Copper Busbars\" \/>\n<meta name=\"twitter:card\" content=\"summary_large_image\" \/>\n<script type=\"application\/ld+json\" class=\"yoast-schema-graph\">{\"@context\":\"https:\/\/schema.org\",\"@graph\":[{\"@type\":\"WebPage\",\"@id\":\"https:\/\/busbarmanufacturer.com\/product\/retro-glass-jug-330-ml\/\",\"url\":\"https:\/\/busbarmanufacturer.com\/product\/retro-glass-jug-330-ml\/\",\"name\":\"Retro Glass Jug (330 ml) - Busbar Manufacturers I Custom Copper Busbars\",\"isPartOf\":{\"@id\":\"https:\/\/busbarmanufacturer.com\/#website\"},\"datePublished\":\"2024-05-31T09:50:57+00:00\",\"description\":\"Thick glass and a classic silhouette make this jug a must-have for any retro-inspired kitchen.\",\"breadcrumb\":{\"@id\":\"https:\/\/busbarmanufacturer.com\/product\/retro-glass-jug-330-ml\/#breadcrumb\"},\"inLanguage\":\"eo\",\"potentialAction\":[{\"@type\":\"ReadAction\",\"target\":[\"https:\/\/busbarmanufacturer.com\/product\/retro-glass-jug-330-ml\/\"]}]},{\"@type\":\"BreadcrumbList\",\"@id\":\"https:\/\/busbarmanufacturer.com\/product\/retro-glass-jug-330-ml\/#breadcrumb\",\"itemListElement\":[{\"@type\":\"ListItem\",\"position\":1,\"name\":\"Home\",\"item\":\"https:\/\/busbarmanufacturer.com\/\"},{\"@type\":\"ListItem\",\"position\":2,\"name\":\"Products\",\"item\":\"https:\/\/busbarmanufacturer.com\/shop\/\"},{\"@type\":\"ListItem\",\"position\":3,\"name\":\"Retro Glass Jug (330 ml)\"}]},{\"@type\":\"WebSite\",\"@id\":\"https:\/\/busbarmanufacturer.com\/#website\",\"url\":\"https:\/\/busbarmanufacturer.com\/\",\"name\":\"Busbar Manufacturers I Custom Copper Busbars\",\"description\":\"We Design &amp; Manufacturing\",\"publisher\":{\"@id\":\"https:\/\/busbarmanufacturer.com\/#organization\"},\"potentialAction\":[{\"@type\":\"SearchAction\",\"target\":{\"@type\":\"EntryPoint\",\"urlTemplate\":\"https:\/\/busbarmanufacturer.com\/?s={search_term_string}\"},\"query-input\":{\"@type\":\"PropertyValueSpecification\",\"valueRequired\":true,\"valueName\":\"search_term_string\"}}],\"inLanguage\":\"eo\"},{\"@type\":\"Organization\",\"@id\":\"https:\/\/busbarmanufacturer.com\/#organization\",\"name\":\"Busbar Manufacturers I Custom Copper Busbars\",\"url\":\"https:\/\/busbarmanufacturer.com\/\",\"logo\":{\"@type\":\"ImageObject\",\"inLanguage\":\"eo\",\"@id\":\"https:\/\/busbarmanufacturer.com\/#\/schema\/logo\/image\/\",\"url\":\"https:\/\/busbarmanufacturer.com\/wp-content\/uploads\/2024\/08\/copper-logo.jpg\",\"contentUrl\":\"https:\/\/busbarmanufacturer.com\/wp-content\/uploads\/2024\/08\/copper-logo.jpg\",\"width\":180,\"height\":105,\"caption\":\"Busbar Manufacturers I Custom Copper Busbars\"},\"image\":{\"@id\":\"https:\/\/busbarmanufacturer.com\/#\/schema\/logo\/image\/\"}}]}<\/script>\n<!-- \/ Yoast SEO plugin. -->","yoast_head_json":{"title":"Retro Vitra Kru\u0109o (330 ml) - Busbar Manufacturers I Propraj Kupro Busbars","description":"Dika vitro kaj klasika silueto faras \u0109i tiun kru\u0109on necesan por ajna retro-inspira kuirejo.","robots":{"index":"index","follow":"follow","max-snippet":"max-snippet:-1","max-image-preview":"max-image-preview:large","max-video-preview":"max-video-preview:-1"},"canonical":"https:\/\/busbarmanufacturer.com\/eo\/varo\/retro-glass-jug-330-ml\/","og_locale":"eo_EO","og_type":"article","og_title":"Retro Glass Jug (330 ml) - Busbar Manufacturers I Custom Copper Busbars","og_description":"Thick glass and a classic silhouette make this jug a must-have for any retro-inspired kitchen.","og_url":"https:\/\/busbarmanufacturer.com\/eo\/varo\/retro-glass-jug-330-ml\/","og_site_name":"Busbar Manufacturers I Custom Copper Busbars","twitter_card":"summary_large_image","schema":{"@context":"https:\/\/schema.org","@graph":[{"@type":"WebPage","@id":"https:\/\/busbarmanufacturer.com\/product\/retro-glass-jug-330-ml\/","url":"https:\/\/busbarmanufacturer.com\/product\/retro-glass-jug-330-ml\/","name":"Retro Vitra Kru\u0109o (330 ml) - Busbar Manufacturers I Propraj Kupro Busbars","isPartOf":{"@id":"https:\/\/busbarmanufacturer.com\/#website"},"datePublished":"2024-05-31T09:50:57+00:00","description":"Dika vitro kaj klasika silueto faras \u0109i tiun kru\u0109on necesan por ajna retro-inspira kuirejo.","breadcrumb":{"@id":"https:\/\/busbarmanufacturer.com\/product\/retro-glass-jug-330-ml\/#breadcrumb"},"inLanguage":"eo","potentialAction":[{"@type":"ReadAction","target":["https:\/\/busbarmanufacturer.com\/product\/retro-glass-jug-330-ml\/"]}]},{"@type":"BreadcrumbList","@id":"https:\/\/busbarmanufacturer.com\/product\/retro-glass-jug-330-ml\/#breadcrumb","itemListElement":[{"@type":"ListItem","position":1,"name":"Home","item":"https:\/\/busbarmanufacturer.com\/"},{"@type":"ListItem","position":2,"name":"Products","item":"https:\/\/busbarmanufacturer.com\/shop\/"},{"@type":"ListItem","position":3,"name":"Retro Glass Jug (330 ml)"}]},{"@type":"WebSite","@id":"https:\/\/busbarmanufacturer.com\/#website","url":"https:\/\/busbarmanufacturer.com\/","name":"Busbar Fabrikistoj I Propraj Kupro Busbars","description":"Ni Desegnas kaj Fabrikadon","publisher":{"@id":"https:\/\/busbarmanufacturer.com\/#organization"},"potentialAction":[{"@type":"SearchAction","target":{"@type":"EntryPoint","urlTemplate":"https:\/\/busbarmanufacturer.com\/?s={search_term_string}"},"query-input":{"@type":"PropertyValueSpecification","valueRequired":true,"valueName":"search_term_string"}}],"inLanguage":"eo"},{"@type":"Organization","@id":"https:\/\/busbarmanufacturer.com\/#organization","name":"Busbar Fabrikistoj I Propraj Kupro Busbars","url":"https:\/\/busbarmanufacturer.com\/","logo":{"@type":"ImageObject","inLanguage":"eo","@id":"https:\/\/busbarmanufacturer.com\/#\/schema\/logo\/image\/","url":"https:\/\/busbarmanufacturer.com\/wp-content\/uploads\/2024\/08\/copper-logo.jpg","contentUrl":"https:\/\/busbarmanufacturer.com\/wp-content\/uploads\/2024\/08\/copper-logo.jpg","width":180,"height":105,"caption":"Busbar Manufacturers I Custom Copper Busbars"},"image":{"@id":"https:\/\/busbarmanufacturer.com\/#\/schema\/logo\/image\/"}}]}},"_links":{"self":[{"href":"https:\/\/busbarmanufacturer.com\/eo\/wp-json\/wp\/v2\/product\/5615","targetHints":{"allow":["GET"]}}],"collection":[{"href":"https:\/\/busbarmanufacturer.com\/eo\/wp-json\/wp\/v2\/product"}],"about":[{"href":"https:\/\/busbarmanufacturer.com\/eo\/wp-json\/wp\/v2\/types\/product"}],"replies":[{"embeddable":true,"href":"https:\/\/busbarmanufacturer.com\/eo\/wp-json\/wp\/v2\/comments?post=5615"}],"wp:attachment":[{"href":"https:\/\/busbarmanufacturer.com\/eo\/wp-json\/wp\/v2\/media?parent=5615"}],"wp:term":[{"taxonomy":"product_brand","embeddable":true,"href":"https:\/\/busbarmanufacturer.com\/eo\/wp-json\/wp\/v2\/product_brand?post=5615"},{"taxonomy":"product_cat","embeddable":true,"href":"https:\/\/busbarmanufacturer.com\/eo\/wp-json\/wp\/v2\/product_cat?post=5615"},{"taxonomy":"product_tag","embeddable":true,"href":"https:\/\/busbarmanufacturer.com\/eo\/wp-json\/wp\/v2\/product_tag?post=5615"}],"curies":[{"name":"wp","href":"https:\/\/api.w.org\/{rel}","templated":true}]}}