{"id":4106,"date":"2021-11-16T16:14:47","date_gmt":"2021-11-16T16:14:47","guid":{"rendered":"https:\/\/avadawebsites.wpengine.com\/classic\/?page_id=4106"},"modified":"2025-04-23T10:00:12","modified_gmt":"2025-04-23T10:00:12","slug":"corporate-faq","status":"publish","type":"page","link":"https:\/\/busbarmanufacturer.com\/et\/corporate-faq\/","title":{"rendered":"Ettev\u00f5tte KKK"},"content":{"rendered":"<p><div class=\"fusion-fullwidth fullwidth-box fusion-builder-row-1 fusion-flex-container has-pattern-background has-mask-background fusion-parallax-none nonhundred-percent-fullwidth non-hundred-percent-height-scrolling lazyload\" style=\"--awb-border-radius-top-left:0px;--awb-border-radius-top-right:0px;--awb-border-radius-bottom-right:0px;--awb-border-radius-bottom-left:0px;--awb-padding-top:130PX;--awb-padding-bottom:130PX;--awb-background-size:cover;--awb-flex-wrap:wrap;\" data-bg=\"https:\/\/busbarmanufacturer.com\/wp-content\/uploads\/2024\/07\/copper-busbar-factory.jpg\" ><div class=\"fusion-builder-row fusion-row fusion-flex-align-items-flex-start fusion-flex-content-wrap\" style=\"max-width:1216.8px;margin-left: calc(-4% \/ 2 );margin-right: calc(-4% \/ 2 );\"><div class=\"fusion-layout-column fusion_builder_column fusion-builder-column-0 fusion_builder_column_1_1 1_1 fusion-flex-column\" style=\"--awb-bg-size:cover;--awb-width-large:100%;--awb-margin-top-large:0px;--awb-spacing-right-large:1.92%;--awb-margin-bottom-large:20px;--awb-spacing-left-large:1.92%;--awb-width-medium:100%;--awb-order-medium:0;--awb-spacing-right-medium:1.92%;--awb-spacing-left-medium:1.92%;--awb-width-small:100%;--awb-order-small:0;--awb-spacing-right-small:1.92%;--awb-spacing-left-small:1.92%;\"><div class=\"fusion-column-wrapper fusion-column-has-shadow fusion-flex-justify-content-flex-start fusion-content-layout-column\"><\/div><\/div><\/div><\/div><div class=\"fusion-fullwidth fullwidth-box fusion-builder-row-2 fusion-flex-container has-pattern-background has-mask-background nonhundred-percent-fullwidth non-hundred-percent-height-scrolling fusion-animated\" style=\"--awb-border-sizes-top:0px;--awb-border-sizes-bottom:0px;--awb-border-sizes-left:0px;--awb-border-sizes-right:0px;--awb-border-radius-top-left:0px;--awb-border-radius-top-right:0px;--awb-border-radius-bottom-right:0px;--awb-border-radius-bottom-left:0px;--awb-margin-top:70px;--awb-margin-bottom:120px;--awb-margin-bottom-medium:80px;--awb-margin-bottom-small:60px;--awb-flex-wrap:wrap;\" data-animationtype=\"fadeInUp\" data-animationduration=\"1.3\" data-animationoffset=\"top-into-view\" ><div class=\"fusion-builder-row fusion-row fusion-flex-align-items-center fusion-flex-content-wrap\" style=\"max-width:1216.8px;margin-left: calc(-4% \/ 2 );margin-right: calc(-4% \/ 2 );\"><div class=\"fusion-layout-column fusion_builder_column fusion-builder-column-1 fusion-flex-column\" style=\"--awb-bg-blend:overlay;--awb-bg-size:cover;--awb-width-large:40%;--awb-margin-top-large:0px;--awb-spacing-right-large:3.84%;--awb-margin-bottom-large:80px;--awb-spacing-left-large:4.8%;--awb-width-medium:40%;--awb-spacing-right-medium:3.84%;--awb-spacing-left-medium:4.8%;--awb-width-small:100%;--awb-spacing-right-small:1.92%;--awb-margin-bottom-small:15px;--awb-spacing-left-small:1.92%;\"><div class=\"fusion-column-wrapper fusion-flex-justify-content-flex-start fusion-content-layout-column\"><div class=\"fusion-text fusion-text-1\" style=\"--awb-font-size:var(--awb-typography2-font-size);--awb-line-height:var(--awb-typography2-line-height);--awb-letter-spacing:var(--awb-typography2-letter-spacing);--awb-text-transform:var(--awb-typography2-text-transform);--awb-text-color:var(--awb-color4);--awb-text-font-family:var(--awb-typography2-font-family);--awb-text-font-weight:var(--awb-typography2-font-weight);--awb-text-font-style:var(--awb-typography2-font-style);\"><p style=\"letter-spacing: 3px;\">TERE TULEMAST ETTEV\u00d5TETE KKK-sse<\/p>\n<\/div><div class=\"fusion-title title fusion-title-1 fusion-title-text fusion-title-size-two\" style=\"--awb-margin-bottom:0px;--awb-margin-top-small:0px;--awb-margin-bottom-small:20px;--awb-font-size:37px;\"><div class=\"title-sep-container title-sep-container-left fusion-no-large-visibility fusion-no-medium-visibility fusion-no-small-visibility\"><div class=\"title-sep sep- sep-solid\" style=\"border-color:var(--awb-color3);\"><\/div><\/div><span class=\"awb-title-spacer fusion-no-large-visibility fusion-no-medium-visibility fusion-no-small-visibility\"><\/span><h2 class=\"fusion-title-heading title-heading-left fusion-responsive-typography-calculated\" style=\"margin:0;text-transform:capitalize;font-size:1em;--fontSize:37;line-height:1.35;\"><h1>Siin on k\u00f5ige sagedamini esitatavad k\u00fcsimused.<\/h1><\/h2><span class=\"awb-title-spacer\"><\/span><div class=\"title-sep-container title-sep-container-right\"><div class=\"title-sep sep- sep-solid\" style=\"border-color:var(--awb-color3);\"><\/div><\/div><\/div><\/div><\/div><div class=\"fusion-layout-column fusion_builder_column fusion-builder-column-2 fusion-flex-column\" style=\"--awb-bg-blend:overlay;--awb-bg-size:cover;--awb-width-large:60%;--awb-margin-top-large:0px;--awb-spacing-right-large:3.2%;--awb-margin-bottom-large:80px;--awb-spacing-left-large:6.4%;--awb-width-medium:60%;--awb-spacing-right-medium:3.2%;--awb-spacing-left-medium:6.4%;--awb-width-small:100%;--awb-spacing-right-small:1.92%;--awb-spacing-left-small:1.92%;\"><div class=\"fusion-column-wrapper fusion-flex-justify-content-flex-start fusion-content-layout-column\"><div class=\"fusion-text fusion-text-2 fusion-text-no-margin\" style=\"--awb-text-color:var(--awb-color7);--awb-margin-bottom:0px;\"><p>Professionaalse vasksiini tootjana v\u00f5tame kokku 18 p\u00f5hiprobleemi, mis kliente k\u00f5ige rohkem muretsevad, et pakkuda teile terviklikke lahendusi:<\/p>\n<\/div><\/div><\/div><div class=\"fusion-layout-column fusion_builder_column fusion-builder-column-3 fusion_builder_column_1_1 1_1 fusion-flex-column\" style=\"--awb-bg-size:cover;--awb-width-large:100%;--awb-margin-top-large:0px;--awb-spacing-right-large:1.92%;--awb-margin-bottom-large:0px;--awb-spacing-left-large:1.92%;--awb-width-medium:100%;--awb-order-medium:0;--awb-spacing-right-medium:1.92%;--awb-spacing-left-medium:1.92%;--awb-width-small:100%;--awb-order-small:0;--awb-spacing-right-small:1.92%;--awb-spacing-left-small:1.92%;\"><div class=\"fusion-column-wrapper fusion-column-has-shadow fusion-flex-justify-content-flex-start fusion-content-layout-column\"><div class=\"fusion-text fusion-text-3\" style=\"--awb-text-color:#000000;\"><h2>1. Kas olete tehas v\u00f5i kaubandusettev\u00f5te?<\/h2>\n<p>ISO sertifitseeritud tootjana on meil 1000 ruutmeetri suurune moodne tehas, mis on varustatud t\u00e4ieliku t\u00f6\u00f6stusahelaga alates tooraine t\u00f6\u00f6tlemisest kuni valmistoodete kokkupanemiseni. Ise arendatud digitaalne juhtimiss\u00fcsteem tagab iga tootmisprotsessi vastavuse rahvusvahelisele standardile IEC 61439.<\/p>\n<h2>2. Kuidas on teie hallituse kujundamise ja valmistamise v\u00f5imalused?<\/h2>\n<p>Meil on oma disainiosakond, mis on v\u00f5imeline pakkuma disainiteenuseid arvukatele koost\u00f6\u00f6partneritele.<\/p>\n<p>\u2013 Varustatud CAD\/CAM disainikeskuse ja CNC t\u00f6\u00f6tlemiskeskusega.<br \/>\n\u2013 Meil on 12 patenteeritud tehnoloogiat, n\u00e4iteks kuumpressvormimine ja lasermikrograveerimine.<br \/>\n\u2013 Toetada keeruka struktuuriga vormide v\u00e4ljat\u00f6\u00f6tamist t\u00e4psusega 0,02 mm.<br \/>\n\u2013 Kiire protot\u00fc\u00fcpimine 72 tunni jooksul<\/p>\n<h2>3. Kui saate OEM-i v\u00f5i ODM-i aktsepteerida, siis milline on minimaalne tellimuse kogus?<\/h2>\n<p>Oleme professionaalne OEM-tootja, meil pole \u00fchegi toote MOQ-d.<\/p>\n<h2>4. Kuidas teie tehas teeb kvaliteedikontrolli?<\/h2>\n<p>1. Toorainete j\u00e4lgitavus: kasutatakse LME sertifitseeritud vaskkatoodi.<br \/>\n2. Protsessi j\u00e4lgimine: SPC statistiline protsessikontroll.<br \/>\n3. Valmistoote testimine: l\u00e4bis IP68 kaitsetesti.<br \/>\n4. Saadetise kontrollimine: varustatud infrapunase termopildi tuvastamisega<br \/>\n5. J\u00e4lgitavuss\u00fcsteem: 15 aasta kvaliteediandmeid saab kontrollida.<\/p>\n<h2>5. Kas teete kohandatud siinid meie kujundusjooniste v\u00f5i ideede p\u00f5hjal?<\/h2>\n<p>Pakume OEM\/ODM teenust:<br \/>\n\u2713 Paindlikkus tellimuste vastuv\u00f5tmiseks ilma minimaalse koguseta.<br \/>\n\u2713 Toetage jooniste\/n\u00e4idiste\/kontseptuaalse disaini koostamist erinevates vormides<br \/>\n\u2713 Pakkuda DFM-i valmistatavuse anal\u00fc\u00fcsi teenust.<br \/>\n\u2713 Insenerimeeskonna 1:1 t\u00e4ielik dokkimine<\/p>\n<h2>6. Kas juhite pulberv\u00e4rvimisprotsessi ettev\u00f5ttesiseselt?<\/h2>\n<p>T\u00f5epoolest, me oleme spetsiaalne lehtmetalli valmistamise tehas, mis pakub laia valikut tootmisteenuseid, mis h\u00f5lmavad laserl\u00f5ikamist, NCT-stantsimist, painutamist, keevitamist (TIG, CO2 kaarkeevitus), lihvimist, lintpoleerimist, pulberv\u00e4rvimist, v\u00e4rvikatmist ja siiditr\u00fckkimist.<\/p>\n<h2>7. Kas ma saan teie kvaliteedi proovi?<\/h2>\n<p>Meil on poes saadaval v\u00e4ikesed n\u00e4idised ja me pakume neid hea meelega tasuta. Kohandatud proovide puhul eeldage, et tarneaeg on ligikaudu 5\u20137 p\u00e4eva.<\/p>\n<h2>8. Millist teavet on vaja hinnapakkumiseks?<\/h2>\n<p>Soovitatav on pakkuda:<br \/>\n\u25fc 2D joonised (PDF\/DWG)<br \/>\n\u25fc 3D-mudel (STEP\/IGES)<br \/>\n\u25fc Tehniliste parameetrite tabel (voolukandev\u00f5ime\/isolatsiooniklass jne)<br \/>\n\u25fc Erilised keskkonnan\u00f5uded (niiskus\/soolapihustus jne)<\/p>\n<h2>9. Millised on vasest siinide kasutamise eelised?<\/h2>\n<p>\u2013 Juhtivus \u226599,9% IACS<br \/>\n\u2013 T\u00f5mbetugevus \u2265 360 MPa<br \/>\n\u2013 Korrosioonikindluse klass C5 (ISO 9223)<br \/>\n\u2013 Temperatuuri t\u00f5usu reguleerimine &lt;50K (nimivoolul)<\/p>\n<h2>10. Kuidas saame tagada kvaliteedi?<\/h2>\n<p>Tooraine tarnijate range s\u00f5elumine ja hindamine, s\u00f5elumine ja \u00fclevaatus enne ladustamist Alati tootmiseelne proov enne masstootmist; Automaatmasin + k\u00e4sitsi topeltkontroll enne toodete saatmist, et tagada toote j\u00e4rjepidevus.<\/p>\n<h2>11. Kui pikk on siinide kasutusiga<\/h2>\n<p>Siinide kasutusiga varieerub s\u00f5ltuvalt sellistest teguritest nagu materjali kvaliteet, t\u00f6\u00f6tingimused ja hooldus. \u00dcldiselt on vasest siinidel pikk kasutusiga t\u00e4nu nende suurep\u00e4rasele juhtivusele ja korrosioonikindlusele. \u00d5ige paigalduse ja hoolduse korral v\u00f5ivad vasest siinid kesta aastak\u00fcmneid, pakkudes usaldusv\u00e4\u00e4rseid elektri\u00fchendusi erinevates rakendustes. Regulaarsed \u00fclevaatused ja ennetav hooldus v\u00f5ivad aidata siinide kasutusiga veelgi pikendada.<\/p>\n<h2>12. Kas ma saan tasuta proovi?<\/h2>\n<p>\u2013 Standardtooted: Tasuta n\u00e4idised saadetakse 48 tunni jooksul<br \/>\n\u2013 Kohandatud n\u00e4idised: pakkuge 3D-printimise kiiret kinnitusteenust<br \/>\n\u2013 Toetab juhtivust, temperatuuri t\u00f5usu ja muid spetsiaalseid teste<\/p>\n<h2>13. Mis on tarneaeg?<\/h2>\n<p>VMI varude haldamise re\u017eiimi loomine:<br \/>\n\u2013 Tavalised tooted: \u00fclikiire kohaletoimetamine 72 tunni jooksul<br \/>\n\u2013 Kohandatud tooted: 15-p\u00e4evane paindlik tootmists\u00fckkel<br \/>\n\u2013 H\u00e4daolukorra korraldused: avage roheline koridor<\/p>\n<h2>14. Kas ma saan teie tehast k\u00fclastada?<\/h2>\n<p>Olete teretulnud meie tehast k\u00fclastama ja pakume tasuta autot<\/p>\n<h2>15. Millised on saatmisviisid?<\/h2>\n<p>Pakkuda globaalseid logistikateenuseid:<br \/>\n\u2713 Multimodaalse transpordilahenduse optimeerimine<br \/>\n\u2713 DDP uksest ukseni teenus<br \/>\n\u2713 Transpordikindlustuse ostmine<br \/>\n\u2713 Reaalajas kauba j\u00e4lgimiss\u00fcsteem<\/p>\n<h2>16. Milliseid teenuseid saame pakkuda?<\/h2>\n<p>Aktsepteeritud kohaletoimetamise tingimused: FOB, CIF, FAS, DDP, kiirtarne, DES;<br \/>\nAktsepteeritav maksevaluuta: USD, AUD ja CNY;<br \/>\nAktsepteeritud makset\u00fc\u00fcp: T\/T, L\/C, MoneyGram, krediitkaart, PayPal, Western Union, sularaha; K\u00f5nekeel: inglise, hiina<\/p>\n<h2>17. Mis on siinirakendus?<\/h2>\n<p>\u25b6 Uued energiaelektrijaamad (fotogalvaanika\/tuuleenergia)<br \/>\n\u25b6 Raudteetranspordi elektrivarustuss\u00fcsteem<br \/>\n\u25b6 Andmekeskuse intelligentne energiajaotus<br \/>\n\u25b6 T\u00f6\u00f6stusliku siinis\u00fcsteemi uuendamine<\/p>\n<h2>18.Kuidas valida oma rakenduse jaoks \u00f5ige vasest siini?<\/h2>\n<p>Vasest siini valimisel v\u00f5tke arvesse selliseid tegureid nagu voolutugevus, pingen\u00f5uded, keskkonnatingimused, mehaaniline tugevus ja ruumipiirangud. \u00d5ige valiku tagamiseks on oluline konsulteerida asjatundliku tarnijaga.<\/p>\n<h2>19. Kuidas ma saan tehnilist tuge?<\/h2>\n<p>Pakume:<br \/>\n\u2013 Tasuta elektris\u00fcsteemi optimeerimise konsultatsioon<br \/>\n\u2013 Siini suuruse arvutamise tarkvara<br \/>\n\u2013 Paigaldusjuhendi videoteek<br \/>\n\u2013 Regulaarne hooldusmeeldetuletus<\/p>\n<h2>20. Kuidas saaksime koost\u00f6\u00f6d alustada?<\/h2>\n<p>1. N\u00f5udluse \u00fcle l\u00e4bir\u00e4\u00e4kimised (1 t\u00f6\u00f6p\u00e4ev)<br \/>\n2. Programmi koostamine (3\u20135 t\u00f6\u00f6p\u00e4eva)<br \/>\n3. Proovi kinnitus (5-7 t\u00f6\u00f6p\u00e4eva)<br \/>\n4. masstootmine (10\u201315 t\u00f6\u00f6p\u00e4eva)<br \/>\n5. M\u00fc\u00fcgij\u00e4rgne j\u00e4lgimine (elukestev teenindus)<\/p>\n<\/div><\/div><\/div><\/div><\/div><\/p>","protected":false},"excerpt":{"rendered":"","protected":false},"author":1,"featured_media":4108,"parent":0,"menu_order":0,"comment_status":"closed","ping_status":"closed","template":"100-width.php","meta":{"content-type":"","_monsterinsights_skip_tracking":false,"_monsterinsights_sitenote_active":false,"_monsterinsights_sitenote_note":"","_monsterinsights_sitenote_category":0,"cybocfi_hide_featured_image":"","footnotes":""},"class_list":["post-4106","page","type-page","status-publish","has-post-thumbnail","hentry"],"yoast_head":"<!-- This site is optimized with the Yoast SEO plugin v27.2 - https:\/\/yoast.com\/product\/yoast-seo-wordpress\/ -->\n<title>Corporate FAQ<\/title>\n<meta name=\"description\" content=\"Corporate FAQ - We Focus Researching,Developing and manufacturing. - Busbar Manufacturers I Custom Copper Busbars\" \/>\n<meta name=\"robots\" content=\"index, follow, max-snippet:-1, max-image-preview:large, max-video-preview:-1\" \/>\n<link rel=\"canonical\" href=\"https:\/\/busbarmanufacturer.com\/et\/corporate-faq\/\" \/>\n<meta property=\"og:locale\" content=\"et_EE\" \/>\n<meta property=\"og:type\" content=\"article\" \/>\n<meta property=\"og:title\" content=\"Corporate FAQ\" \/>\n<meta property=\"og:description\" content=\"Corporate FAQ - We Focus Researching,Developing and manufacturing. - Busbar Manufacturers I Custom Copper Busbars\" \/>\n<meta property=\"og:url\" content=\"https:\/\/busbarmanufacturer.com\/et\/corporate-faq\/\" \/>\n<meta property=\"og:site_name\" content=\"Busbar Manufacturers I Custom Copper Busbars\" \/>\n<meta property=\"article:modified_time\" content=\"2025-04-23T10:00:12+00:00\" \/>\n<meta property=\"og:image\" content=\"https:\/\/busbarmanufacturer.com\/wp-content\/uploads\/2021\/11\/banner-01.jpg\" \/>\n\t<meta property=\"og:image:width\" content=\"1393\" \/>\n\t<meta property=\"og:image:height\" content=\"430\" \/>\n\t<meta property=\"og:image:type\" content=\"image\/jpeg\" \/>\n<meta name=\"twitter:card\" content=\"summary_large_image\" \/>\n<meta name=\"twitter:label1\" content=\"Est. reading time\" \/>\n\t<meta name=\"twitter:data1\" content=\"4 minutit\" \/>\n<script type=\"application\/ld+json\" class=\"yoast-schema-graph\">{\"@context\":\"https:\/\/schema.org\",\"@graph\":[{\"@type\":\"WebPage\",\"@id\":\"https:\/\/busbarmanufacturer.com\/corporate-faq\/\",\"url\":\"https:\/\/busbarmanufacturer.com\/corporate-faq\/\",\"name\":\"Corporate FAQ\",\"isPartOf\":{\"@id\":\"https:\/\/busbarmanufacturer.com\/#website\"},\"primaryImageOfPage\":{\"@id\":\"https:\/\/busbarmanufacturer.com\/corporate-faq\/#primaryimage\"},\"image\":{\"@id\":\"https:\/\/busbarmanufacturer.com\/corporate-faq\/#primaryimage\"},\"thumbnailUrl\":\"https:\/\/busbarmanufacturer.com\/wp-content\/uploads\/2021\/11\/banner-01.jpg\",\"datePublished\":\"2021-11-16T16:14:47+00:00\",\"dateModified\":\"2025-04-23T10:00:12+00:00\",\"description\":\"Corporate FAQ - We Focus Researching,Developing and manufacturing. - Busbar Manufacturers I Custom Copper Busbars\",\"breadcrumb\":{\"@id\":\"https:\/\/busbarmanufacturer.com\/corporate-faq\/#breadcrumb\"},\"inLanguage\":\"et\",\"potentialAction\":[{\"@type\":\"ReadAction\",\"target\":[\"https:\/\/busbarmanufacturer.com\/corporate-faq\/\"]}]},{\"@type\":\"ImageObject\",\"inLanguage\":\"et\",\"@id\":\"https:\/\/busbarmanufacturer.com\/corporate-faq\/#primaryimage\",\"url\":\"https:\/\/busbarmanufacturer.com\/wp-content\/uploads\/2021\/11\/banner-01.jpg\",\"contentUrl\":\"https:\/\/busbarmanufacturer.com\/wp-content\/uploads\/2021\/11\/banner-01.jpg\",\"width\":1393,\"height\":430,\"caption\":\"banner-01\"},{\"@type\":\"BreadcrumbList\",\"@id\":\"https:\/\/busbarmanufacturer.com\/corporate-faq\/#breadcrumb\",\"itemListElement\":[{\"@type\":\"ListItem\",\"position\":1,\"name\":\"Home\",\"item\":\"https:\/\/busbarmanufacturer.com\/\"},{\"@type\":\"ListItem\",\"position\":2,\"name\":\"Corporate FAQ\"}]},{\"@type\":\"WebSite\",\"@id\":\"https:\/\/busbarmanufacturer.com\/#website\",\"url\":\"https:\/\/busbarmanufacturer.com\/\",\"name\":\"Busbar Manufacturers I Custom Copper Busbars\",\"description\":\"We Design &amp; Manufacturing\",\"publisher\":{\"@id\":\"https:\/\/busbarmanufacturer.com\/#organization\"},\"potentialAction\":[{\"@type\":\"SearchAction\",\"target\":{\"@type\":\"EntryPoint\",\"urlTemplate\":\"https:\/\/busbarmanufacturer.com\/?s={search_term_string}\"},\"query-input\":{\"@type\":\"PropertyValueSpecification\",\"valueRequired\":true,\"valueName\":\"search_term_string\"}}],\"inLanguage\":\"et\"},{\"@type\":\"Organization\",\"@id\":\"https:\/\/busbarmanufacturer.com\/#organization\",\"name\":\"Busbar Manufacturers I Custom Copper Busbars\",\"url\":\"https:\/\/busbarmanufacturer.com\/\",\"logo\":{\"@type\":\"ImageObject\",\"inLanguage\":\"et\",\"@id\":\"https:\/\/busbarmanufacturer.com\/#\/schema\/logo\/image\/\",\"url\":\"https:\/\/busbarmanufacturer.com\/wp-content\/uploads\/2024\/08\/copper-logo.jpg\",\"contentUrl\":\"https:\/\/busbarmanufacturer.com\/wp-content\/uploads\/2024\/08\/copper-logo.jpg\",\"width\":180,\"height\":105,\"caption\":\"Busbar Manufacturers I Custom Copper Busbars\"},\"image\":{\"@id\":\"https:\/\/busbarmanufacturer.com\/#\/schema\/logo\/image\/\"}}]}<\/script>\n<!-- \/ Yoast SEO plugin. -->","yoast_head_json":{"title":"Ettev\u00f5tte KKK","description":"Ettev\u00f5tte KKK \u2013 keskendume uurimisele, arendustegevusele ja tootmisele. - Siinitootjad I kohandatud vasest siinid","robots":{"index":"index","follow":"follow","max-snippet":"max-snippet:-1","max-image-preview":"max-image-preview:large","max-video-preview":"max-video-preview:-1"},"canonical":"https:\/\/busbarmanufacturer.com\/et\/corporate-faq\/","og_locale":"et_EE","og_type":"article","og_title":"Corporate FAQ","og_description":"Corporate FAQ - We Focus Researching,Developing and manufacturing. - Busbar Manufacturers I Custom Copper Busbars","og_url":"https:\/\/busbarmanufacturer.com\/et\/corporate-faq\/","og_site_name":"Busbar Manufacturers I Custom Copper Busbars","article_modified_time":"2025-04-23T10:00:12+00:00","og_image":[{"width":1393,"height":430,"url":"https:\/\/busbarmanufacturer.com\/wp-content\/uploads\/2021\/11\/banner-01.jpg","type":"image\/jpeg"}],"twitter_card":"summary_large_image","twitter_misc":{"Est. reading time":"4 minutit"},"schema":{"@context":"https:\/\/schema.org","@graph":[{"@type":"WebPage","@id":"https:\/\/busbarmanufacturer.com\/corporate-faq\/","url":"https:\/\/busbarmanufacturer.com\/corporate-faq\/","name":"Ettev\u00f5tte KKK","isPartOf":{"@id":"https:\/\/busbarmanufacturer.com\/#website"},"primaryImageOfPage":{"@id":"https:\/\/busbarmanufacturer.com\/corporate-faq\/#primaryimage"},"image":{"@id":"https:\/\/busbarmanufacturer.com\/corporate-faq\/#primaryimage"},"thumbnailUrl":"https:\/\/busbarmanufacturer.com\/wp-content\/uploads\/2021\/11\/banner-01.jpg","datePublished":"2021-11-16T16:14:47+00:00","dateModified":"2025-04-23T10:00:12+00:00","description":"Ettev\u00f5tte KKK \u2013 keskendume uurimisele, arendustegevusele ja tootmisele. - Siinitootjad I kohandatud vasest siinid","breadcrumb":{"@id":"https:\/\/busbarmanufacturer.com\/corporate-faq\/#breadcrumb"},"inLanguage":"et","potentialAction":[{"@type":"ReadAction","target":["https:\/\/busbarmanufacturer.com\/corporate-faq\/"]}]},{"@type":"ImageObject","inLanguage":"et","@id":"https:\/\/busbarmanufacturer.com\/corporate-faq\/#primaryimage","url":"https:\/\/busbarmanufacturer.com\/wp-content\/uploads\/2021\/11\/banner-01.jpg","contentUrl":"https:\/\/busbarmanufacturer.com\/wp-content\/uploads\/2021\/11\/banner-01.jpg","width":1393,"height":430,"caption":"banner-01"},{"@type":"BreadcrumbList","@id":"https:\/\/busbarmanufacturer.com\/corporate-faq\/#breadcrumb","itemListElement":[{"@type":"ListItem","position":1,"name":"Home","item":"https:\/\/busbarmanufacturer.com\/"},{"@type":"ListItem","position":2,"name":"Corporate FAQ"}]},{"@type":"WebSite","@id":"https:\/\/busbarmanufacturer.com\/#website","url":"https:\/\/busbarmanufacturer.com\/","name":"Siinitootjad I kohandatud vasest siinid","description":"Me projekteerime ja valmistame","publisher":{"@id":"https:\/\/busbarmanufacturer.com\/#organization"},"potentialAction":[{"@type":"SearchAction","target":{"@type":"EntryPoint","urlTemplate":"https:\/\/busbarmanufacturer.com\/?s={search_term_string}"},"query-input":{"@type":"PropertyValueSpecification","valueRequired":true,"valueName":"search_term_string"}}],"inLanguage":"et"},{"@type":"Organization","@id":"https:\/\/busbarmanufacturer.com\/#organization","name":"Siinitootjad I kohandatud vasest siinid","url":"https:\/\/busbarmanufacturer.com\/","logo":{"@type":"ImageObject","inLanguage":"et","@id":"https:\/\/busbarmanufacturer.com\/#\/schema\/logo\/image\/","url":"https:\/\/busbarmanufacturer.com\/wp-content\/uploads\/2024\/08\/copper-logo.jpg","contentUrl":"https:\/\/busbarmanufacturer.com\/wp-content\/uploads\/2024\/08\/copper-logo.jpg","width":180,"height":105,"caption":"Busbar Manufacturers I Custom Copper Busbars"},"image":{"@id":"https:\/\/busbarmanufacturer.com\/#\/schema\/logo\/image\/"}}]}},"_links":{"self":[{"href":"https:\/\/busbarmanufacturer.com\/et\/wp-json\/wp\/v2\/pages\/4106","targetHints":{"allow":["GET"]}}],"collection":[{"href":"https:\/\/busbarmanufacturer.com\/et\/wp-json\/wp\/v2\/pages"}],"about":[{"href":"https:\/\/busbarmanufacturer.com\/et\/wp-json\/wp\/v2\/types\/page"}],"author":[{"embeddable":true,"href":"https:\/\/busbarmanufacturer.com\/et\/wp-json\/wp\/v2\/users\/1"}],"replies":[{"embeddable":true,"href":"https:\/\/busbarmanufacturer.com\/et\/wp-json\/wp\/v2\/comments?post=4106"}],"version-history":[{"count":8,"href":"https:\/\/busbarmanufacturer.com\/et\/wp-json\/wp\/v2\/pages\/4106\/revisions"}],"predecessor-version":[{"id":6939,"href":"https:\/\/busbarmanufacturer.com\/et\/wp-json\/wp\/v2\/pages\/4106\/revisions\/6939"}],"wp:featuredmedia":[{"embeddable":true,"href":"https:\/\/busbarmanufacturer.com\/et\/wp-json\/wp\/v2\/media\/4108"}],"wp:attachment":[{"href":"https:\/\/busbarmanufacturer.com\/et\/wp-json\/wp\/v2\/media?parent=4106"}],"curies":[{"name":"wp","href":"https:\/\/api.w.org\/{rel}","templated":true}]}}