{"id":4106,"date":"2021-11-16T16:14:47","date_gmt":"2021-11-16T16:14:47","guid":{"rendered":"https:\/\/avadawebsites.wpengine.com\/classic\/?page_id=4106"},"modified":"2025-04-23T10:00:12","modified_gmt":"2025-04-23T10:00:12","slug":"corporate-faq","status":"publish","type":"page","link":"https:\/\/busbarmanufacturer.com\/fr\/corporate-faq\/","title":{"rendered":"FAQ de l&#039;entreprise"},"content":{"rendered":"<p><div class=\"fusion-fullwidth fullwidth-box fusion-builder-row-1 fusion-flex-container has-pattern-background has-mask-background fusion-parallax-none nonhundred-percent-fullwidth non-hundred-percent-height-scrolling lazyload\" style=\"--awb-border-radius-top-left:0px;--awb-border-radius-top-right:0px;--awb-border-radius-bottom-right:0px;--awb-border-radius-bottom-left:0px;--awb-padding-top:130PX;--awb-padding-bottom:130PX;--awb-background-size:cover;--awb-flex-wrap:wrap;\" data-bg=\"https:\/\/busbarmanufacturer.com\/wp-content\/uploads\/2024\/07\/copper-busbar-factory.jpg\" ><div class=\"fusion-builder-row fusion-row fusion-flex-align-items-flex-start fusion-flex-content-wrap\" style=\"max-width:1216.8px;margin-left: calc(-4% \/ 2 );margin-right: calc(-4% \/ 2 );\"><div class=\"fusion-layout-column fusion_builder_column fusion-builder-column-0 fusion_builder_column_1_1 1_1 fusion-flex-column\" style=\"--awb-bg-size:cover;--awb-width-large:100%;--awb-margin-top-large:0px;--awb-spacing-right-large:1.92%;--awb-margin-bottom-large:20px;--awb-spacing-left-large:1.92%;--awb-width-medium:100%;--awb-order-medium:0;--awb-spacing-right-medium:1.92%;--awb-spacing-left-medium:1.92%;--awb-width-small:100%;--awb-order-small:0;--awb-spacing-right-small:1.92%;--awb-spacing-left-small:1.92%;\"><div class=\"fusion-column-wrapper fusion-column-has-shadow fusion-flex-justify-content-flex-start fusion-content-layout-column\"><\/div><\/div><\/div><\/div><div class=\"fusion-fullwidth fullwidth-box fusion-builder-row-2 fusion-flex-container has-pattern-background has-mask-background nonhundred-percent-fullwidth non-hundred-percent-height-scrolling fusion-animated\" style=\"--awb-border-sizes-top:0px;--awb-border-sizes-bottom:0px;--awb-border-sizes-left:0px;--awb-border-sizes-right:0px;--awb-border-radius-top-left:0px;--awb-border-radius-top-right:0px;--awb-border-radius-bottom-right:0px;--awb-border-radius-bottom-left:0px;--awb-margin-top:70px;--awb-margin-bottom:120px;--awb-margin-bottom-medium:80px;--awb-margin-bottom-small:60px;--awb-flex-wrap:wrap;\" data-animationtype=\"fadeInUp\" data-animationduration=\"1.3\" data-animationoffset=\"top-into-view\" ><div class=\"fusion-builder-row fusion-row fusion-flex-align-items-center fusion-flex-content-wrap\" style=\"max-width:1216.8px;margin-left: calc(-4% \/ 2 );margin-right: calc(-4% \/ 2 );\"><div class=\"fusion-layout-column fusion_builder_column fusion-builder-column-1 fusion-flex-column\" style=\"--awb-bg-blend:overlay;--awb-bg-size:cover;--awb-width-large:40%;--awb-margin-top-large:0px;--awb-spacing-right-large:3.84%;--awb-margin-bottom-large:80px;--awb-spacing-left-large:4.8%;--awb-width-medium:40%;--awb-spacing-right-medium:3.84%;--awb-spacing-left-medium:4.8%;--awb-width-small:100%;--awb-spacing-right-small:1.92%;--awb-margin-bottom-small:15px;--awb-spacing-left-small:1.92%;\"><div class=\"fusion-column-wrapper fusion-flex-justify-content-flex-start fusion-content-layout-column\"><div class=\"fusion-text fusion-text-1\" style=\"--awb-font-size:var(--awb-typography2-font-size);--awb-line-height:var(--awb-typography2-line-height);--awb-letter-spacing:var(--awb-typography2-letter-spacing);--awb-text-transform:var(--awb-typography2-text-transform);--awb-text-color:var(--awb-color4);--awb-text-font-family:var(--awb-typography2-font-family);--awb-text-font-weight:var(--awb-typography2-font-weight);--awb-text-font-style:var(--awb-typography2-font-style);\"><p style=\"letter-spacing: 3px;\">BIENVENUE DANS LA FAQ DE L&#039;ENTREPRISE<\/p>\n<\/div><div class=\"fusion-title title fusion-title-1 fusion-title-text fusion-title-size-two\" style=\"--awb-margin-bottom:0px;--awb-margin-top-small:0px;--awb-margin-bottom-small:20px;--awb-font-size:37px;\"><div class=\"title-sep-container title-sep-container-left fusion-no-large-visibility fusion-no-medium-visibility fusion-no-small-visibility\"><div class=\"title-sep sep- sep-solid\" style=\"border-color:var(--awb-color3);\"><\/div><\/div><span class=\"awb-title-spacer fusion-no-large-visibility fusion-no-medium-visibility fusion-no-small-visibility\"><\/span><h2 class=\"fusion-title-heading title-heading-left fusion-responsive-typography-calculated\" style=\"margin:0;text-transform:capitalize;font-size:1em;--fontSize:37;line-height:1.35;\"><h1>Voici les questions les plus fr\u00e9quemment pos\u00e9es.<\/h1><\/h2><span class=\"awb-title-spacer\"><\/span><div class=\"title-sep-container title-sep-container-right\"><div class=\"title-sep sep- sep-solid\" style=\"border-color:var(--awb-color3);\"><\/div><\/div><\/div><\/div><\/div><div class=\"fusion-layout-column fusion_builder_column fusion-builder-column-2 fusion-flex-column\" style=\"--awb-bg-blend:overlay;--awb-bg-size:cover;--awb-width-large:60%;--awb-margin-top-large:0px;--awb-spacing-right-large:3.2%;--awb-margin-bottom-large:80px;--awb-spacing-left-large:6.4%;--awb-width-medium:60%;--awb-spacing-right-medium:3.2%;--awb-spacing-left-medium:6.4%;--awb-width-small:100%;--awb-spacing-right-small:1.92%;--awb-spacing-left-small:1.92%;\"><div class=\"fusion-column-wrapper fusion-flex-justify-content-flex-start fusion-content-layout-column\"><div class=\"fusion-text fusion-text-2 fusion-text-no-margin\" style=\"--awb-text-color:var(--awb-color7);--awb-margin-bottom:0px;\"><p>En tant que fabricant professionnel de barres omnibus en cuivre, nous r\u00e9sumons les 18 probl\u00e8mes fondamentaux qui pr\u00e9occupent le plus les clients, pour vous fournir des solutions compl\u00e8tes :<\/p>\n<\/div><\/div><\/div><div class=\"fusion-layout-column fusion_builder_column fusion-builder-column-3 fusion_builder_column_1_1 1_1 fusion-flex-column\" style=\"--awb-bg-size:cover;--awb-width-large:100%;--awb-margin-top-large:0px;--awb-spacing-right-large:1.92%;--awb-margin-bottom-large:0px;--awb-spacing-left-large:1.92%;--awb-width-medium:100%;--awb-order-medium:0;--awb-spacing-right-medium:1.92%;--awb-spacing-left-medium:1.92%;--awb-width-small:100%;--awb-order-small:0;--awb-spacing-right-small:1.92%;--awb-spacing-left-small:1.92%;\"><div class=\"fusion-column-wrapper fusion-column-has-shadow fusion-flex-justify-content-flex-start fusion-content-layout-column\"><div class=\"fusion-text fusion-text-3\" style=\"--awb-text-color:#000000;\"><h2>1. \u00cates-vous une usine ou une soci\u00e9t\u00e9 commerciale ?<\/h2>\n<p>Fabricant certifi\u00e9 ISO, nous disposons d&#039;une usine moderne de 1\u00a0000 m\u00b2, \u00e9quip\u00e9e d&#039;une cha\u00eene industrielle compl\u00e8te, de la transformation des mati\u00e8res premi\u00e8res \u00e0 l&#039;assemblage du produit fini. Notre syst\u00e8me de gestion num\u00e9rique d\u00e9velopp\u00e9 en interne garantit la conformit\u00e9 de chaque processus de production \u00e0 la norme internationale IEC 61439.<\/p>\n<h2>2. Quelles sont vos capacit\u00e9s de conception et de fabrication de moules ?<\/h2>\n<p>Nous disposons d&#039;un d\u00e9partement de conception interne capable de fournir des services de conception \u00e0 de nombreux partenaires coop\u00e9ratifs.<\/p>\n<p>\u2013 Equip\u00e9 d\u2019un centre de conception CAO\/FAO et d\u2019un centre d\u2019usinage CNC.<br \/>\n\u2013 Nous disposons de 12 technologies brevet\u00e9es telles que le moulage par presse \u00e0 chaud et la micro-gravure laser.<br \/>\n\u2013 Soutenir le d\u00e9veloppement de moules \u00e0 structure complexe avec une pr\u00e9cision de 0,02 mm.<br \/>\n\u2013 Prototypage rapide en 72 heures<\/p>\n<h2>3. Si vous pouvez accepter OEM ou ODM, quelle est la quantit\u00e9 minimum de commande ?<\/h2>\n<p>Nous sommes un fabricant OEM professionnel, nous n&#039;avons pas de MOQ pour aucun produit.<\/p>\n<h2>4. Comment votre usine se comporte-t-elle en mati\u00e8re de contr\u00f4le qualit\u00e9 ?<\/h2>\n<p>1. Tra\u00e7abilit\u00e9 des mati\u00e8res premi\u00e8res : une cathode en cuivre certifi\u00e9e LME est utilis\u00e9e.<br \/>\n2. Surveillance du processus : contr\u00f4le statistique du processus SPC.<br \/>\n3. Test du produit fini : Test de protection IP68 r\u00e9ussi.<br \/>\n4. V\u00e9rification de l&#039;exp\u00e9dition : \u00e9quip\u00e9 d&#039;une d\u00e9tection par imagerie thermique infrarouge<br \/>\n5. Syst\u00e8me de tra\u00e7abilit\u00e9 : 15 ans de dossiers de qualit\u00e9 peuvent \u00eatre v\u00e9rifi\u00e9s.<\/p>\n<h2>5. Fabriquez-vous des jeux de barres personnalis\u00e9s \u00e0 partir de nos dessins de conception ou de nos id\u00e9es ?<\/h2>\n<p>Nous fournissons un service OEM\/ODM :<br \/>\n\u2713 Flexibilit\u00e9 pour prendre des commandes avec z\u00e9ro MOQ.<br \/>\n\u2713 Soutenir le dessin\/l&#039;\u00e9chantillon\/la conception conceptuelle sous diverses formes<br \/>\n\u2713 Fournir un service d\u2019analyse de fabricabilit\u00e9 DFM.<br \/>\n\u2713 \u00c9quipe d&#039;ing\u00e9nierie 1 \u00e0 1 amarrage complet<\/p>\n<h2>6. G\u00e9rez-vous le processus de rev\u00eatement en poudre en interne ?<\/h2>\n<p>En effet, nous sommes une usine de fabrication de t\u00f4les d\u00e9di\u00e9e offrant une gamme compl\u00e8te de services de fabrication, englobant la d\u00e9coupe laser, le poin\u00e7onnage NCT, le pliage, le soudage (TIG, soudage \u00e0 l&#039;arc CO2), le meulage, le polissage des bandes, le rev\u00eatement en poudre, le rev\u00eatement de peinture et la s\u00e9rigraphie.<\/p>\n<h2>7. Puis-je obtenir un \u00e9chantillon de votre qualit\u00e9 ?<\/h2>\n<p>Nous avons des petits \u00e9chantillons disponibles en magasin et nous serons heureux de les fournir gratuitement. Pour les \u00e9chantillons personnalis\u00e9s, veuillez pr\u00e9voir un d\u00e9lai de livraison d&#039;environ 5 \u00e0 7 jours.<\/p>\n<h2>8. Quelles informations sont n\u00e9cessaires pour un devis ?<\/h2>\n<p>Il est recommand\u00e9 de fournir :<br \/>\n\u25fc Dessins 2D (PDF\/DWG)<br \/>\n\u25fc Mod\u00e8le 3D (STEP\/IGES)<br \/>\n\u25fc Tableau des param\u00e8tres techniques (capacit\u00e9 de transport de courant\/classe d&#039;isolation, etc.)<br \/>\n\u25fc Exigences environnementales particuli\u00e8res (humidit\u00e9\/brouillard salin, etc.)<\/p>\n<h2>9. Quels sont les avantages de l\u2019utilisation de jeux de barres en cuivre ?<\/h2>\n<p>\u2013 Conductivit\u00e9 \u226599,9% IACS<br \/>\n\u2013 R\u00e9sistance \u00e0 la traction \u2265 360 MPa<br \/>\n\u2013 Classe de r\u00e9sistance \u00e0 la corrosion C5 (ISO 9223)<br \/>\n\u2013 Contr\u00f4le de l&#039;\u00e9l\u00e9vation de temp\u00e9rature &lt; 50 K (au courant nominal)<\/p>\n<h2>10. Comment pouvons-nous garantir la qualit\u00e9 ?<\/h2>\n<p>S\u00e9lection et \u00e9valuation strictes des fournisseurs de mati\u00e8res premi\u00e8res, s\u00e9lection et inspection avant le stockage Toujours un \u00e9chantillon de pr\u00e9-production avant la production en s\u00e9rie ; Machine automatique + double inspection manuelle avant l&#039;exp\u00e9dition des produits, pour assurer la coh\u00e9rence du produit.<\/p>\n<h2>11. Quelle est la dur\u00e9e de vie des jeux de barres ?<\/h2>\n<p>La dur\u00e9e de vie des jeux de barres varie en fonction de facteurs tels que la qualit\u00e9 du mat\u00e9riau, les conditions de fonctionnement et la maintenance. En g\u00e9n\u00e9ral, les jeux de barres en cuivre ont une longue dur\u00e9e de vie en raison de leur excellente conductivit\u00e9 et de leur r\u00e9sistance \u00e0 la corrosion. Avec une installation et un entretien appropri\u00e9s, les jeux de barres en cuivre peuvent durer des d\u00e9cennies, offrant des connexions \u00e9lectriques fiables dans diverses applications. Des inspections r\u00e9guli\u00e8res et une maintenance pr\u00e9ventive peuvent contribuer \u00e0 prolonger encore davantage la dur\u00e9e de vie des jeux de barres.<\/p>\n<h2>12. Puis-je obtenir un \u00e9chantillon gratuit ?<\/h2>\n<p>\u2013 Produits standards : \u00c9chantillons gratuits envoy\u00e9s sous 48 heures<br \/>\n\u2013 \u00c9chantillons personnalis\u00e9s : Fournir un service de v\u00e9rification rapide de l\u2019impression 3D<br \/>\n\u2013 Prise en charge de la conductivit\u00e9, de l\u2019\u00e9l\u00e9vation de temp\u00e9rature et d\u2019autres tests sp\u00e9cialis\u00e9s<\/p>\n<h2>13. Quel est le d\u00e9lai de livraison ?<\/h2>\n<p>\u00c9tablir le mode de gestion des stocks VMI :<br \/>\n\u2013 Produits r\u00e9guliers : 72 heures de livraison extr\u00eamement rapide<br \/>\n\u2013 Produits personnalis\u00e9s : cycle de production flexible de 15 jours<br \/>\n\u2013 Ordonnances d\u2019urgence : Ouverture du canal vert<\/p>\n<h2>14. Puis-je visiter votre usine ?<\/h2>\n<p>Vous \u00eates invit\u00e9s \u00e0 visiter notre usine et nous offrons un service de voiture gratuit.<\/p>\n<h2>15.Quelles sont les m\u00e9thodes d&#039;exp\u00e9dition ?<\/h2>\n<p>Fournir des services logistiques mondialis\u00e9s :<br \/>\n\u2713 Optimisation des solutions de transport multimodal<br \/>\n\u2713 Service porte-\u00e0-porte DDP<br \/>\n\u2713 Souscrire une assurance transport<br \/>\n\u2713 Syst\u00e8me de suivi du fret en temps r\u00e9el<\/p>\n<h2>16. Quels services pouvons-nous fournir ?<\/h2>\n<p>Conditions de livraison accept\u00e9es : FOB, CIF, FAS, DDP, livraison express, DES ;<br \/>\nDevises de paiement accept\u00e9es\u00a0: USD, AUD et CNY\u00a0;<br \/>\nType de paiement accept\u00e9 : T\/T, L\/C, MoneyGram, carte de cr\u00e9dit, PayPal, Western Union, esp\u00e8ces ; Langues parl\u00e9es : anglais, chinois<\/p>\n<h2>17.Quelle est l&#039;application du jeu de barres ?<\/h2>\n<p>\u25b6 Nouvelles centrales \u00e9lectriques (photovolta\u00efque\/\u00e9olien)<br \/>\n\u25b6 Syst\u00e8me d&#039;alimentation \u00e9lectrique du transport ferroviaire<br \/>\n\u25b6 Distribution \u00e9lectrique intelligente du centre de donn\u00e9es<br \/>\n\u25b6 Mise \u00e0 niveau du syst\u00e8me de jeux de barres industriels<\/p>\n<h2>18. Comment s\u00e9lectionner le jeu de barres en cuivre adapt\u00e9 \u00e0 mon application ?<\/h2>\n<p>Lors de la s\u00e9lection d&#039;un jeu de barres en cuivre, tenez compte de facteurs tels que la capacit\u00e9 de transport de courant, les exigences de tension, les conditions environnementales, la r\u00e9sistance m\u00e9canique et les limitations d&#039;espace. Il est essentiel de consulter un fournisseur comp\u00e9tent pour garantir le bon choix.<\/p>\n<h2>19. Comment puis-je obtenir une assistance technique ?<\/h2>\n<p>Nous offrons :<br \/>\n\u2013 Conseil gratuit en optimisation de syst\u00e8me \u00e9lectrique<br \/>\n\u2013 Logiciel de calcul de dimensionnement de jeux de barres<br \/>\n\u2013 Vid\u00e9oth\u00e8que d\u2019instructions d\u2019installation<br \/>\n\u2013 Service de rappel d\u2019entretien r\u00e9gulier<\/p>\n<h2>20. Comment pouvons-nous d\u00e9marrer une coop\u00e9ration ?<\/h2>\n<p>1. N\u00e9gociation de la demande (1 jour ouvrable)<br \/>\n2. Conception du programme (3 \u00e0 5 jours ouvrables)<br \/>\n3. Confirmation de l&#039;\u00e9chantillon (5 \u00e0 7 jours ouvrables)<br \/>\n4. production de masse (10-15 jours ouvrables)<br \/>\n5. Suivi apr\u00e8s-vente (service \u00e0 vie)<\/p>\n<\/div><\/div><\/div><\/div><\/div><\/p>","protected":false},"excerpt":{"rendered":"","protected":false},"author":1,"featured_media":4108,"parent":0,"menu_order":0,"comment_status":"closed","ping_status":"closed","template":"100-width.php","meta":{"content-type":"","_monsterinsights_skip_tracking":false,"_monsterinsights_sitenote_active":false,"_monsterinsights_sitenote_note":"","_monsterinsights_sitenote_category":0,"cybocfi_hide_featured_image":"","footnotes":""},"class_list":["post-4106","page","type-page","status-publish","has-post-thumbnail","hentry"],"yoast_head":"<!-- This site is optimized with the Yoast SEO plugin v27.2 - https:\/\/yoast.com\/product\/yoast-seo-wordpress\/ -->\n<title>Corporate FAQ<\/title>\n<meta name=\"description\" content=\"Corporate FAQ - We Focus Researching,Developing and manufacturing. - Busbar Manufacturers I Custom Copper Busbars\" \/>\n<meta name=\"robots\" content=\"index, follow, max-snippet:-1, max-image-preview:large, max-video-preview:-1\" \/>\n<link rel=\"canonical\" href=\"https:\/\/busbarmanufacturer.com\/fr\/corporate-faq\/\" \/>\n<meta property=\"og:locale\" content=\"fr_FR\" \/>\n<meta property=\"og:type\" content=\"article\" \/>\n<meta property=\"og:title\" content=\"Corporate FAQ\" \/>\n<meta property=\"og:description\" content=\"Corporate FAQ - We Focus Researching,Developing and manufacturing. - Busbar Manufacturers I Custom Copper Busbars\" \/>\n<meta property=\"og:url\" content=\"https:\/\/busbarmanufacturer.com\/fr\/corporate-faq\/\" \/>\n<meta property=\"og:site_name\" content=\"Busbar Manufacturers I Custom Copper Busbars\" \/>\n<meta property=\"article:modified_time\" content=\"2025-04-23T10:00:12+00:00\" \/>\n<meta property=\"og:image\" content=\"https:\/\/busbarmanufacturer.com\/wp-content\/uploads\/2021\/11\/banner-01.jpg\" \/>\n\t<meta property=\"og:image:width\" content=\"1393\" \/>\n\t<meta property=\"og:image:height\" content=\"430\" \/>\n\t<meta property=\"og:image:type\" content=\"image\/jpeg\" \/>\n<meta name=\"twitter:card\" content=\"summary_large_image\" \/>\n<meta name=\"twitter:label1\" content=\"Dur\u00e9e de lecture estim\u00e9e\" \/>\n\t<meta name=\"twitter:data1\" content=\"4 minutes\" \/>\n<script type=\"application\/ld+json\" class=\"yoast-schema-graph\">{\"@context\":\"https:\/\/schema.org\",\"@graph\":[{\"@type\":\"WebPage\",\"@id\":\"https:\/\/busbarmanufacturer.com\/corporate-faq\/\",\"url\":\"https:\/\/busbarmanufacturer.com\/corporate-faq\/\",\"name\":\"Corporate FAQ\",\"isPartOf\":{\"@id\":\"https:\/\/busbarmanufacturer.com\/#website\"},\"primaryImageOfPage\":{\"@id\":\"https:\/\/busbarmanufacturer.com\/corporate-faq\/#primaryimage\"},\"image\":{\"@id\":\"https:\/\/busbarmanufacturer.com\/corporate-faq\/#primaryimage\"},\"thumbnailUrl\":\"https:\/\/busbarmanufacturer.com\/wp-content\/uploads\/2021\/11\/banner-01.jpg\",\"datePublished\":\"2021-11-16T16:14:47+00:00\",\"dateModified\":\"2025-04-23T10:00:12+00:00\",\"description\":\"Corporate FAQ - We Focus Researching,Developing and manufacturing. - Busbar Manufacturers I Custom Copper Busbars\",\"breadcrumb\":{\"@id\":\"https:\/\/busbarmanufacturer.com\/corporate-faq\/#breadcrumb\"},\"inLanguage\":\"fr-FR\",\"potentialAction\":[{\"@type\":\"ReadAction\",\"target\":[\"https:\/\/busbarmanufacturer.com\/corporate-faq\/\"]}]},{\"@type\":\"ImageObject\",\"inLanguage\":\"fr-FR\",\"@id\":\"https:\/\/busbarmanufacturer.com\/corporate-faq\/#primaryimage\",\"url\":\"https:\/\/busbarmanufacturer.com\/wp-content\/uploads\/2021\/11\/banner-01.jpg\",\"contentUrl\":\"https:\/\/busbarmanufacturer.com\/wp-content\/uploads\/2021\/11\/banner-01.jpg\",\"width\":1393,\"height\":430,\"caption\":\"banner-01\"},{\"@type\":\"BreadcrumbList\",\"@id\":\"https:\/\/busbarmanufacturer.com\/corporate-faq\/#breadcrumb\",\"itemListElement\":[{\"@type\":\"ListItem\",\"position\":1,\"name\":\"Home\",\"item\":\"https:\/\/busbarmanufacturer.com\/\"},{\"@type\":\"ListItem\",\"position\":2,\"name\":\"Corporate FAQ\"}]},{\"@type\":\"WebSite\",\"@id\":\"https:\/\/busbarmanufacturer.com\/#website\",\"url\":\"https:\/\/busbarmanufacturer.com\/\",\"name\":\"Busbar Manufacturers I Custom Copper Busbars\",\"description\":\"We Design &amp; Manufacturing\",\"publisher\":{\"@id\":\"https:\/\/busbarmanufacturer.com\/#organization\"},\"potentialAction\":[{\"@type\":\"SearchAction\",\"target\":{\"@type\":\"EntryPoint\",\"urlTemplate\":\"https:\/\/busbarmanufacturer.com\/?s={search_term_string}\"},\"query-input\":{\"@type\":\"PropertyValueSpecification\",\"valueRequired\":true,\"valueName\":\"search_term_string\"}}],\"inLanguage\":\"fr-FR\"},{\"@type\":\"Organization\",\"@id\":\"https:\/\/busbarmanufacturer.com\/#organization\",\"name\":\"Busbar Manufacturers I Custom Copper Busbars\",\"url\":\"https:\/\/busbarmanufacturer.com\/\",\"logo\":{\"@type\":\"ImageObject\",\"inLanguage\":\"fr-FR\",\"@id\":\"https:\/\/busbarmanufacturer.com\/#\/schema\/logo\/image\/\",\"url\":\"https:\/\/busbarmanufacturer.com\/wp-content\/uploads\/2024\/08\/copper-logo.jpg\",\"contentUrl\":\"https:\/\/busbarmanufacturer.com\/wp-content\/uploads\/2024\/08\/copper-logo.jpg\",\"width\":180,\"height\":105,\"caption\":\"Busbar Manufacturers I Custom Copper Busbars\"},\"image\":{\"@id\":\"https:\/\/busbarmanufacturer.com\/#\/schema\/logo\/image\/\"}}]}<\/script>\n<!-- \/ Yoast SEO plugin. -->","yoast_head_json":{"title":"FAQ de l&#039;entreprise","description":"FAQ de l&#039;entreprise - Nous nous concentrons sur la recherche, le d\u00e9veloppement et la fabrication. - Fabricants de jeux de barres I Jeux de barres en cuivre personnalis\u00e9s","robots":{"index":"index","follow":"follow","max-snippet":"max-snippet:-1","max-image-preview":"max-image-preview:large","max-video-preview":"max-video-preview:-1"},"canonical":"https:\/\/busbarmanufacturer.com\/fr\/corporate-faq\/","og_locale":"fr_FR","og_type":"article","og_title":"Corporate FAQ","og_description":"Corporate FAQ - We Focus Researching,Developing and manufacturing. - Busbar Manufacturers I Custom Copper Busbars","og_url":"https:\/\/busbarmanufacturer.com\/fr\/corporate-faq\/","og_site_name":"Busbar Manufacturers I Custom Copper Busbars","article_modified_time":"2025-04-23T10:00:12+00:00","og_image":[{"width":1393,"height":430,"url":"https:\/\/busbarmanufacturer.com\/wp-content\/uploads\/2021\/11\/banner-01.jpg","type":"image\/jpeg"}],"twitter_card":"summary_large_image","twitter_misc":{"Dur\u00e9e de lecture estim\u00e9e":"4 minutes"},"schema":{"@context":"https:\/\/schema.org","@graph":[{"@type":"WebPage","@id":"https:\/\/busbarmanufacturer.com\/corporate-faq\/","url":"https:\/\/busbarmanufacturer.com\/corporate-faq\/","name":"FAQ de l&#039;entreprise","isPartOf":{"@id":"https:\/\/busbarmanufacturer.com\/#website"},"primaryImageOfPage":{"@id":"https:\/\/busbarmanufacturer.com\/corporate-faq\/#primaryimage"},"image":{"@id":"https:\/\/busbarmanufacturer.com\/corporate-faq\/#primaryimage"},"thumbnailUrl":"https:\/\/busbarmanufacturer.com\/wp-content\/uploads\/2021\/11\/banner-01.jpg","datePublished":"2021-11-16T16:14:47+00:00","dateModified":"2025-04-23T10:00:12+00:00","description":"FAQ de l&#039;entreprise - Nous nous concentrons sur la recherche, le d\u00e9veloppement et la fabrication. - Fabricants de jeux de barres I Jeux de barres en cuivre personnalis\u00e9s","breadcrumb":{"@id":"https:\/\/busbarmanufacturer.com\/corporate-faq\/#breadcrumb"},"inLanguage":"fr-FR","potentialAction":[{"@type":"ReadAction","target":["https:\/\/busbarmanufacturer.com\/corporate-faq\/"]}]},{"@type":"ImageObject","inLanguage":"fr-FR","@id":"https:\/\/busbarmanufacturer.com\/corporate-faq\/#primaryimage","url":"https:\/\/busbarmanufacturer.com\/wp-content\/uploads\/2021\/11\/banner-01.jpg","contentUrl":"https:\/\/busbarmanufacturer.com\/wp-content\/uploads\/2021\/11\/banner-01.jpg","width":1393,"height":430,"caption":"banner-01"},{"@type":"BreadcrumbList","@id":"https:\/\/busbarmanufacturer.com\/corporate-faq\/#breadcrumb","itemListElement":[{"@type":"ListItem","position":1,"name":"Home","item":"https:\/\/busbarmanufacturer.com\/"},{"@type":"ListItem","position":2,"name":"Corporate FAQ"}]},{"@type":"WebSite","@id":"https:\/\/busbarmanufacturer.com\/#website","url":"https:\/\/busbarmanufacturer.com\/","name":"Fabricants de jeux de barres I Jeux de barres en cuivre sur mesure","description":"Nous concevons et fabriquons","publisher":{"@id":"https:\/\/busbarmanufacturer.com\/#organization"},"potentialAction":[{"@type":"SearchAction","target":{"@type":"EntryPoint","urlTemplate":"https:\/\/busbarmanufacturer.com\/?s={search_term_string}"},"query-input":{"@type":"PropertyValueSpecification","valueRequired":true,"valueName":"search_term_string"}}],"inLanguage":"fr-FR"},{"@type":"Organization","@id":"https:\/\/busbarmanufacturer.com\/#organization","name":"Fabricants de jeux de barres I Jeux de barres en cuivre sur mesure","url":"https:\/\/busbarmanufacturer.com\/","logo":{"@type":"ImageObject","inLanguage":"fr-FR","@id":"https:\/\/busbarmanufacturer.com\/#\/schema\/logo\/image\/","url":"https:\/\/busbarmanufacturer.com\/wp-content\/uploads\/2024\/08\/copper-logo.jpg","contentUrl":"https:\/\/busbarmanufacturer.com\/wp-content\/uploads\/2024\/08\/copper-logo.jpg","width":180,"height":105,"caption":"Busbar Manufacturers I Custom Copper Busbars"},"image":{"@id":"https:\/\/busbarmanufacturer.com\/#\/schema\/logo\/image\/"}}]}},"_links":{"self":[{"href":"https:\/\/busbarmanufacturer.com\/fr\/wp-json\/wp\/v2\/pages\/4106","targetHints":{"allow":["GET"]}}],"collection":[{"href":"https:\/\/busbarmanufacturer.com\/fr\/wp-json\/wp\/v2\/pages"}],"about":[{"href":"https:\/\/busbarmanufacturer.com\/fr\/wp-json\/wp\/v2\/types\/page"}],"author":[{"embeddable":true,"href":"https:\/\/busbarmanufacturer.com\/fr\/wp-json\/wp\/v2\/users\/1"}],"replies":[{"embeddable":true,"href":"https:\/\/busbarmanufacturer.com\/fr\/wp-json\/wp\/v2\/comments?post=4106"}],"version-history":[{"count":8,"href":"https:\/\/busbarmanufacturer.com\/fr\/wp-json\/wp\/v2\/pages\/4106\/revisions"}],"predecessor-version":[{"id":6939,"href":"https:\/\/busbarmanufacturer.com\/fr\/wp-json\/wp\/v2\/pages\/4106\/revisions\/6939"}],"wp:featuredmedia":[{"embeddable":true,"href":"https:\/\/busbarmanufacturer.com\/fr\/wp-json\/wp\/v2\/media\/4108"}],"wp:attachment":[{"href":"https:\/\/busbarmanufacturer.com\/fr\/wp-json\/wp\/v2\/media?parent=4106"}],"curies":[{"name":"wp","href":"https:\/\/api.w.org\/{rel}","templated":true}]}}