{"id":2,"date":"2024-03-02T04:16:20","date_gmt":"2024-03-02T04:16:20","guid":{"rendered":"http:\/\/busbarmanufacturer.com\/?page_id=2"},"modified":"2024-08-27T07:49:16","modified_gmt":"2024-08-27T07:49:16","slug":"sample-page","status":"publish","type":"page","link":"https:\/\/busbarmanufacturer.com\/it\/sample-page\/","title":{"rendered":"Pagina di esempio"},"content":{"rendered":"<div class=\"fusion-fullwidth fullwidth-box fusion-builder-row-1 fusion-flex-container nonhundred-percent-fullwidth non-hundred-percent-height-scrolling\" style=\"--awb-border-radius-top-left:0px;--awb-border-radius-top-right:0px;--awb-border-radius-bottom-right:0px;--awb-border-radius-bottom-left:0px;--awb-flex-wrap:wrap;\" ><div class=\"fusion-builder-row fusion-row fusion-flex-align-items-flex-start fusion-flex-content-wrap\" style=\"max-width:1216.8px;margin-left: calc(-4% \/ 2 );margin-right: calc(-4% \/ 2 );\"><div class=\"fusion-layout-column fusion_builder_column fusion-builder-column-0 fusion_builder_column_1_1 1_1 fusion-flex-column\" style=\"--awb-bg-size:cover;--awb-width-large:100%;--awb-margin-top-large:0px;--awb-spacing-right-large:1.92%;--awb-margin-bottom-large:0px;--awb-spacing-left-large:1.92%;--awb-width-medium:100%;--awb-spacing-right-medium:1.92%;--awb-spacing-left-medium:1.92%;--awb-width-small:100%;--awb-spacing-right-small:1.92%;--awb-spacing-left-small:1.92%;\"><div class=\"fusion-column-wrapper fusion-flex-justify-content-flex-start fusion-content-layout-column\"><div class=\"fusion-text fusion-text-1\"><p>Questa \u00e8 una pagina di esempio. \u00c8 diversa da un post di blog perch\u00e9 rimarr\u00e0 in un posto e apparir\u00e0 nella navigazione del tuo sito (nella maggior parte dei temi). La maggior parte delle persone inizia con una pagina Informazioni che li presenta ai potenziali visitatori del sito. Potrebbe dire qualcosa del genere:<\/p>\n<blockquote class=\"wp-block-quote is-layout-flow wp-block-quote-is-layout-flow\">\n<p>Ciao! Di giorno faccio il fattorino in bicicletta, di notte sono un aspirante attore e questo \u00e8 il mio sito web. Vivo a Los Angeles, ho un cane fantastico di nome Jack e mi piace la pi\u00f1a colada. (E farmi sorprendere dalla pioggia.)<\/p>\n<\/blockquote>\n<p>\u2026o qualcosa del genere:<\/p>\n<blockquote class=\"wp-block-quote is-layout-flow wp-block-quote-is-layout-flow\">\n<p>La XYZ Doohickey Company \u00e8 stata fondata nel 1971 e da allora fornisce doohickey di qualit\u00e0 al pubblico. Situata a Gotham City, XYZ impiega oltre 2.000 persone e realizza ogni genere di cose fantastiche per la comunit\u00e0 di Gotham.<\/p>\n<\/blockquote>\n<p>Come nuovo utente WordPress, dovresti andare alla tua dashboard per eliminare questa pagina e creare nuove pagine per i tuoi contenuti. Divertiti!<\/p>\n<\/div><\/div><\/div><\/div><\/div>","protected":false},"excerpt":{"rendered":"","protected":false},"author":1,"featured_media":0,"parent":0,"menu_order":0,"comment_status":"closed","ping_status":"open","template":"","meta":{"content-type":"","_monsterinsights_skip_tracking":false,"_monsterinsights_sitenote_active":false,"_monsterinsights_sitenote_note":"","_monsterinsights_sitenote_category":0,"cybocfi_hide_featured_image":"","footnotes":""},"class_list":["post-2","page","type-page","status-publish","hentry"],"yoast_head":"<!-- This site is optimized with the Yoast SEO plugin v27.2 - https:\/\/yoast.com\/product\/yoast-seo-wordpress\/ -->\n<title>Sample Page<\/title>\n<meta name=\"robots\" content=\"index, follow, max-snippet:-1, max-image-preview:large, max-video-preview:-1\" \/>\n<link rel=\"canonical\" href=\"https:\/\/busbarmanufacturer.com\/it\/sample-page\/\" \/>\n<meta property=\"og:locale\" content=\"it_IT\" \/>\n<meta property=\"og:type\" content=\"article\" \/>\n<meta property=\"og:title\" content=\"Sample Page\" \/>\n<meta property=\"og:url\" content=\"https:\/\/busbarmanufacturer.com\/it\/sample-page\/\" \/>\n<meta property=\"og:site_name\" content=\"Busbar Manufacturers I Custom Copper Busbars\" \/>\n<meta property=\"article:modified_time\" content=\"2024-08-27T07:49:16+00:00\" \/>\n<meta name=\"twitter:card\" content=\"summary_large_image\" \/>\n<meta name=\"twitter:label1\" content=\"Tempo di lettura stimato\" \/>\n\t<meta name=\"twitter:data1\" content=\"1 minuto\" \/>\n<script type=\"application\/ld+json\" class=\"yoast-schema-graph\">{\"@context\":\"https:\/\/schema.org\",\"@graph\":[{\"@type\":\"WebPage\",\"@id\":\"https:\/\/busbarmanufacturer.com\/sample-page\/\",\"url\":\"https:\/\/busbarmanufacturer.com\/sample-page\/\",\"name\":\"Sample Page\",\"isPartOf\":{\"@id\":\"https:\/\/busbarmanufacturer.com\/#website\"},\"datePublished\":\"2024-03-02T04:16:20+00:00\",\"dateModified\":\"2024-08-27T07:49:16+00:00\",\"breadcrumb\":{\"@id\":\"https:\/\/busbarmanufacturer.com\/sample-page\/#breadcrumb\"},\"inLanguage\":\"it-IT\",\"potentialAction\":[{\"@type\":\"ReadAction\",\"target\":[\"https:\/\/busbarmanufacturer.com\/sample-page\/\"]}]},{\"@type\":\"BreadcrumbList\",\"@id\":\"https:\/\/busbarmanufacturer.com\/sample-page\/#breadcrumb\",\"itemListElement\":[{\"@type\":\"ListItem\",\"position\":1,\"name\":\"Home\",\"item\":\"https:\/\/busbarmanufacturer.com\/\"},{\"@type\":\"ListItem\",\"position\":2,\"name\":\"Sample Page\"}]},{\"@type\":\"WebSite\",\"@id\":\"https:\/\/busbarmanufacturer.com\/#website\",\"url\":\"https:\/\/busbarmanufacturer.com\/\",\"name\":\"Busbar Manufacturers I Custom Copper Busbars\",\"description\":\"We Design &amp; Manufacturing\",\"publisher\":{\"@id\":\"https:\/\/busbarmanufacturer.com\/#organization\"},\"potentialAction\":[{\"@type\":\"SearchAction\",\"target\":{\"@type\":\"EntryPoint\",\"urlTemplate\":\"https:\/\/busbarmanufacturer.com\/?s={search_term_string}\"},\"query-input\":{\"@type\":\"PropertyValueSpecification\",\"valueRequired\":true,\"valueName\":\"search_term_string\"}}],\"inLanguage\":\"it-IT\"},{\"@type\":\"Organization\",\"@id\":\"https:\/\/busbarmanufacturer.com\/#organization\",\"name\":\"Busbar Manufacturers I Custom Copper Busbars\",\"url\":\"https:\/\/busbarmanufacturer.com\/\",\"logo\":{\"@type\":\"ImageObject\",\"inLanguage\":\"it-IT\",\"@id\":\"https:\/\/busbarmanufacturer.com\/#\/schema\/logo\/image\/\",\"url\":\"https:\/\/busbarmanufacturer.com\/wp-content\/uploads\/2024\/08\/copper-logo.jpg\",\"contentUrl\":\"https:\/\/busbarmanufacturer.com\/wp-content\/uploads\/2024\/08\/copper-logo.jpg\",\"width\":180,\"height\":105,\"caption\":\"Busbar Manufacturers I Custom Copper Busbars\"},\"image\":{\"@id\":\"https:\/\/busbarmanufacturer.com\/#\/schema\/logo\/image\/\"}}]}<\/script>\n<!-- \/ Yoast SEO plugin. -->","yoast_head_json":{"title":"Pagina di esempio","robots":{"index":"index","follow":"follow","max-snippet":"max-snippet:-1","max-image-preview":"max-image-preview:large","max-video-preview":"max-video-preview:-1"},"canonical":"https:\/\/busbarmanufacturer.com\/it\/sample-page\/","og_locale":"it_IT","og_type":"article","og_title":"Sample Page","og_url":"https:\/\/busbarmanufacturer.com\/it\/sample-page\/","og_site_name":"Busbar Manufacturers I Custom Copper Busbars","article_modified_time":"2024-08-27T07:49:16+00:00","twitter_card":"summary_large_image","twitter_misc":{"Tempo di lettura stimato":"1 minuto"},"schema":{"@context":"https:\/\/schema.org","@graph":[{"@type":"WebPage","@id":"https:\/\/busbarmanufacturer.com\/sample-page\/","url":"https:\/\/busbarmanufacturer.com\/sample-page\/","name":"Pagina di esempio","isPartOf":{"@id":"https:\/\/busbarmanufacturer.com\/#website"},"datePublished":"2024-03-02T04:16:20+00:00","dateModified":"2024-08-27T07:49:16+00:00","breadcrumb":{"@id":"https:\/\/busbarmanufacturer.com\/sample-page\/#breadcrumb"},"inLanguage":"it-IT","potentialAction":[{"@type":"ReadAction","target":["https:\/\/busbarmanufacturer.com\/sample-page\/"]}]},{"@type":"BreadcrumbList","@id":"https:\/\/busbarmanufacturer.com\/sample-page\/#breadcrumb","itemListElement":[{"@type":"ListItem","position":1,"name":"Home","item":"https:\/\/busbarmanufacturer.com\/"},{"@type":"ListItem","position":2,"name":"Sample Page"}]},{"@type":"WebSite","@id":"https:\/\/busbarmanufacturer.com\/#website","url":"https:\/\/busbarmanufacturer.com\/","name":"Produttori di sbarre collettrici I Barre collettrici in rame personalizzate","description":"Progettiamo e produciamo","publisher":{"@id":"https:\/\/busbarmanufacturer.com\/#organization"},"potentialAction":[{"@type":"SearchAction","target":{"@type":"EntryPoint","urlTemplate":"https:\/\/busbarmanufacturer.com\/?s={search_term_string}"},"query-input":{"@type":"PropertyValueSpecification","valueRequired":true,"valueName":"search_term_string"}}],"inLanguage":"it-IT"},{"@type":"Organization","@id":"https:\/\/busbarmanufacturer.com\/#organization","name":"Produttori di sbarre collettrici I Barre collettrici in rame personalizzate","url":"https:\/\/busbarmanufacturer.com\/","logo":{"@type":"ImageObject","inLanguage":"it-IT","@id":"https:\/\/busbarmanufacturer.com\/#\/schema\/logo\/image\/","url":"https:\/\/busbarmanufacturer.com\/wp-content\/uploads\/2024\/08\/copper-logo.jpg","contentUrl":"https:\/\/busbarmanufacturer.com\/wp-content\/uploads\/2024\/08\/copper-logo.jpg","width":180,"height":105,"caption":"Busbar Manufacturers I Custom Copper Busbars"},"image":{"@id":"https:\/\/busbarmanufacturer.com\/#\/schema\/logo\/image\/"}}]}},"_links":{"self":[{"href":"https:\/\/busbarmanufacturer.com\/it\/wp-json\/wp\/v2\/pages\/2","targetHints":{"allow":["GET"]}}],"collection":[{"href":"https:\/\/busbarmanufacturer.com\/it\/wp-json\/wp\/v2\/pages"}],"about":[{"href":"https:\/\/busbarmanufacturer.com\/it\/wp-json\/wp\/v2\/types\/page"}],"author":[{"embeddable":true,"href":"https:\/\/busbarmanufacturer.com\/it\/wp-json\/wp\/v2\/users\/1"}],"replies":[{"embeddable":true,"href":"https:\/\/busbarmanufacturer.com\/it\/wp-json\/wp\/v2\/comments?post=2"}],"version-history":[{"count":2,"href":"https:\/\/busbarmanufacturer.com\/it\/wp-json\/wp\/v2\/pages\/2\/revisions"}],"predecessor-version":[{"id":6651,"href":"https:\/\/busbarmanufacturer.com\/it\/wp-json\/wp\/v2\/pages\/2\/revisions\/6651"}],"wp:attachment":[{"href":"https:\/\/busbarmanufacturer.com\/it\/wp-json\/wp\/v2\/media?parent=2"}],"curies":[{"name":"wp","href":"https:\/\/api.w.org\/{rel}","templated":true}]}}