{"id":4106,"date":"2021-11-16T16:14:47","date_gmt":"2021-11-16T16:14:47","guid":{"rendered":"https:\/\/avadawebsites.wpengine.com\/classic\/?page_id=4106"},"modified":"2025-04-23T10:00:12","modified_gmt":"2025-04-23T10:00:12","slug":"corporate-faq","status":"publish","type":"page","link":"https:\/\/busbarmanufacturer.com\/it\/corporate-faq\/","title":{"rendered":"FAQ aziendali"},"content":{"rendered":"<p><div class=\"fusion-fullwidth fullwidth-box fusion-builder-row-1 fusion-flex-container has-pattern-background has-mask-background fusion-parallax-none nonhundred-percent-fullwidth non-hundred-percent-height-scrolling lazyload\" style=\"--awb-border-radius-top-left:0px;--awb-border-radius-top-right:0px;--awb-border-radius-bottom-right:0px;--awb-border-radius-bottom-left:0px;--awb-padding-top:130PX;--awb-padding-bottom:130PX;--awb-background-size:cover;--awb-flex-wrap:wrap;\" data-bg=\"https:\/\/busbarmanufacturer.com\/wp-content\/uploads\/2024\/07\/copper-busbar-factory.jpg\" ><div class=\"fusion-builder-row fusion-row fusion-flex-align-items-flex-start fusion-flex-content-wrap\" style=\"max-width:1216.8px;margin-left: calc(-4% \/ 2 );margin-right: calc(-4% \/ 2 );\"><div class=\"fusion-layout-column fusion_builder_column fusion-builder-column-0 fusion_builder_column_1_1 1_1 fusion-flex-column\" style=\"--awb-bg-size:cover;--awb-width-large:100%;--awb-margin-top-large:0px;--awb-spacing-right-large:1.92%;--awb-margin-bottom-large:20px;--awb-spacing-left-large:1.92%;--awb-width-medium:100%;--awb-order-medium:0;--awb-spacing-right-medium:1.92%;--awb-spacing-left-medium:1.92%;--awb-width-small:100%;--awb-order-small:0;--awb-spacing-right-small:1.92%;--awb-spacing-left-small:1.92%;\"><div class=\"fusion-column-wrapper fusion-column-has-shadow fusion-flex-justify-content-flex-start fusion-content-layout-column\"><\/div><\/div><\/div><\/div><div class=\"fusion-fullwidth fullwidth-box fusion-builder-row-2 fusion-flex-container has-pattern-background has-mask-background nonhundred-percent-fullwidth non-hundred-percent-height-scrolling fusion-animated\" style=\"--awb-border-sizes-top:0px;--awb-border-sizes-bottom:0px;--awb-border-sizes-left:0px;--awb-border-sizes-right:0px;--awb-border-radius-top-left:0px;--awb-border-radius-top-right:0px;--awb-border-radius-bottom-right:0px;--awb-border-radius-bottom-left:0px;--awb-margin-top:70px;--awb-margin-bottom:120px;--awb-margin-bottom-medium:80px;--awb-margin-bottom-small:60px;--awb-flex-wrap:wrap;\" data-animationtype=\"fadeInUp\" data-animationduration=\"1.3\" data-animationoffset=\"top-into-view\" ><div class=\"fusion-builder-row fusion-row fusion-flex-align-items-center fusion-flex-content-wrap\" style=\"max-width:1216.8px;margin-left: calc(-4% \/ 2 );margin-right: calc(-4% \/ 2 );\"><div class=\"fusion-layout-column fusion_builder_column fusion-builder-column-1 fusion-flex-column\" style=\"--awb-bg-blend:overlay;--awb-bg-size:cover;--awb-width-large:40%;--awb-margin-top-large:0px;--awb-spacing-right-large:3.84%;--awb-margin-bottom-large:80px;--awb-spacing-left-large:4.8%;--awb-width-medium:40%;--awb-spacing-right-medium:3.84%;--awb-spacing-left-medium:4.8%;--awb-width-small:100%;--awb-spacing-right-small:1.92%;--awb-margin-bottom-small:15px;--awb-spacing-left-small:1.92%;\"><div class=\"fusion-column-wrapper fusion-flex-justify-content-flex-start fusion-content-layout-column\"><div class=\"fusion-text fusion-text-1\" style=\"--awb-font-size:var(--awb-typography2-font-size);--awb-line-height:var(--awb-typography2-line-height);--awb-letter-spacing:var(--awb-typography2-letter-spacing);--awb-text-transform:var(--awb-typography2-text-transform);--awb-text-color:var(--awb-color4);--awb-text-font-family:var(--awb-typography2-font-family);--awb-text-font-weight:var(--awb-typography2-font-weight);--awb-text-font-style:var(--awb-typography2-font-style);\"><p style=\"letter-spacing: 3px;\">BENVENUTI NELLE FAQ AZIENDALI<\/p>\n<\/div><div class=\"fusion-title title fusion-title-1 fusion-title-text fusion-title-size-two\" style=\"--awb-margin-bottom:0px;--awb-margin-top-small:0px;--awb-margin-bottom-small:20px;--awb-font-size:37px;\"><div class=\"title-sep-container title-sep-container-left fusion-no-large-visibility fusion-no-medium-visibility fusion-no-small-visibility\"><div class=\"title-sep sep- sep-solid\" style=\"border-color:var(--awb-color3);\"><\/div><\/div><span class=\"awb-title-spacer fusion-no-large-visibility fusion-no-medium-visibility fusion-no-small-visibility\"><\/span><h2 class=\"fusion-title-heading title-heading-left fusion-responsive-typography-calculated\" style=\"margin:0;text-transform:capitalize;font-size:1em;--fontSize:37;line-height:1.35;\"><h1>Ecco le domande pi\u00f9 frequenti.<\/h1><\/h2><span class=\"awb-title-spacer\"><\/span><div class=\"title-sep-container title-sep-container-right\"><div class=\"title-sep sep- sep-solid\" style=\"border-color:var(--awb-color3);\"><\/div><\/div><\/div><\/div><\/div><div class=\"fusion-layout-column fusion_builder_column fusion-builder-column-2 fusion-flex-column\" style=\"--awb-bg-blend:overlay;--awb-bg-size:cover;--awb-width-large:60%;--awb-margin-top-large:0px;--awb-spacing-right-large:3.2%;--awb-margin-bottom-large:80px;--awb-spacing-left-large:6.4%;--awb-width-medium:60%;--awb-spacing-right-medium:3.2%;--awb-spacing-left-medium:6.4%;--awb-width-small:100%;--awb-spacing-right-small:1.92%;--awb-spacing-left-small:1.92%;\"><div class=\"fusion-column-wrapper fusion-flex-justify-content-flex-start fusion-content-layout-column\"><div class=\"fusion-text fusion-text-2 fusion-text-no-margin\" style=\"--awb-text-color:var(--awb-color7);--awb-margin-bottom:0px;\"><p>In qualit\u00e0 di produttore professionale di barre collettrici in rame, riassumiamo i 18 problemi principali che pi\u00f9 preoccupano i clienti, per fornirvi soluzioni complete:<\/p>\n<\/div><\/div><\/div><div class=\"fusion-layout-column fusion_builder_column fusion-builder-column-3 fusion_builder_column_1_1 1_1 fusion-flex-column\" style=\"--awb-bg-size:cover;--awb-width-large:100%;--awb-margin-top-large:0px;--awb-spacing-right-large:1.92%;--awb-margin-bottom-large:0px;--awb-spacing-left-large:1.92%;--awb-width-medium:100%;--awb-order-medium:0;--awb-spacing-right-medium:1.92%;--awb-spacing-left-medium:1.92%;--awb-width-small:100%;--awb-order-small:0;--awb-spacing-right-small:1.92%;--awb-spacing-left-small:1.92%;\"><div class=\"fusion-column-wrapper fusion-column-has-shadow fusion-flex-justify-content-flex-start fusion-content-layout-column\"><div class=\"fusion-text fusion-text-3\" style=\"--awb-text-color:#000000;\"><h2>1. Siete una fabbrica o una societ\u00e0 commerciale?<\/h2>\n<p>In qualit\u00e0 di produttore certificato ISO, disponiamo di un moderno stabilimento produttivo che si estende su una superficie di 1000 metri quadrati, dotato di una filiera industriale completa, dalla lavorazione delle materie prime all&#039;assemblaggio del prodotto finito. Il sistema di gestione digitale sviluppato internamente garantisce che ogni processo produttivo sia conforme allo standard internazionale IEC 61439.<\/p>\n<h2>2. Quali sono le vostre capacit\u00e0 di progettazione e produzione di stampi?<\/h2>\n<p>Disponiamo di un reparto di progettazione interno in grado di fornire servizi di progettazione a numerosi partner collaborativi.<\/p>\n<p>\u2013 Dotato di centro di progettazione CAD\/CAM e centro di lavorazione CNC.<br \/>\n\u2013 Disponiamo di 12 tecnologie brevettate come lo stampaggio a caldo e la microincisione laser.<br \/>\n\u2013 Supporta lo sviluppo di stampi dalla struttura complessa con una precisione di 0,02 mm.<br \/>\n\u2013 Prototipazione rapida entro 72 ore<\/p>\n<h2>3. Se potete accettare OEM o ODM, qual \u00e8 la quantit\u00e0 minima ordinabile?<\/h2>\n<p>Siamo produttori OEM professionali, non abbiamo quantitativi minimi d&#039;ordine per nessun prodotto.<\/p>\n<h2>4. Come si comporta la vostra fabbrica per quanto riguarda il controllo di qualit\u00e0?<\/h2>\n<p>1. Tracciabilit\u00e0 delle materie prime: viene utilizzato un catodo di rame certificato LME.<br \/>\n2. Monitoraggio del processo: controllo statistico del processo SPC.<br \/>\n3. Test del prodotto finito: superato il test di protezione IP68.<br \/>\n4. Verifica della spedizione: dotata di rilevamento termico a infrarossi<br \/>\n5. Sistema di tracciabilit\u00e0: \u00e8 possibile verificare 15 anni di registrazioni di qualit\u00e0.<\/p>\n<h2>5. Realizzate barre collettrici personalizzate in base ai nostri disegni di progettazione o alle nostre idee?<\/h2>\n<p>Forniamo servizi OEM\/ODM:<br \/>\n\u2713 Flessibilit\u00e0 nell&#039;accettare ordini con MOQ pari a zero.<br \/>\n\u2713 Supportare il disegno\/campione\/progettazione concettuale in varie forme<br \/>\n\u2713 Fornire un servizio di analisi di producibilit\u00e0 DFM.<br \/>\n\u2713 Team di ingegneria 1 a 1 docking completo<\/p>\n<h2>6. Gestite internamente il processo di verniciatura a polvere?<\/h2>\n<p>Siamo infatti un&#039;azienda specializzata nella lavorazione della lamiera che offre una gamma completa di servizi di produzione, tra cui taglio laser, punzonatura NCT, piegatura, saldatura (TIG, saldatura ad arco CO2), rettifica, lucidatura a nastro, verniciatura a polvere, verniciatura e serigrafia.<\/p>\n<h2>7. Posso avere un campione della vostra qualit\u00e0?<\/h2>\n<p>Abbiamo piccoli campioni disponibili in negozio e siamo lieti di fornirli gratuitamente. Per i campioni personalizzati, si prega di prevedere un tempo di consegna di circa 5-7 giorni.<\/p>\n<h2>8. Quali informazioni sono necessarie per il preventivo?<\/h2>\n<p>Si consiglia di fornire:<br \/>\n\u25fc Disegni 2D (PDF\/DWG)<br \/>\n\u25fc Modello 3D (STEP\/IGES)<br \/>\n\u25fc Tabella dei parametri tecnici (capacit\u00e0 di trasporto di corrente\/classe di isolamento, ecc.)<br \/>\n\u25fc Requisiti ambientali speciali (umidit\u00e0\/nebbia salina, ecc.)<\/p>\n<h2>9. Quali sono i vantaggi dell&#039;utilizzo di barre di rame?<\/h2>\n<p>\u2013 Conduttivit\u00e0 \u226599,9% IACS<br \/>\n\u2013 Resistenza alla trazione \u2265 360 MPa<br \/>\n\u2013 Classe di resistenza alla corrosione C5 (ISO 9223)<br \/>\n\u2013 Controllo dell&#039;aumento della temperatura &lt;50K (alla corrente nominale<\/p>\n<h2>10. Come possiamo garantire la qualit\u00e0?<\/h2>\n<p>Selezione e valutazione rigorose dei fornitori di materie prime, selezione e ispezione prima dello stoccaggio. Un campione di pre-produzione viene sempre raccolto prima della produzione in serie. Doppia ispezione automatica con macchina + manuale prima della spedizione dei prodotti, per garantire la coerenza del prodotto.<\/p>\n<h2>11. Quanto dura la vita utile delle sbarre collettrici?<\/h2>\n<p>La durata utile delle barre collettrici varia a seconda di fattori quali qualit\u00e0 del materiale, condizioni operative e manutenzione. In genere, le barre collettrici in rame hanno una lunga durata utile grazie alla loro eccellente conduttivit\u00e0 e resistenza alla corrosione. Con un&#039;installazione e una manutenzione adeguate, le barre collettrici in rame possono durare decenni, fornendo connessioni elettriche affidabili in varie applicazioni. Ispezioni regolari e manutenzione preventiva possono aiutare a prolungare ulteriormente la durata utile delle barre collettrici.<\/p>\n<h2>12. Posso ottenere un campione gratuito?<\/h2>\n<p>\u2013 Prodotti standard: campioni gratuiti spediti entro 48 ore<br \/>\n\u2013 Campioni personalizzati: forniamo un servizio di verifica rapida della stampa 3D<br \/>\n\u2013 Supporta la conduttivit\u00e0, l\u2019aumento della temperatura e altri test specializzati<\/p>\n<h2>13. Quali sono i tempi di consegna?<\/h2>\n<p>Stabilire la modalit\u00e0 di gestione dell&#039;inventario VMI:<br \/>\n\u2013 Prodotti regolari: consegna estremamente rapida in 72 ore<br \/>\n\u2013 Prodotti personalizzati: ciclo di produzione flessibile di 15 giorni<br \/>\n\u2013 Ordini di emergenza: aprire il canale verde<\/p>\n<h2>14. Posso visitare la vostra fabbrica?<\/h2>\n<p>Siete i benvenuti a visitare la nostra fabbrica e vi offriamo un servizio auto gratuito<\/p>\n<h2>15.Quali sono i metodi di spedizione?<\/h2>\n<p>Fornire servizi logistici globalizzati:<br \/>\n\u2713 Ottimizzazione delle soluzioni di trasporto multimodale<br \/>\n\u2713 Servizio porta a porta DDP<br \/>\n\u2713 Acquisto di un&#039;assicurazione per il trasporto<br \/>\n\u2713 Sistema di tracciamento del carico in tempo reale<\/p>\n<h2>16.Quali servizi possiamo fornire?<\/h2>\n<p>Termini di consegna accettati: FOB, CIF, FAS, DDP, consegna espressa, DES;<br \/>\nValuta di pagamento accettata: USD, AUD e CNY;<br \/>\nModalit\u00e0 di pagamento accettate: T\/T, L\/C, MoneyGram, Carta di credito, PayPal, Western Union, Contanti; Lingue parlate: Inglese, Cinese<\/p>\n<h2>17.Che cosa sono le applicazioni delle sbarre collettrici?<\/h2>\n<p>\u25b6 Nuove centrali elettriche (fotovoltaiche\/eoliche)<br \/>\n\u25b6 Sistema di alimentazione del trasporto ferroviario<br \/>\n\u25b6 Distribuzione intelligente dell&#039;energia nei data center<br \/>\n\u25b6 Aggiornamento del sistema di sbarre collettrici industriali<\/p>\n<h2>18.Come faccio a scegliere la barra di rame adatta alla mia applicazione?<\/h2>\n<p>Considerare fattori quali la capacit\u00e0 di trasporto di corrente, i requisiti di tensione, le condizioni ambientali, la resistenza meccanica e le limitazioni di spazio quando si seleziona una barra di distribuzione in rame. \u00c8 essenziale consultare un fornitore esperto per garantire la scelta corretta.<\/p>\n<h2>19. Come posso ottenere supporto tecnico?<\/h2>\n<p>Offriamo:<br \/>\n\u2013 Consulenza gratuita per l\u2019ottimizzazione dell\u2019impianto elettrico<br \/>\n\u2013 Software di calcolo delle dimensioni delle sbarre collettrici<br \/>\n\u2013 Videoteca di istruzioni per l\u2019installazione<br \/>\n\u2013 Servizio di promemoria per la manutenzione ordinaria<\/p>\n<h2>20. Come possiamo avviare una cooperazione?<\/h2>\n<p>1. Negoziazione della domanda (1 giorno lavorativo)<br \/>\n2. Progettazione del programma (3-5 giorni lavorativi)<br \/>\n3. Conferma del campione (5-7 giorni lavorativi)<br \/>\n4. produzione di massa (10-15 giorni lavorativi)<br \/>\n5. Monitoraggio post-vendita (assistenza a vita)<\/p>\n<\/div><\/div><\/div><\/div><\/div><\/p>","protected":false},"excerpt":{"rendered":"","protected":false},"author":1,"featured_media":4108,"parent":0,"menu_order":0,"comment_status":"closed","ping_status":"closed","template":"100-width.php","meta":{"content-type":"","_monsterinsights_skip_tracking":false,"_monsterinsights_sitenote_active":false,"_monsterinsights_sitenote_note":"","_monsterinsights_sitenote_category":0,"cybocfi_hide_featured_image":"","footnotes":""},"class_list":["post-4106","page","type-page","status-publish","has-post-thumbnail","hentry"],"yoast_head":"<!-- This site is optimized with the Yoast SEO plugin v27.2 - https:\/\/yoast.com\/product\/yoast-seo-wordpress\/ -->\n<title>Corporate FAQ<\/title>\n<meta name=\"description\" content=\"Corporate FAQ - We Focus Researching,Developing and manufacturing. - Busbar Manufacturers I Custom Copper Busbars\" \/>\n<meta name=\"robots\" content=\"index, follow, max-snippet:-1, max-image-preview:large, max-video-preview:-1\" \/>\n<link rel=\"canonical\" href=\"https:\/\/busbarmanufacturer.com\/it\/corporate-faq\/\" \/>\n<meta property=\"og:locale\" content=\"it_IT\" \/>\n<meta property=\"og:type\" content=\"article\" \/>\n<meta property=\"og:title\" content=\"Corporate FAQ\" \/>\n<meta property=\"og:description\" content=\"Corporate FAQ - We Focus Researching,Developing and manufacturing. - Busbar Manufacturers I Custom Copper Busbars\" \/>\n<meta property=\"og:url\" content=\"https:\/\/busbarmanufacturer.com\/it\/corporate-faq\/\" \/>\n<meta property=\"og:site_name\" content=\"Busbar Manufacturers I Custom Copper Busbars\" \/>\n<meta property=\"article:modified_time\" content=\"2025-04-23T10:00:12+00:00\" \/>\n<meta property=\"og:image\" content=\"https:\/\/busbarmanufacturer.com\/wp-content\/uploads\/2021\/11\/banner-01.jpg\" \/>\n\t<meta property=\"og:image:width\" content=\"1393\" \/>\n\t<meta property=\"og:image:height\" content=\"430\" \/>\n\t<meta property=\"og:image:type\" content=\"image\/jpeg\" \/>\n<meta name=\"twitter:card\" content=\"summary_large_image\" \/>\n<meta name=\"twitter:label1\" content=\"Tempo di lettura stimato\" \/>\n\t<meta name=\"twitter:data1\" content=\"4 minuti\" \/>\n<script type=\"application\/ld+json\" class=\"yoast-schema-graph\">{\"@context\":\"https:\/\/schema.org\",\"@graph\":[{\"@type\":\"WebPage\",\"@id\":\"https:\/\/busbarmanufacturer.com\/corporate-faq\/\",\"url\":\"https:\/\/busbarmanufacturer.com\/corporate-faq\/\",\"name\":\"Corporate FAQ\",\"isPartOf\":{\"@id\":\"https:\/\/busbarmanufacturer.com\/#website\"},\"primaryImageOfPage\":{\"@id\":\"https:\/\/busbarmanufacturer.com\/corporate-faq\/#primaryimage\"},\"image\":{\"@id\":\"https:\/\/busbarmanufacturer.com\/corporate-faq\/#primaryimage\"},\"thumbnailUrl\":\"https:\/\/busbarmanufacturer.com\/wp-content\/uploads\/2021\/11\/banner-01.jpg\",\"datePublished\":\"2021-11-16T16:14:47+00:00\",\"dateModified\":\"2025-04-23T10:00:12+00:00\",\"description\":\"Corporate FAQ - We Focus Researching,Developing and manufacturing. - Busbar Manufacturers I Custom Copper Busbars\",\"breadcrumb\":{\"@id\":\"https:\/\/busbarmanufacturer.com\/corporate-faq\/#breadcrumb\"},\"inLanguage\":\"it-IT\",\"potentialAction\":[{\"@type\":\"ReadAction\",\"target\":[\"https:\/\/busbarmanufacturer.com\/corporate-faq\/\"]}]},{\"@type\":\"ImageObject\",\"inLanguage\":\"it-IT\",\"@id\":\"https:\/\/busbarmanufacturer.com\/corporate-faq\/#primaryimage\",\"url\":\"https:\/\/busbarmanufacturer.com\/wp-content\/uploads\/2021\/11\/banner-01.jpg\",\"contentUrl\":\"https:\/\/busbarmanufacturer.com\/wp-content\/uploads\/2021\/11\/banner-01.jpg\",\"width\":1393,\"height\":430,\"caption\":\"banner-01\"},{\"@type\":\"BreadcrumbList\",\"@id\":\"https:\/\/busbarmanufacturer.com\/corporate-faq\/#breadcrumb\",\"itemListElement\":[{\"@type\":\"ListItem\",\"position\":1,\"name\":\"Home\",\"item\":\"https:\/\/busbarmanufacturer.com\/\"},{\"@type\":\"ListItem\",\"position\":2,\"name\":\"Corporate FAQ\"}]},{\"@type\":\"WebSite\",\"@id\":\"https:\/\/busbarmanufacturer.com\/#website\",\"url\":\"https:\/\/busbarmanufacturer.com\/\",\"name\":\"Busbar Manufacturers I Custom Copper Busbars\",\"description\":\"We Design &amp; Manufacturing\",\"publisher\":{\"@id\":\"https:\/\/busbarmanufacturer.com\/#organization\"},\"potentialAction\":[{\"@type\":\"SearchAction\",\"target\":{\"@type\":\"EntryPoint\",\"urlTemplate\":\"https:\/\/busbarmanufacturer.com\/?s={search_term_string}\"},\"query-input\":{\"@type\":\"PropertyValueSpecification\",\"valueRequired\":true,\"valueName\":\"search_term_string\"}}],\"inLanguage\":\"it-IT\"},{\"@type\":\"Organization\",\"@id\":\"https:\/\/busbarmanufacturer.com\/#organization\",\"name\":\"Busbar Manufacturers I Custom Copper Busbars\",\"url\":\"https:\/\/busbarmanufacturer.com\/\",\"logo\":{\"@type\":\"ImageObject\",\"inLanguage\":\"it-IT\",\"@id\":\"https:\/\/busbarmanufacturer.com\/#\/schema\/logo\/image\/\",\"url\":\"https:\/\/busbarmanufacturer.com\/wp-content\/uploads\/2024\/08\/copper-logo.jpg\",\"contentUrl\":\"https:\/\/busbarmanufacturer.com\/wp-content\/uploads\/2024\/08\/copper-logo.jpg\",\"width\":180,\"height\":105,\"caption\":\"Busbar Manufacturers I Custom Copper Busbars\"},\"image\":{\"@id\":\"https:\/\/busbarmanufacturer.com\/#\/schema\/logo\/image\/\"}}]}<\/script>\n<!-- \/ Yoast SEO plugin. -->","yoast_head_json":{"title":"FAQ aziendali","description":"FAQ aziendali - Ci concentriamo sulla ricerca, sviluppo e produzione. - Produttori di barre collettrici I barre collettrici in rame personalizzate","robots":{"index":"index","follow":"follow","max-snippet":"max-snippet:-1","max-image-preview":"max-image-preview:large","max-video-preview":"max-video-preview:-1"},"canonical":"https:\/\/busbarmanufacturer.com\/it\/corporate-faq\/","og_locale":"it_IT","og_type":"article","og_title":"Corporate FAQ","og_description":"Corporate FAQ - We Focus Researching,Developing and manufacturing. - Busbar Manufacturers I Custom Copper Busbars","og_url":"https:\/\/busbarmanufacturer.com\/it\/corporate-faq\/","og_site_name":"Busbar Manufacturers I Custom Copper Busbars","article_modified_time":"2025-04-23T10:00:12+00:00","og_image":[{"width":1393,"height":430,"url":"https:\/\/busbarmanufacturer.com\/wp-content\/uploads\/2021\/11\/banner-01.jpg","type":"image\/jpeg"}],"twitter_card":"summary_large_image","twitter_misc":{"Tempo di lettura stimato":"4 minuti"},"schema":{"@context":"https:\/\/schema.org","@graph":[{"@type":"WebPage","@id":"https:\/\/busbarmanufacturer.com\/corporate-faq\/","url":"https:\/\/busbarmanufacturer.com\/corporate-faq\/","name":"FAQ aziendali","isPartOf":{"@id":"https:\/\/busbarmanufacturer.com\/#website"},"primaryImageOfPage":{"@id":"https:\/\/busbarmanufacturer.com\/corporate-faq\/#primaryimage"},"image":{"@id":"https:\/\/busbarmanufacturer.com\/corporate-faq\/#primaryimage"},"thumbnailUrl":"https:\/\/busbarmanufacturer.com\/wp-content\/uploads\/2021\/11\/banner-01.jpg","datePublished":"2021-11-16T16:14:47+00:00","dateModified":"2025-04-23T10:00:12+00:00","description":"FAQ aziendali - Ci concentriamo sulla ricerca, sviluppo e produzione. - Produttori di barre collettrici I barre collettrici in rame personalizzate","breadcrumb":{"@id":"https:\/\/busbarmanufacturer.com\/corporate-faq\/#breadcrumb"},"inLanguage":"it-IT","potentialAction":[{"@type":"ReadAction","target":["https:\/\/busbarmanufacturer.com\/corporate-faq\/"]}]},{"@type":"ImageObject","inLanguage":"it-IT","@id":"https:\/\/busbarmanufacturer.com\/corporate-faq\/#primaryimage","url":"https:\/\/busbarmanufacturer.com\/wp-content\/uploads\/2021\/11\/banner-01.jpg","contentUrl":"https:\/\/busbarmanufacturer.com\/wp-content\/uploads\/2021\/11\/banner-01.jpg","width":1393,"height":430,"caption":"banner-01"},{"@type":"BreadcrumbList","@id":"https:\/\/busbarmanufacturer.com\/corporate-faq\/#breadcrumb","itemListElement":[{"@type":"ListItem","position":1,"name":"Home","item":"https:\/\/busbarmanufacturer.com\/"},{"@type":"ListItem","position":2,"name":"Corporate FAQ"}]},{"@type":"WebSite","@id":"https:\/\/busbarmanufacturer.com\/#website","url":"https:\/\/busbarmanufacturer.com\/","name":"Produttori di sbarre collettrici I Barre collettrici in rame personalizzate","description":"Progettiamo e produciamo","publisher":{"@id":"https:\/\/busbarmanufacturer.com\/#organization"},"potentialAction":[{"@type":"SearchAction","target":{"@type":"EntryPoint","urlTemplate":"https:\/\/busbarmanufacturer.com\/?s={search_term_string}"},"query-input":{"@type":"PropertyValueSpecification","valueRequired":true,"valueName":"search_term_string"}}],"inLanguage":"it-IT"},{"@type":"Organization","@id":"https:\/\/busbarmanufacturer.com\/#organization","name":"Produttori di sbarre collettrici I Barre collettrici in rame personalizzate","url":"https:\/\/busbarmanufacturer.com\/","logo":{"@type":"ImageObject","inLanguage":"it-IT","@id":"https:\/\/busbarmanufacturer.com\/#\/schema\/logo\/image\/","url":"https:\/\/busbarmanufacturer.com\/wp-content\/uploads\/2024\/08\/copper-logo.jpg","contentUrl":"https:\/\/busbarmanufacturer.com\/wp-content\/uploads\/2024\/08\/copper-logo.jpg","width":180,"height":105,"caption":"Busbar Manufacturers I Custom Copper Busbars"},"image":{"@id":"https:\/\/busbarmanufacturer.com\/#\/schema\/logo\/image\/"}}]}},"_links":{"self":[{"href":"https:\/\/busbarmanufacturer.com\/it\/wp-json\/wp\/v2\/pages\/4106","targetHints":{"allow":["GET"]}}],"collection":[{"href":"https:\/\/busbarmanufacturer.com\/it\/wp-json\/wp\/v2\/pages"}],"about":[{"href":"https:\/\/busbarmanufacturer.com\/it\/wp-json\/wp\/v2\/types\/page"}],"author":[{"embeddable":true,"href":"https:\/\/busbarmanufacturer.com\/it\/wp-json\/wp\/v2\/users\/1"}],"replies":[{"embeddable":true,"href":"https:\/\/busbarmanufacturer.com\/it\/wp-json\/wp\/v2\/comments?post=4106"}],"version-history":[{"count":8,"href":"https:\/\/busbarmanufacturer.com\/it\/wp-json\/wp\/v2\/pages\/4106\/revisions"}],"predecessor-version":[{"id":6939,"href":"https:\/\/busbarmanufacturer.com\/it\/wp-json\/wp\/v2\/pages\/4106\/revisions\/6939"}],"wp:featuredmedia":[{"embeddable":true,"href":"https:\/\/busbarmanufacturer.com\/it\/wp-json\/wp\/v2\/media\/4108"}],"wp:attachment":[{"href":"https:\/\/busbarmanufacturer.com\/it\/wp-json\/wp\/v2\/media?parent=4106"}],"curies":[{"name":"wp","href":"https:\/\/api.w.org\/{rel}","templated":true}]}}