{"id":4106,"date":"2021-11-16T16:14:47","date_gmt":"2021-11-16T16:14:47","guid":{"rendered":"https:\/\/avadawebsites.wpengine.com\/classic\/?page_id=4106"},"modified":"2025-04-23T10:00:12","modified_gmt":"2025-04-23T10:00:12","slug":"corporate-faq","status":"publish","type":"page","link":"https:\/\/busbarmanufacturer.com\/lv\/corporate-faq\/","title":{"rendered":"Korporat\u012bvie bie\u017ei uzdotie jaut\u0101jumi"},"content":{"rendered":"<p><div class=\"fusion-fullwidth fullwidth-box fusion-builder-row-1 fusion-flex-container has-pattern-background has-mask-background fusion-parallax-none nonhundred-percent-fullwidth non-hundred-percent-height-scrolling lazyload\" style=\"--awb-border-radius-top-left:0px;--awb-border-radius-top-right:0px;--awb-border-radius-bottom-right:0px;--awb-border-radius-bottom-left:0px;--awb-padding-top:130PX;--awb-padding-bottom:130PX;--awb-background-size:cover;--awb-flex-wrap:wrap;\" data-bg=\"https:\/\/busbarmanufacturer.com\/wp-content\/uploads\/2024\/07\/copper-busbar-factory.jpg\" ><div class=\"fusion-builder-row fusion-row fusion-flex-align-items-flex-start fusion-flex-content-wrap\" style=\"max-width:1216.8px;margin-left: calc(-4% \/ 2 );margin-right: calc(-4% \/ 2 );\"><div class=\"fusion-layout-column fusion_builder_column fusion-builder-column-0 fusion_builder_column_1_1 1_1 fusion-flex-column\" style=\"--awb-bg-size:cover;--awb-width-large:100%;--awb-margin-top-large:0px;--awb-spacing-right-large:1.92%;--awb-margin-bottom-large:20px;--awb-spacing-left-large:1.92%;--awb-width-medium:100%;--awb-order-medium:0;--awb-spacing-right-medium:1.92%;--awb-spacing-left-medium:1.92%;--awb-width-small:100%;--awb-order-small:0;--awb-spacing-right-small:1.92%;--awb-spacing-left-small:1.92%;\"><div class=\"fusion-column-wrapper fusion-column-has-shadow fusion-flex-justify-content-flex-start fusion-content-layout-column\"><\/div><\/div><\/div><\/div><div class=\"fusion-fullwidth fullwidth-box fusion-builder-row-2 fusion-flex-container has-pattern-background has-mask-background nonhundred-percent-fullwidth non-hundred-percent-height-scrolling fusion-animated\" style=\"--awb-border-sizes-top:0px;--awb-border-sizes-bottom:0px;--awb-border-sizes-left:0px;--awb-border-sizes-right:0px;--awb-border-radius-top-left:0px;--awb-border-radius-top-right:0px;--awb-border-radius-bottom-right:0px;--awb-border-radius-bottom-left:0px;--awb-margin-top:70px;--awb-margin-bottom:120px;--awb-margin-bottom-medium:80px;--awb-margin-bottom-small:60px;--awb-flex-wrap:wrap;\" data-animationtype=\"fadeInUp\" data-animationduration=\"1.3\" data-animationoffset=\"top-into-view\" ><div class=\"fusion-builder-row fusion-row fusion-flex-align-items-center fusion-flex-content-wrap\" style=\"max-width:1216.8px;margin-left: calc(-4% \/ 2 );margin-right: calc(-4% \/ 2 );\"><div class=\"fusion-layout-column fusion_builder_column fusion-builder-column-1 fusion-flex-column\" style=\"--awb-bg-blend:overlay;--awb-bg-size:cover;--awb-width-large:40%;--awb-margin-top-large:0px;--awb-spacing-right-large:3.84%;--awb-margin-bottom-large:80px;--awb-spacing-left-large:4.8%;--awb-width-medium:40%;--awb-spacing-right-medium:3.84%;--awb-spacing-left-medium:4.8%;--awb-width-small:100%;--awb-spacing-right-small:1.92%;--awb-margin-bottom-small:15px;--awb-spacing-left-small:1.92%;\"><div class=\"fusion-column-wrapper fusion-flex-justify-content-flex-start fusion-content-layout-column\"><div class=\"fusion-text fusion-text-1\" style=\"--awb-font-size:var(--awb-typography2-font-size);--awb-line-height:var(--awb-typography2-line-height);--awb-letter-spacing:var(--awb-typography2-letter-spacing);--awb-text-transform:var(--awb-typography2-text-transform);--awb-text-color:var(--awb-color4);--awb-text-font-family:var(--awb-typography2-font-family);--awb-text-font-weight:var(--awb-typography2-font-weight);--awb-text-font-style:var(--awb-typography2-font-style);\"><p style=\"letter-spacing: 3px;\">LAIPNI L\u016aDZAM KORPORAT\u012aV\u0100M BUJ<\/p>\n<\/div><div class=\"fusion-title title fusion-title-1 fusion-title-text fusion-title-size-two\" style=\"--awb-margin-bottom:0px;--awb-margin-top-small:0px;--awb-margin-bottom-small:20px;--awb-font-size:37px;\"><div class=\"title-sep-container title-sep-container-left fusion-no-large-visibility fusion-no-medium-visibility fusion-no-small-visibility\"><div class=\"title-sep sep- sep-solid\" style=\"border-color:var(--awb-color3);\"><\/div><\/div><span class=\"awb-title-spacer fusion-no-large-visibility fusion-no-medium-visibility fusion-no-small-visibility\"><\/span><h2 class=\"fusion-title-heading title-heading-left fusion-responsive-typography-calculated\" style=\"margin:0;text-transform:capitalize;font-size:1em;--fontSize:37;line-height:1.35;\"><h1>\u0160eit ir visbie\u017e\u0101k uzdotie jaut\u0101jumi.<\/h1><\/h2><span class=\"awb-title-spacer\"><\/span><div class=\"title-sep-container title-sep-container-right\"><div class=\"title-sep sep- sep-solid\" style=\"border-color:var(--awb-color3);\"><\/div><\/div><\/div><\/div><\/div><div class=\"fusion-layout-column fusion_builder_column fusion-builder-column-2 fusion-flex-column\" style=\"--awb-bg-blend:overlay;--awb-bg-size:cover;--awb-width-large:60%;--awb-margin-top-large:0px;--awb-spacing-right-large:3.2%;--awb-margin-bottom-large:80px;--awb-spacing-left-large:6.4%;--awb-width-medium:60%;--awb-spacing-right-medium:3.2%;--awb-spacing-left-medium:6.4%;--awb-width-small:100%;--awb-spacing-right-small:1.92%;--awb-spacing-left-small:1.92%;\"><div class=\"fusion-column-wrapper fusion-flex-justify-content-flex-start fusion-content-layout-column\"><div class=\"fusion-text fusion-text-2 fusion-text-no-margin\" style=\"--awb-text-color:var(--awb-color7);--awb-margin-bottom:0px;\"><p>K\u0101 profesion\u0101ls vara kop\u0146u ra\u017eot\u0101js m\u0113s apkopojam 18 galven\u0101s probl\u0113mas, par kur\u0101m klienti satrauc visvair\u0101k, lai sniegtu jums visaptvero\u0161us risin\u0101jumus:<\/p>\n<\/div><\/div><\/div><div class=\"fusion-layout-column fusion_builder_column fusion-builder-column-3 fusion_builder_column_1_1 1_1 fusion-flex-column\" style=\"--awb-bg-size:cover;--awb-width-large:100%;--awb-margin-top-large:0px;--awb-spacing-right-large:1.92%;--awb-margin-bottom-large:0px;--awb-spacing-left-large:1.92%;--awb-width-medium:100%;--awb-order-medium:0;--awb-spacing-right-medium:1.92%;--awb-spacing-left-medium:1.92%;--awb-width-small:100%;--awb-order-small:0;--awb-spacing-right-small:1.92%;--awb-spacing-left-small:1.92%;\"><div class=\"fusion-column-wrapper fusion-column-has-shadow fusion-flex-justify-content-flex-start fusion-content-layout-column\"><div class=\"fusion-text fusion-text-3\" style=\"--awb-text-color:#000000;\"><h2>1. Vai j\u016bs esat r\u016bpn\u012bca vai tirdzniec\u012bbas uz\u0146\u0113mums?<\/h2>\n<p>K\u0101 ISO sertific\u0113ts ra\u017eot\u0101js mums ir moderna r\u016bpn\u012bca 1000 kvadr\u0101tmetru plat\u012bb\u0101, kas apr\u012bkota ar pilnu r\u016bpniecisko \u0137\u0113di no izejvielu apstr\u0101des l\u012bdz gatav\u0101s produkcijas mont\u0101\u017eai. Pa\u0161u izstr\u0101d\u0101t\u0101 digit\u0101l\u0101 vad\u012bbas sist\u0113ma nodro\u0161ina, ka katrs ra\u017eo\u0161anas process atbilst starptautiskajam standartam IEC 61439.<\/p>\n<h2>2. K\u0101 ir j\u016bsu veid\u0146u projekt\u0113\u0161anas un ra\u017eo\u0161anas iesp\u0113jas?<\/h2>\n<p>Mums ir iek\u0161\u0113ja dizaina noda\u013ca, kas sp\u0113j sniegt dizaina pakalpojumus daudziem sadarb\u012bbas partneriem.<\/p>\n<p>\u2013 Apr\u012bkots ar CAD\/CAM projekt\u0113\u0161anas centru un CNC apstr\u0101des centru.<br \/>\n\u2013 Mums ir 12 patent\u0113tas tehnolo\u0123ijas, piem\u0113ram, karst\u0101s preses form\u0113\u0161ana un l\u0101zera mikrograv\u0113\u0161ana.<br \/>\n- Atbalst\u012bt sare\u017e\u0123\u012btas strukt\u016bras veid\u0146u izstr\u0101di ar 0,02 mm precizit\u0101ti.<br \/>\n- \u0100tra prototipu izstr\u0101de 72 stundu laik\u0101<\/p>\n<h2>3. Ja varat pie\u0146emt OEM vai ODM, k\u0101ds ir minim\u0101lais pas\u016bt\u012bjuma daudzums?<\/h2>\n<p>M\u0113s esam profesion\u0101ls OEM ra\u017eot\u0101js, mums nav MOQ nevienam produktam.<\/p>\n<h2>4. K\u0101 j\u016bsu r\u016bpn\u012bca veic kvalit\u0101tes kontroli?<\/h2>\n<p>1. Izejvielu izsekojam\u012bba: tiek izmantots LME sertific\u0113ts vara katods.<br \/>\n2. Procesu uzraudz\u012bba: SPC statistisk\u0101 procesa kontrole.<br \/>\n3. Gatav\u0101 produkta p\u0101rbaude: iztur\u0113ts IP68 aizsardz\u012bbas tests.<br \/>\n4. S\u016bt\u012bjuma p\u0101rbaude: apr\u012bkots ar infrasarkano termisk\u0101s att\u0113lveido\u0161anas noteik\u0161anu<br \/>\n5. Izsekojam\u012bbas sist\u0113ma: var p\u0101rbaud\u012bt 15 gadu kvalit\u0101tes ierakstus.<\/p>\n<h2>5. Vai j\u016bs izgatavojat piel\u0101gotas kopnes, pamatojoties uz m\u016bsu dizaina ras\u0113jumiem vai idej\u0101m?<\/h2>\n<p>M\u0113s pied\u0101v\u0101jam OEM \/ ODM pakalpojumu:<br \/>\n\u2713 Elast\u012bba pie\u0146emt pas\u016bt\u012bjumus ar nulles MOQ.<br \/>\n\u2713 Atbalst\u012bt ras\u0113jumu\/paraugu\/konceptu\u0101lo dizainu da\u017e\u0101d\u0101s form\u0101s<br \/>\n\u2713 Nodro\u0161in\u0101t DFM ra\u017eojam\u012bbas anal\u012bzes pakalpojumu.<br \/>\n\u2713 In\u017eenieru komanda 1 l\u012bdz 1 pilna dokstacija<\/p>\n<h2>6. Vai j\u016bs p\u0101rvald\u0101t pulverkr\u0101so\u0161anas procesu uz\u0146\u0113mum\u0101?<\/h2>\n<p>Patie\u0161\u0101m, m\u0113s esam \u012bpa\u0161a lok\u0161\u0146u met\u0101la ra\u017eo\u0161anas iek\u0101rta, kas pied\u0101v\u0101 pla\u0161u ra\u017eo\u0161anas pakalpojumu kl\u0101stu, kas ietver l\u0101zergrie\u0161anu, NCT \u0161tanc\u0113\u0161anu, liek\u0161anu, metin\u0101\u0161anu (TIG, CO2 loka metin\u0101\u0161anu), sl\u012bp\u0113\u0161anu, lentes pul\u0113\u0161anu, pulverkr\u0101so\u0161anu, kr\u0101su p\u0101rkl\u0101\u0161anu un sietspiedi.<\/p>\n<h2>7. Vai es varu ieg\u016bt j\u016bsu kvalit\u0101tes paraugu?<\/h2>\n<p>Mums veikal\u0101 ir pieejami nelieli paraugi, un m\u0113s esam priec\u012bgi tos nodro\u0161in\u0101t bez maksas. Piel\u0101gotiem paraugiem, l\u016bdzu, sagaidiet aptuveni 5\u20137\u00a0dienas.<\/p>\n<h2>8. K\u0101da inform\u0101cija nepiecie\u0161ama pied\u0101v\u0101jumam?<\/h2>\n<p>Ieteicams nodro\u0161in\u0101t:<br \/>\n\u25fc 2D ras\u0113jumi (PDF\/DWG)<br \/>\n\u25fc 3D modelis (STEP\/IGES)<br \/>\n\u25fc Tehnisko parametru tabula (str\u0101vas nestsp\u0113ja\/izol\u0101cijas klase utt.)<br \/>\n\u25fc \u012apa\u0161as vides pras\u012bbas (mitrums\/s\u0101ls aerosols utt.)<\/p>\n<h2>9. K\u0101das ir vara kop\u0146u izmanto\u0161anas priek\u0161roc\u012bbas?<\/h2>\n<p>\u2013 Vad\u012btsp\u0113ja \u226599,9% IACS<br \/>\n\u2013 Stiepes iztur\u012bba \u2265 360MPa<br \/>\n\u2013 Korozijas iztur\u012bbas klase C5 (ISO 9223)<br \/>\n\u2013 Temperat\u016bras paaugstin\u0101\u0161anas kontrole &lt;50K (pie nomin\u0101l\u0101s str\u0101vas<\/p>\n<h2>10. K\u0101 m\u0113s varam garant\u0113t kvalit\u0101ti?<\/h2>\n<p>Stingra izejvielu pieg\u0101d\u0101t\u0101ju p\u0101rbaude un nov\u0113rt\u0113\u0161ana, p\u0101rbaude un p\u0101rbaude pirms uzglab\u0101\u0161anas Vienm\u0113r pirmsra\u017eo\u0161anas paraugs pirms masveida ra\u017eo\u0161anas; Autom\u0101tiska ma\u0161\u012bna + manu\u0101la dubult\u0101 p\u0101rbaude pirms produktu nos\u016bt\u012b\u0161anas, lai nodro\u0161in\u0101tu produkta konsekvenci.<\/p>\n<h2>11. Cik ilgs ir kop\u0146u kalpo\u0161anas laiks<\/h2>\n<p>Kop\u0146u kalpo\u0161anas laiks main\u0101s atkar\u012bb\u0101 no t\u0101diem faktoriem k\u0101 materi\u0101la kvalit\u0101te, ekspluat\u0101cijas apst\u0101k\u013ci un apkope. Parasti vara kopn\u0113m ir ilgs kalpo\u0161anas laiks, pateicoties to lieliskajai vad\u012btsp\u0113jai un iztur\u012bbai pret koroziju. Ar pareizu uzst\u0101d\u012b\u0161anu un apkopi vara kopnes var kalpot gadu desmitiem, nodro\u0161inot uzticamus elektriskos savienojumus da\u017e\u0101dos lietojumos. Regul\u0101ras p\u0101rbaudes un profilaktisk\u0101 apkope var pal\u012bdz\u0113t v\u0113l vair\u0101k pagarin\u0101t kop\u0146u kalpo\u0161anas laiku.<\/p>\n<h2>12. Vai es varu sa\u0146emt bezmaksas paraugu?<\/h2>\n<p>- Standarta produkti: bezmaksas paraugi nos\u016bt\u012bti 48 stundu laik\u0101<br \/>\n- Piel\u0101goti paraugi: nodro\u0161iniet 3D druk\u0101\u0161anas \u0101tru verifik\u0101cijas pakalpojumu<br \/>\n\u2013 Atbalst\u012bt vad\u012btsp\u0113ju, temperat\u016bras paaugstin\u0101\u0161anos un citus specializ\u0113tus testus<\/p>\n<h2>13. K\u0101ds ir pieg\u0101des laiks?<\/h2>\n<p>Izveidojiet VMI kr\u0101jumu p\u0101rvald\u012bbas re\u017e\u012bmu:<br \/>\n- Parast\u0101s preces: 72 stundas \u012bpa\u0161i \u0101tra pieg\u0101de<br \/>\n\u2013 Piel\u0101goti produkti: 15 dienu elast\u012bgs ra\u017eo\u0161anas cikls<br \/>\n\u2013 \u0100rk\u0101rtas r\u012bkojumi: atveriet za\u013co kan\u0101lu<\/p>\n<h2>14. Vai es varu apmekl\u0113t j\u016bsu r\u016bpn\u012bcu?<\/h2>\n<p>J\u016bs esat laipni aicin\u0101ti apmekl\u0113t m\u016bsu r\u016bpn\u012bcu, un m\u0113s pied\u0101v\u0101jam bezmaksas automa\u0161\u012bnu<\/p>\n<h2>15. K\u0101das ir nos\u016bt\u012b\u0161anas metodes?<\/h2>\n<p>Sniegt globaliz\u0113tus lo\u0123istikas pakalpojumus:<br \/>\n\u2713 Multimod\u0101lo transporta risin\u0101jumu optimiz\u0101cija<br \/>\n\u2713 DDP serviss no durv\u012bm l\u012bdz durv\u012bm<br \/>\n\u2713 Transporta apdro\u0161in\u0101\u0161anas ieg\u0101de<br \/>\n\u2713 Re\u0101llaika kravas izseko\u0161anas sist\u0113ma<\/p>\n<h2>16. K\u0101dus pakalpojumus m\u0113s varam sniegt?<\/h2>\n<p>Akcept\u0113tie pieg\u0101des noteikumi: FOB, CIF, FAS, DDP, \u0101tr\u0101 pieg\u0101de, DES;<br \/>\nAkcept\u0113t\u0101 maks\u0101juma val\u016bta: USD, AUD un CNY;<br \/>\nPie\u0146emtais maks\u0101juma veids: T\/T, L\/C, MoneyGram, kred\u012btkarte, PayPal, Western Union, skaidra nauda; Valoda, kur\u0101 run\u0101: ang\u013cu, \u0137\u012bnie\u0161u<\/p>\n<h2>17.Kas ir kop\u0146u pielietojums?<\/h2>\n<p>\u25b6 Jaunas ener\u0123ijas sp\u0113kstacijas (fotoelementu\/v\u0113ja ener\u0123ija)<br \/>\n\u25b6 Dzelzce\u013ca transporta elektroapg\u0101des sist\u0113ma<br \/>\n\u25b6 Datu centra vied\u0101 jaudas sadale<br \/>\n\u25b6 R\u016bpniecisk\u0101s kop\u0146u sist\u0113mas moderniz\u0101cija<\/p>\n<h2>18.K\u0101 manai lietojumprogrammai izv\u0113l\u0113ties pareizo vara kopni?<\/h2>\n<p>Izv\u0113loties vara kopni, \u0146emiet v\u0113r\u0101 t\u0101dus faktorus k\u0101 str\u0101vas p\u0101rvades jauda, sprieguma pras\u012bbas, vides apst\u0101k\u013ci, meh\u0101nisk\u0101 iztur\u012bba un vietas ierobe\u017eojumi. Ir svar\u012bgi konsult\u0113ties ar zino\u0161u pieg\u0101d\u0101t\u0101ju, lai nodro\u0161in\u0101tu pareizu izv\u0113li.<\/p>\n<h2>19. K\u0101 es varu sa\u0146emt tehnisko atbalstu?<\/h2>\n<p>M\u0113s pied\u0101v\u0101jam:<br \/>\n\u2013 Bezmaksas elektrosist\u0113mas optimiz\u0101cijas konsult\u0101cijas<br \/>\n\u2013 Kop\u0146u izm\u0113ru apr\u0113\u0137in\u0101\u0161anas programmat\u016bra<br \/>\n\u2013 Uzst\u0101d\u012b\u0161anas instrukciju video bibliot\u0113ka<br \/>\n\u2013 Regul\u0101ra apkopes atg\u0101din\u0101juma serviss<\/p>\n<h2>20. K\u0101 m\u0113s varam uzs\u0101kt sadarb\u012bbu?<\/h2>\n<p>1. Piepras\u012bjuma p\u0101rrunas (1 darba diena)<br \/>\n2. Programmas izstr\u0101de (3-5 darba dienas)<br \/>\n3.\u00a0Parauga apstiprin\u0101jums (5\u20137\u00a0darba dienas)<br \/>\n4. masveida ra\u017eo\u0161ana (10-15 darba dienas)<br \/>\n5. P\u0113cp\u0101rdo\u0161anas izseko\u0161ana (pakalpojums m\u016b\u017ea garum\u0101)<\/p>\n<\/div><\/div><\/div><\/div><\/div><\/p>","protected":false},"excerpt":{"rendered":"","protected":false},"author":1,"featured_media":4108,"parent":0,"menu_order":0,"comment_status":"closed","ping_status":"closed","template":"100-width.php","meta":{"content-type":"","_monsterinsights_skip_tracking":false,"_monsterinsights_sitenote_active":false,"_monsterinsights_sitenote_note":"","_monsterinsights_sitenote_category":0,"cybocfi_hide_featured_image":"","footnotes":""},"class_list":["post-4106","page","type-page","status-publish","has-post-thumbnail","hentry"],"yoast_head":"<!-- This site is optimized with the Yoast SEO plugin v27.2 - https:\/\/yoast.com\/product\/yoast-seo-wordpress\/ -->\n<title>Corporate FAQ<\/title>\n<meta name=\"description\" content=\"Corporate FAQ - We Focus Researching,Developing and manufacturing. - Busbar Manufacturers I Custom Copper Busbars\" \/>\n<meta name=\"robots\" content=\"index, follow, max-snippet:-1, max-image-preview:large, max-video-preview:-1\" \/>\n<link rel=\"canonical\" href=\"https:\/\/busbarmanufacturer.com\/lv\/corporate-faq\/\" \/>\n<meta property=\"og:locale\" content=\"lv_LV\" \/>\n<meta property=\"og:type\" content=\"article\" \/>\n<meta property=\"og:title\" content=\"Corporate FAQ\" \/>\n<meta property=\"og:description\" content=\"Corporate FAQ - We Focus Researching,Developing and manufacturing. - Busbar Manufacturers I Custom Copper Busbars\" \/>\n<meta property=\"og:url\" content=\"https:\/\/busbarmanufacturer.com\/lv\/corporate-faq\/\" \/>\n<meta property=\"og:site_name\" content=\"Busbar Manufacturers I Custom Copper Busbars\" \/>\n<meta property=\"article:modified_time\" content=\"2025-04-23T10:00:12+00:00\" \/>\n<meta property=\"og:image\" content=\"https:\/\/busbarmanufacturer.com\/wp-content\/uploads\/2021\/11\/banner-01.jpg\" \/>\n\t<meta property=\"og:image:width\" content=\"1393\" \/>\n\t<meta property=\"og:image:height\" content=\"430\" \/>\n\t<meta property=\"og:image:type\" content=\"image\/jpeg\" \/>\n<meta name=\"twitter:card\" content=\"summary_large_image\" \/>\n<meta name=\"twitter:label1\" content=\"Est. reading time\" \/>\n\t<meta name=\"twitter:data1\" content=\"4 min\u016btes\" \/>\n<script type=\"application\/ld+json\" class=\"yoast-schema-graph\">{\"@context\":\"https:\/\/schema.org\",\"@graph\":[{\"@type\":\"WebPage\",\"@id\":\"https:\/\/busbarmanufacturer.com\/corporate-faq\/\",\"url\":\"https:\/\/busbarmanufacturer.com\/corporate-faq\/\",\"name\":\"Corporate FAQ\",\"isPartOf\":{\"@id\":\"https:\/\/busbarmanufacturer.com\/#website\"},\"primaryImageOfPage\":{\"@id\":\"https:\/\/busbarmanufacturer.com\/corporate-faq\/#primaryimage\"},\"image\":{\"@id\":\"https:\/\/busbarmanufacturer.com\/corporate-faq\/#primaryimage\"},\"thumbnailUrl\":\"https:\/\/busbarmanufacturer.com\/wp-content\/uploads\/2021\/11\/banner-01.jpg\",\"datePublished\":\"2021-11-16T16:14:47+00:00\",\"dateModified\":\"2025-04-23T10:00:12+00:00\",\"description\":\"Corporate FAQ - We Focus Researching,Developing and manufacturing. - Busbar Manufacturers I Custom Copper Busbars\",\"breadcrumb\":{\"@id\":\"https:\/\/busbarmanufacturer.com\/corporate-faq\/#breadcrumb\"},\"inLanguage\":\"lv-LV\",\"potentialAction\":[{\"@type\":\"ReadAction\",\"target\":[\"https:\/\/busbarmanufacturer.com\/corporate-faq\/\"]}]},{\"@type\":\"ImageObject\",\"inLanguage\":\"lv-LV\",\"@id\":\"https:\/\/busbarmanufacturer.com\/corporate-faq\/#primaryimage\",\"url\":\"https:\/\/busbarmanufacturer.com\/wp-content\/uploads\/2021\/11\/banner-01.jpg\",\"contentUrl\":\"https:\/\/busbarmanufacturer.com\/wp-content\/uploads\/2021\/11\/banner-01.jpg\",\"width\":1393,\"height\":430,\"caption\":\"banner-01\"},{\"@type\":\"BreadcrumbList\",\"@id\":\"https:\/\/busbarmanufacturer.com\/corporate-faq\/#breadcrumb\",\"itemListElement\":[{\"@type\":\"ListItem\",\"position\":1,\"name\":\"Home\",\"item\":\"https:\/\/busbarmanufacturer.com\/\"},{\"@type\":\"ListItem\",\"position\":2,\"name\":\"Corporate FAQ\"}]},{\"@type\":\"WebSite\",\"@id\":\"https:\/\/busbarmanufacturer.com\/#website\",\"url\":\"https:\/\/busbarmanufacturer.com\/\",\"name\":\"Busbar Manufacturers I Custom Copper Busbars\",\"description\":\"We Design &amp; Manufacturing\",\"publisher\":{\"@id\":\"https:\/\/busbarmanufacturer.com\/#organization\"},\"potentialAction\":[{\"@type\":\"SearchAction\",\"target\":{\"@type\":\"EntryPoint\",\"urlTemplate\":\"https:\/\/busbarmanufacturer.com\/?s={search_term_string}\"},\"query-input\":{\"@type\":\"PropertyValueSpecification\",\"valueRequired\":true,\"valueName\":\"search_term_string\"}}],\"inLanguage\":\"lv-LV\"},{\"@type\":\"Organization\",\"@id\":\"https:\/\/busbarmanufacturer.com\/#organization\",\"name\":\"Busbar Manufacturers I Custom Copper Busbars\",\"url\":\"https:\/\/busbarmanufacturer.com\/\",\"logo\":{\"@type\":\"ImageObject\",\"inLanguage\":\"lv-LV\",\"@id\":\"https:\/\/busbarmanufacturer.com\/#\/schema\/logo\/image\/\",\"url\":\"https:\/\/busbarmanufacturer.com\/wp-content\/uploads\/2024\/08\/copper-logo.jpg\",\"contentUrl\":\"https:\/\/busbarmanufacturer.com\/wp-content\/uploads\/2024\/08\/copper-logo.jpg\",\"width\":180,\"height\":105,\"caption\":\"Busbar Manufacturers I Custom Copper Busbars\"},\"image\":{\"@id\":\"https:\/\/busbarmanufacturer.com\/#\/schema\/logo\/image\/\"}}]}<\/script>\n<!-- \/ Yoast SEO plugin. -->","yoast_head_json":{"title":"Korporat\u012bvie bie\u017ei uzdotie jaut\u0101jumi","description":"Korporat\u012bvie FAQ\u00a0\u2014 m\u0113s koncentr\u0113jamies uz izp\u0113ti, izstr\u0101di un ra\u017eo\u0161anu. - Kop\u0146u ra\u017eot\u0101ji I pas\u016bt\u012bjuma vara kopnes","robots":{"index":"index","follow":"follow","max-snippet":"max-snippet:-1","max-image-preview":"max-image-preview:large","max-video-preview":"max-video-preview:-1"},"canonical":"https:\/\/busbarmanufacturer.com\/lv\/corporate-faq\/","og_locale":"lv_LV","og_type":"article","og_title":"Corporate FAQ","og_description":"Corporate FAQ - We Focus Researching,Developing and manufacturing. - Busbar Manufacturers I Custom Copper Busbars","og_url":"https:\/\/busbarmanufacturer.com\/lv\/corporate-faq\/","og_site_name":"Busbar Manufacturers I Custom Copper Busbars","article_modified_time":"2025-04-23T10:00:12+00:00","og_image":[{"width":1393,"height":430,"url":"https:\/\/busbarmanufacturer.com\/wp-content\/uploads\/2021\/11\/banner-01.jpg","type":"image\/jpeg"}],"twitter_card":"summary_large_image","twitter_misc":{"Est. reading time":"4 min\u016btes"},"schema":{"@context":"https:\/\/schema.org","@graph":[{"@type":"WebPage","@id":"https:\/\/busbarmanufacturer.com\/corporate-faq\/","url":"https:\/\/busbarmanufacturer.com\/corporate-faq\/","name":"Korporat\u012bvie bie\u017ei uzdotie jaut\u0101jumi","isPartOf":{"@id":"https:\/\/busbarmanufacturer.com\/#website"},"primaryImageOfPage":{"@id":"https:\/\/busbarmanufacturer.com\/corporate-faq\/#primaryimage"},"image":{"@id":"https:\/\/busbarmanufacturer.com\/corporate-faq\/#primaryimage"},"thumbnailUrl":"https:\/\/busbarmanufacturer.com\/wp-content\/uploads\/2021\/11\/banner-01.jpg","datePublished":"2021-11-16T16:14:47+00:00","dateModified":"2025-04-23T10:00:12+00:00","description":"Korporat\u012bvie FAQ\u00a0\u2014 m\u0113s koncentr\u0113jamies uz izp\u0113ti, izstr\u0101di un ra\u017eo\u0161anu. - Kop\u0146u ra\u017eot\u0101ji I pas\u016bt\u012bjuma vara kopnes","breadcrumb":{"@id":"https:\/\/busbarmanufacturer.com\/corporate-faq\/#breadcrumb"},"inLanguage":"lv-LV","potentialAction":[{"@type":"ReadAction","target":["https:\/\/busbarmanufacturer.com\/corporate-faq\/"]}]},{"@type":"ImageObject","inLanguage":"lv-LV","@id":"https:\/\/busbarmanufacturer.com\/corporate-faq\/#primaryimage","url":"https:\/\/busbarmanufacturer.com\/wp-content\/uploads\/2021\/11\/banner-01.jpg","contentUrl":"https:\/\/busbarmanufacturer.com\/wp-content\/uploads\/2021\/11\/banner-01.jpg","width":1393,"height":430,"caption":"banner-01"},{"@type":"BreadcrumbList","@id":"https:\/\/busbarmanufacturer.com\/corporate-faq\/#breadcrumb","itemListElement":[{"@type":"ListItem","position":1,"name":"Home","item":"https:\/\/busbarmanufacturer.com\/"},{"@type":"ListItem","position":2,"name":"Corporate FAQ"}]},{"@type":"WebSite","@id":"https:\/\/busbarmanufacturer.com\/#website","url":"https:\/\/busbarmanufacturer.com\/","name":"Kop\u0146u ra\u017eot\u0101ji I pas\u016bt\u012bjuma vara kopnes","description":"M\u0113s projekt\u0113jam un ra\u017eojam","publisher":{"@id":"https:\/\/busbarmanufacturer.com\/#organization"},"potentialAction":[{"@type":"SearchAction","target":{"@type":"EntryPoint","urlTemplate":"https:\/\/busbarmanufacturer.com\/?s={search_term_string}"},"query-input":{"@type":"PropertyValueSpecification","valueRequired":true,"valueName":"search_term_string"}}],"inLanguage":"lv-LV"},{"@type":"Organization","@id":"https:\/\/busbarmanufacturer.com\/#organization","name":"Kop\u0146u ra\u017eot\u0101ji I pas\u016bt\u012bjuma vara kopnes","url":"https:\/\/busbarmanufacturer.com\/","logo":{"@type":"ImageObject","inLanguage":"lv-LV","@id":"https:\/\/busbarmanufacturer.com\/#\/schema\/logo\/image\/","url":"https:\/\/busbarmanufacturer.com\/wp-content\/uploads\/2024\/08\/copper-logo.jpg","contentUrl":"https:\/\/busbarmanufacturer.com\/wp-content\/uploads\/2024\/08\/copper-logo.jpg","width":180,"height":105,"caption":"Busbar Manufacturers I Custom Copper Busbars"},"image":{"@id":"https:\/\/busbarmanufacturer.com\/#\/schema\/logo\/image\/"}}]}},"_links":{"self":[{"href":"https:\/\/busbarmanufacturer.com\/lv\/wp-json\/wp\/v2\/pages\/4106","targetHints":{"allow":["GET"]}}],"collection":[{"href":"https:\/\/busbarmanufacturer.com\/lv\/wp-json\/wp\/v2\/pages"}],"about":[{"href":"https:\/\/busbarmanufacturer.com\/lv\/wp-json\/wp\/v2\/types\/page"}],"author":[{"embeddable":true,"href":"https:\/\/busbarmanufacturer.com\/lv\/wp-json\/wp\/v2\/users\/1"}],"replies":[{"embeddable":true,"href":"https:\/\/busbarmanufacturer.com\/lv\/wp-json\/wp\/v2\/comments?post=4106"}],"version-history":[{"count":8,"href":"https:\/\/busbarmanufacturer.com\/lv\/wp-json\/wp\/v2\/pages\/4106\/revisions"}],"predecessor-version":[{"id":6939,"href":"https:\/\/busbarmanufacturer.com\/lv\/wp-json\/wp\/v2\/pages\/4106\/revisions\/6939"}],"wp:featuredmedia":[{"embeddable":true,"href":"https:\/\/busbarmanufacturer.com\/lv\/wp-json\/wp\/v2\/media\/4108"}],"wp:attachment":[{"href":"https:\/\/busbarmanufacturer.com\/lv\/wp-json\/wp\/v2\/media?parent=4106"}],"curies":[{"name":"wp","href":"https:\/\/api.w.org\/{rel}","templated":true}]}}