{"id":5622,"date":"2024-05-31T09:51:19","date_gmt":"2024-05-31T09:51:19","guid":{"rendered":"https:\/\/busbarmanufacturer.com\/product\/black-and-white-summer-portrait\/"},"modified":"2024-05-31T09:51:19","modified_gmt":"2024-05-31T09:51:19","slug":"black-and-white-summer-portrait","status":"publish","type":"product","link":"https:\/\/busbarmanufacturer.com\/pl\/product\/black-and-white-summer-portrait\/","title":{"rendered":"Czarno-bia\u0142y portret letni"},"content":{"rendered":"<p>Ten wysokiej jako\u015bci wydruk 24\u2033 x 30\u2033 po prostu emanuje latem. Powie\u015b go na \u015bcianie i zapomnij o \u015bwiecie na zewn\u0105trz.<\/p>","protected":false},"excerpt":{"rendered":"<p>Ten wysokiej jako\u015bci wydruk 24\u2033 x 30\u2033 po prostu emanuje latem. Powie\u015b go na \u015bcianie i zapomnij o \u015bwiecie na zewn\u0105trz.<\/p>","protected":false},"featured_media":0,"comment_status":"open","ping_status":"closed","template":"","meta":{"content-type":"","_monsterinsights_skip_tracking":false,"_monsterinsights_sitenote_active":false,"_monsterinsights_sitenote_note":"","_monsterinsights_sitenote_category":0,"cybocfi_hide_featured_image":""},"product_brand":[],"product_cat":[54],"product_tag":[],"class_list":{"0":"post-5622","1":"product","2":"type-product","3":"status-publish","5":"product_cat-uncategorized","7":"first","8":"instock","9":"shipping-taxable","10":"purchasable","11":"product-type-simple"},"yoast_head":"<!-- This site is optimized with the Yoast SEO plugin v27.2 - https:\/\/yoast.com\/product\/yoast-seo-wordpress\/ -->\n<title>Black and White Summer Portrait - Busbar Manufacturers I Custom Copper Busbars<\/title>\n<meta name=\"description\" content=\"This 24&quot; x 30&quot; high-quality print just exudes summer. Hang it on the wall and forget about the world outside.\" \/>\n<meta name=\"robots\" content=\"index, follow, max-snippet:-1, max-image-preview:large, max-video-preview:-1\" \/>\n<link rel=\"canonical\" href=\"https:\/\/busbarmanufacturer.com\/pl\/produkt\/black-and-white-summer-portrait\/\" \/>\n<meta property=\"og:locale\" content=\"pl_PL\" \/>\n<meta property=\"og:type\" content=\"article\" \/>\n<meta property=\"og:title\" content=\"Black and White Summer Portrait - Busbar Manufacturers I Custom Copper Busbars\" \/>\n<meta property=\"og:description\" content=\"This 24&quot; x 30&quot; high-quality print just exudes summer. Hang it on the wall and forget about the world outside.\" \/>\n<meta property=\"og:url\" content=\"https:\/\/busbarmanufacturer.com\/pl\/produkt\/black-and-white-summer-portrait\/\" \/>\n<meta property=\"og:site_name\" content=\"Busbar Manufacturers I Custom Copper Busbars\" \/>\n<meta name=\"twitter:card\" content=\"summary_large_image\" \/>\n<script type=\"application\/ld+json\" class=\"yoast-schema-graph\">{\"@context\":\"https:\/\/schema.org\",\"@graph\":[{\"@type\":\"WebPage\",\"@id\":\"https:\/\/busbarmanufacturer.com\/product\/black-and-white-summer-portrait\/\",\"url\":\"https:\/\/busbarmanufacturer.com\/product\/black-and-white-summer-portrait\/\",\"name\":\"Black and White Summer Portrait - Busbar Manufacturers I Custom Copper Busbars\",\"isPartOf\":{\"@id\":\"https:\/\/busbarmanufacturer.com\/#website\"},\"datePublished\":\"2024-05-31T09:51:19+00:00\",\"description\":\"This 24\\\" x 30\\\" high-quality print just exudes summer. Hang it on the wall and forget about the world outside.\",\"breadcrumb\":{\"@id\":\"https:\/\/busbarmanufacturer.com\/product\/black-and-white-summer-portrait\/#breadcrumb\"},\"inLanguage\":\"pl-PL\",\"potentialAction\":[{\"@type\":\"ReadAction\",\"target\":[\"https:\/\/busbarmanufacturer.com\/product\/black-and-white-summer-portrait\/\"]}]},{\"@type\":\"BreadcrumbList\",\"@id\":\"https:\/\/busbarmanufacturer.com\/product\/black-and-white-summer-portrait\/#breadcrumb\",\"itemListElement\":[{\"@type\":\"ListItem\",\"position\":1,\"name\":\"Home\",\"item\":\"https:\/\/busbarmanufacturer.com\/\"},{\"@type\":\"ListItem\",\"position\":2,\"name\":\"Products\",\"item\":\"https:\/\/busbarmanufacturer.com\/shop\/\"},{\"@type\":\"ListItem\",\"position\":3,\"name\":\"Black and White Summer Portrait\"}]},{\"@type\":\"WebSite\",\"@id\":\"https:\/\/busbarmanufacturer.com\/#website\",\"url\":\"https:\/\/busbarmanufacturer.com\/\",\"name\":\"Busbar Manufacturers I Custom Copper Busbars\",\"description\":\"We Design &amp; Manufacturing\",\"publisher\":{\"@id\":\"https:\/\/busbarmanufacturer.com\/#organization\"},\"potentialAction\":[{\"@type\":\"SearchAction\",\"target\":{\"@type\":\"EntryPoint\",\"urlTemplate\":\"https:\/\/busbarmanufacturer.com\/?s={search_term_string}\"},\"query-input\":{\"@type\":\"PropertyValueSpecification\",\"valueRequired\":true,\"valueName\":\"search_term_string\"}}],\"inLanguage\":\"pl-PL\"},{\"@type\":\"Organization\",\"@id\":\"https:\/\/busbarmanufacturer.com\/#organization\",\"name\":\"Busbar Manufacturers I Custom Copper Busbars\",\"url\":\"https:\/\/busbarmanufacturer.com\/\",\"logo\":{\"@type\":\"ImageObject\",\"inLanguage\":\"pl-PL\",\"@id\":\"https:\/\/busbarmanufacturer.com\/#\/schema\/logo\/image\/\",\"url\":\"https:\/\/busbarmanufacturer.com\/wp-content\/uploads\/2024\/08\/copper-logo.jpg\",\"contentUrl\":\"https:\/\/busbarmanufacturer.com\/wp-content\/uploads\/2024\/08\/copper-logo.jpg\",\"width\":180,\"height\":105,\"caption\":\"Busbar Manufacturers I Custom Copper Busbars\"},\"image\":{\"@id\":\"https:\/\/busbarmanufacturer.com\/#\/schema\/logo\/image\/\"}}]}<\/script>\n<!-- \/ Yoast SEO plugin. -->","yoast_head_json":{"title":"Czarno-bia\u0142y portret letni - Producenci szyn zbiorczych I Niestandardowe szyny zbiorcze miedziane","description":"Ten wysokiej jako\u015bci wydruk 24&quot; x 30&quot; po prostu emanuje latem. Powie\u015b go na \u015bcianie i zapomnij o \u015bwiecie na zewn\u0105trz.","robots":{"index":"index","follow":"follow","max-snippet":"max-snippet:-1","max-image-preview":"max-image-preview:large","max-video-preview":"max-video-preview:-1"},"canonical":"https:\/\/busbarmanufacturer.com\/pl\/produkt\/black-and-white-summer-portrait\/","og_locale":"pl_PL","og_type":"article","og_title":"Black and White Summer Portrait - Busbar Manufacturers I Custom Copper Busbars","og_description":"This 24\" x 30\" high-quality print just exudes summer. Hang it on the wall and forget about the world outside.","og_url":"https:\/\/busbarmanufacturer.com\/pl\/produkt\/black-and-white-summer-portrait\/","og_site_name":"Busbar Manufacturers I Custom Copper Busbars","twitter_card":"summary_large_image","schema":{"@context":"https:\/\/schema.org","@graph":[{"@type":"WebPage","@id":"https:\/\/busbarmanufacturer.com\/product\/black-and-white-summer-portrait\/","url":"https:\/\/busbarmanufacturer.com\/product\/black-and-white-summer-portrait\/","name":"Czarno-bia\u0142y portret letni - Producenci szyn zbiorczych I Niestandardowe szyny zbiorcze miedziane","isPartOf":{"@id":"https:\/\/busbarmanufacturer.com\/#website"},"datePublished":"2024-05-31T09:51:19+00:00","description":"Ten wysokiej jako\u015bci wydruk 24&quot; x 30&quot; po prostu emanuje latem. Powie\u015b go na \u015bcianie i zapomnij o \u015bwiecie na zewn\u0105trz.","breadcrumb":{"@id":"https:\/\/busbarmanufacturer.com\/product\/black-and-white-summer-portrait\/#breadcrumb"},"inLanguage":"pl-PL","potentialAction":[{"@type":"ReadAction","target":["https:\/\/busbarmanufacturer.com\/product\/black-and-white-summer-portrait\/"]}]},{"@type":"BreadcrumbList","@id":"https:\/\/busbarmanufacturer.com\/product\/black-and-white-summer-portrait\/#breadcrumb","itemListElement":[{"@type":"ListItem","position":1,"name":"Home","item":"https:\/\/busbarmanufacturer.com\/"},{"@type":"ListItem","position":2,"name":"Products","item":"https:\/\/busbarmanufacturer.com\/shop\/"},{"@type":"ListItem","position":3,"name":"Black and White Summer Portrait"}]},{"@type":"WebSite","@id":"https:\/\/busbarmanufacturer.com\/#website","url":"https:\/\/busbarmanufacturer.com\/","name":"Producenci szyn zbiorczych I Niestandardowe szyny zbiorcze miedziane","description":"Projektujemy i produkujemy","publisher":{"@id":"https:\/\/busbarmanufacturer.com\/#organization"},"potentialAction":[{"@type":"SearchAction","target":{"@type":"EntryPoint","urlTemplate":"https:\/\/busbarmanufacturer.com\/?s={search_term_string}"},"query-input":{"@type":"PropertyValueSpecification","valueRequired":true,"valueName":"search_term_string"}}],"inLanguage":"pl-PL"},{"@type":"Organization","@id":"https:\/\/busbarmanufacturer.com\/#organization","name":"Producenci szyn zbiorczych I Niestandardowe szyny zbiorcze miedziane","url":"https:\/\/busbarmanufacturer.com\/","logo":{"@type":"ImageObject","inLanguage":"pl-PL","@id":"https:\/\/busbarmanufacturer.com\/#\/schema\/logo\/image\/","url":"https:\/\/busbarmanufacturer.com\/wp-content\/uploads\/2024\/08\/copper-logo.jpg","contentUrl":"https:\/\/busbarmanufacturer.com\/wp-content\/uploads\/2024\/08\/copper-logo.jpg","width":180,"height":105,"caption":"Busbar Manufacturers I Custom Copper Busbars"},"image":{"@id":"https:\/\/busbarmanufacturer.com\/#\/schema\/logo\/image\/"}}]}},"_links":{"self":[{"href":"https:\/\/busbarmanufacturer.com\/pl\/wp-json\/wp\/v2\/product\/5622","targetHints":{"allow":["GET"]}}],"collection":[{"href":"https:\/\/busbarmanufacturer.com\/pl\/wp-json\/wp\/v2\/product"}],"about":[{"href":"https:\/\/busbarmanufacturer.com\/pl\/wp-json\/wp\/v2\/types\/product"}],"replies":[{"embeddable":true,"href":"https:\/\/busbarmanufacturer.com\/pl\/wp-json\/wp\/v2\/comments?post=5622"}],"wp:attachment":[{"href":"https:\/\/busbarmanufacturer.com\/pl\/wp-json\/wp\/v2\/media?parent=5622"}],"wp:term":[{"taxonomy":"product_brand","embeddable":true,"href":"https:\/\/busbarmanufacturer.com\/pl\/wp-json\/wp\/v2\/product_brand?post=5622"},{"taxonomy":"product_cat","embeddable":true,"href":"https:\/\/busbarmanufacturer.com\/pl\/wp-json\/wp\/v2\/product_cat?post=5622"},{"taxonomy":"product_tag","embeddable":true,"href":"https:\/\/busbarmanufacturer.com\/pl\/wp-json\/wp\/v2\/product_tag?post=5622"}],"curies":[{"name":"wp","href":"https:\/\/api.w.org\/{rel}","templated":true}]}}