{"id":4106,"date":"2021-11-16T16:14:47","date_gmt":"2021-11-16T16:14:47","guid":{"rendered":"https:\/\/avadawebsites.wpengine.com\/classic\/?page_id=4106"},"modified":"2025-04-23T10:00:12","modified_gmt":"2025-04-23T10:00:12","slug":"corporate-faq","status":"publish","type":"page","link":"https:\/\/busbarmanufacturer.com\/pt\/corporate-faq\/","title":{"rendered":"Perguntas frequentes corporativas"},"content":{"rendered":"<p><div class=\"fusion-fullwidth fullwidth-box fusion-builder-row-1 fusion-flex-container has-pattern-background has-mask-background fusion-parallax-none nonhundred-percent-fullwidth non-hundred-percent-height-scrolling lazyload\" style=\"--awb-border-radius-top-left:0px;--awb-border-radius-top-right:0px;--awb-border-radius-bottom-right:0px;--awb-border-radius-bottom-left:0px;--awb-padding-top:130PX;--awb-padding-bottom:130PX;--awb-background-size:cover;--awb-flex-wrap:wrap;\" data-bg=\"https:\/\/busbarmanufacturer.com\/wp-content\/uploads\/2024\/07\/copper-busbar-factory.jpg\" ><div class=\"fusion-builder-row fusion-row fusion-flex-align-items-flex-start fusion-flex-content-wrap\" style=\"max-width:1216.8px;margin-left: calc(-4% \/ 2 );margin-right: calc(-4% \/ 2 );\"><div class=\"fusion-layout-column fusion_builder_column fusion-builder-column-0 fusion_builder_column_1_1 1_1 fusion-flex-column\" style=\"--awb-bg-size:cover;--awb-width-large:100%;--awb-margin-top-large:0px;--awb-spacing-right-large:1.92%;--awb-margin-bottom-large:20px;--awb-spacing-left-large:1.92%;--awb-width-medium:100%;--awb-order-medium:0;--awb-spacing-right-medium:1.92%;--awb-spacing-left-medium:1.92%;--awb-width-small:100%;--awb-order-small:0;--awb-spacing-right-small:1.92%;--awb-spacing-left-small:1.92%;\"><div class=\"fusion-column-wrapper fusion-column-has-shadow fusion-flex-justify-content-flex-start fusion-content-layout-column\"><\/div><\/div><\/div><\/div><div class=\"fusion-fullwidth fullwidth-box fusion-builder-row-2 fusion-flex-container has-pattern-background has-mask-background nonhundred-percent-fullwidth non-hundred-percent-height-scrolling fusion-animated\" style=\"--awb-border-sizes-top:0px;--awb-border-sizes-bottom:0px;--awb-border-sizes-left:0px;--awb-border-sizes-right:0px;--awb-border-radius-top-left:0px;--awb-border-radius-top-right:0px;--awb-border-radius-bottom-right:0px;--awb-border-radius-bottom-left:0px;--awb-margin-top:70px;--awb-margin-bottom:120px;--awb-margin-bottom-medium:80px;--awb-margin-bottom-small:60px;--awb-flex-wrap:wrap;\" data-animationtype=\"fadeInUp\" data-animationduration=\"1.3\" data-animationoffset=\"top-into-view\" ><div class=\"fusion-builder-row fusion-row fusion-flex-align-items-center fusion-flex-content-wrap\" style=\"max-width:1216.8px;margin-left: calc(-4% \/ 2 );margin-right: calc(-4% \/ 2 );\"><div class=\"fusion-layout-column fusion_builder_column fusion-builder-column-1 fusion-flex-column\" style=\"--awb-bg-blend:overlay;--awb-bg-size:cover;--awb-width-large:40%;--awb-margin-top-large:0px;--awb-spacing-right-large:3.84%;--awb-margin-bottom-large:80px;--awb-spacing-left-large:4.8%;--awb-width-medium:40%;--awb-spacing-right-medium:3.84%;--awb-spacing-left-medium:4.8%;--awb-width-small:100%;--awb-spacing-right-small:1.92%;--awb-margin-bottom-small:15px;--awb-spacing-left-small:1.92%;\"><div class=\"fusion-column-wrapper fusion-flex-justify-content-flex-start fusion-content-layout-column\"><div class=\"fusion-text fusion-text-1\" style=\"--awb-font-size:var(--awb-typography2-font-size);--awb-line-height:var(--awb-typography2-line-height);--awb-letter-spacing:var(--awb-typography2-letter-spacing);--awb-text-transform:var(--awb-typography2-text-transform);--awb-text-color:var(--awb-color4);--awb-text-font-family:var(--awb-typography2-font-family);--awb-text-font-weight:var(--awb-typography2-font-weight);--awb-text-font-style:var(--awb-typography2-font-style);\"><p style=\"letter-spacing: 3px;\">BEM-VINDO \u00c0S PERGUNTAS FREQUENTES CORPORATIVAS<\/p>\n<\/div><div class=\"fusion-title title fusion-title-1 fusion-title-text fusion-title-size-two\" style=\"--awb-margin-bottom:0px;--awb-margin-top-small:0px;--awb-margin-bottom-small:20px;--awb-font-size:37px;\"><div class=\"title-sep-container title-sep-container-left fusion-no-large-visibility fusion-no-medium-visibility fusion-no-small-visibility\"><div class=\"title-sep sep- sep-solid\" style=\"border-color:var(--awb-color3);\"><\/div><\/div><span class=\"awb-title-spacer fusion-no-large-visibility fusion-no-medium-visibility fusion-no-small-visibility\"><\/span><h2 class=\"fusion-title-heading title-heading-left fusion-responsive-typography-calculated\" style=\"margin:0;text-transform:capitalize;font-size:1em;--fontSize:37;line-height:1.35;\"><h1>Aqui est\u00e3o as perguntas mais frequentes.<\/h1><\/h2><span class=\"awb-title-spacer\"><\/span><div class=\"title-sep-container title-sep-container-right\"><div class=\"title-sep sep- sep-solid\" style=\"border-color:var(--awb-color3);\"><\/div><\/div><\/div><\/div><\/div><div class=\"fusion-layout-column fusion_builder_column fusion-builder-column-2 fusion-flex-column\" style=\"--awb-bg-blend:overlay;--awb-bg-size:cover;--awb-width-large:60%;--awb-margin-top-large:0px;--awb-spacing-right-large:3.2%;--awb-margin-bottom-large:80px;--awb-spacing-left-large:6.4%;--awb-width-medium:60%;--awb-spacing-right-medium:3.2%;--awb-spacing-left-medium:6.4%;--awb-width-small:100%;--awb-spacing-right-small:1.92%;--awb-spacing-left-small:1.92%;\"><div class=\"fusion-column-wrapper fusion-flex-justify-content-flex-start fusion-content-layout-column\"><div class=\"fusion-text fusion-text-2 fusion-text-no-margin\" style=\"--awb-text-color:var(--awb-color7);--awb-margin-bottom:0px;\"><p>Como fabricantes profissionais de barramentos de cobre, resumimos as 18 principais quest\u00f5es com as quais os clientes mais se preocupam, para fornecer solu\u00e7\u00f5es abrangentes:<\/p>\n<\/div><\/div><\/div><div class=\"fusion-layout-column fusion_builder_column fusion-builder-column-3 fusion_builder_column_1_1 1_1 fusion-flex-column\" style=\"--awb-bg-size:cover;--awb-width-large:100%;--awb-margin-top-large:0px;--awb-spacing-right-large:1.92%;--awb-margin-bottom-large:0px;--awb-spacing-left-large:1.92%;--awb-width-medium:100%;--awb-order-medium:0;--awb-spacing-right-medium:1.92%;--awb-spacing-left-medium:1.92%;--awb-width-small:100%;--awb-order-small:0;--awb-spacing-right-small:1.92%;--awb-spacing-left-small:1.92%;\"><div class=\"fusion-column-wrapper fusion-column-has-shadow fusion-flex-justify-content-flex-start fusion-content-layout-column\"><div class=\"fusion-text fusion-text-3\" style=\"--awb-text-color:#000000;\"><h2>1. Voc\u00ea \u00e9 uma f\u00e1brica ou uma empresa comercial?<\/h2>\n<p>Como fabricante com certifica\u00e7\u00e3o ISO, possu\u00edmos uma f\u00e1brica moderna com uma \u00e1rea de 1.000 metros quadrados, equipada com uma cadeia industrial completa, desde o processamento da mat\u00e9ria-prima at\u00e9 a montagem do produto acabado. O sistema de gest\u00e3o digital desenvolvido por n\u00f3s garante que cada processo de produ\u00e7\u00e3o esteja em conformidade com a norma internacional IEC 61439.<\/p>\n<h2>2. Como s\u00e3o seus recursos de design e fabrica\u00e7\u00e3o de moldes?<\/h2>\n<p>Contamos com um departamento de design interno capaz de fornecer servi\u00e7os de design a diversos parceiros cooperativos.<\/p>\n<p>\u2013 Equipado com centro de projeto CAD\/CAM e centro de usinagem CNC.<br \/>\n\u2013 Temos 12 tecnologias patenteadas, como moldagem por prensagem a quente e micrograva\u00e7\u00e3o a laser.<br \/>\n\u2013 Suporte ao desenvolvimento de moldes de estruturas complexas com precis\u00e3o de 0,02 mm.<br \/>\n\u2013 Prototipagem r\u00e1pida em 72 horas<\/p>\n<h2>3. Se voc\u00ea puder aceitar OEM ou ODM, qual \u00e9 a quantidade m\u00ednima do pedido?<\/h2>\n<p>Somos um fabricante OEM profissional, n\u00e3o temos quantidade m\u00ednima para nenhum produto.<\/p>\n<h2>4. Como \u00e9 o controle de qualidade na sua f\u00e1brica?<\/h2>\n<p>1. Rastreabilidade de mat\u00e9rias-primas: \u00e9 utilizado c\u00e1todo de cobre certificado pela LME.<br \/>\n2. Monitoramento de processos: controle estat\u00edstico de processos SPC.<br \/>\n3. Teste do produto final: passou no teste de prote\u00e7\u00e3o IP68.<br \/>\n4. Verifica\u00e7\u00e3o de remessa: equipado com detec\u00e7\u00e3o de imagem t\u00e9rmica infravermelha<br \/>\n5. Sistema de rastreabilidade: 15 anos de registros de qualidade podem ser verificados.<\/p>\n<h2>5. Voc\u00eas fabricam barramentos personalizados com base em nossos desenhos de projeto ou ideias?<\/h2>\n<p>Oferecemos servi\u00e7o OEM\/ODM:<br \/>\n\u2713 Flexibilidade para aceitar pedidos com MOQ zero.<br \/>\n\u2713 Suporte para desenho\/amostra\/design conceitual em v\u00e1rias formas<br \/>\n\u2713 Fornecer servi\u00e7o de an\u00e1lise de fabricabilidade DFM.<br \/>\n\u2713 Equipe de engenharia 1 para 1 atraca\u00e7\u00e3o completa<\/p>\n<h2>6. Voc\u00eas gerenciam o processo de revestimento em p\u00f3 internamente?<\/h2>\n<p>De fato, somos uma instala\u00e7\u00e3o dedicada \u00e0 fabrica\u00e7\u00e3o de chapas met\u00e1licas que oferece uma gama abrangente de servi\u00e7os de fabrica\u00e7\u00e3o, abrangendo corte a laser, puncionamento NCT, dobra, soldagem (TIG, soldagem a arco de CO2), retifica\u00e7\u00e3o, polimento de cinta, revestimento em p\u00f3, revestimento de tinta e serigrafia.<\/p>\n<h2>7. Posso obter uma amostra da sua qualidade?<\/h2>\n<p>Temos pequenas amostras dispon\u00edveis na loja e estamos felizes em fornec\u00ea-las gratuitamente. Para amostras personalizadas, espere um prazo de entrega de aproximadamente 5 a 7 dias.<\/p>\n<h2>8. Quais informa\u00e7\u00f5es s\u00e3o necess\u00e1rias para uma cota\u00e7\u00e3o?<\/h2>\n<p>Recomenda-se fornecer:<br \/>\n\u25fc Desenhos 2D (PDF\/DWG)<br \/>\n\u25fc Modelo 3D (STEP\/IGES)<br \/>\n\u25fc Tabela de par\u00e2metros t\u00e9cnicos (capacidade de condu\u00e7\u00e3o de corrente\/classe de isolamento, etc.)<br \/>\n\u25fc Requisitos ambientais especiais (umidade\/n\u00e9voa salina, etc.)<\/p>\n<h2>9. Quais s\u00e3o as vantagens de usar barramentos de cobre?<\/h2>\n<p>\u2013 Condutividade \u226599,9% IACS<br \/>\n\u2013 Resist\u00eancia \u00e0 tra\u00e7\u00e3o \u2265 360MPa<br \/>\n\u2013 Classe de resist\u00eancia \u00e0 corros\u00e3o C5 (ISO 9223)<br \/>\n\u2013 Controle de eleva\u00e7\u00e3o de temperatura &lt;50K (na corrente nominal<\/p>\n<h2>10. Como podemos garantir a qualidade?<\/h2>\n<p>Triagem e avalia\u00e7\u00e3o rigorosas de fornecedores de mat\u00e9ria-prima, triagem e inspe\u00e7\u00e3o antes do armazenamento. Sempre uma amostra de pr\u00e9-produ\u00e7\u00e3o antes da produ\u00e7\u00e3o em massa; M\u00e1quina autom\u00e1tica + inspe\u00e7\u00e3o dupla manual antes do envio dos produtos, para garantir a consist\u00eancia do produto.<\/p>\n<h2>11. Qual \u00e9 a vida \u00fatil dos barramentos?<\/h2>\n<p>A vida \u00fatil dos barramentos varia dependendo de fatores como qualidade do material, condi\u00e7\u00f5es operacionais e manuten\u00e7\u00e3o. Geralmente, os barramentos de cobre t\u00eam uma longa vida \u00fatil devido \u00e0 sua excelente condutividade e resist\u00eancia \u00e0 corros\u00e3o. Com instala\u00e7\u00e3o e manuten\u00e7\u00e3o adequadas, os barramentos de cobre podem durar d\u00e9cadas, fornecendo conex\u00f5es el\u00e9tricas confi\u00e1veis em v\u00e1rias aplica\u00e7\u00f5es. Inspe\u00e7\u00f5es regulares e manuten\u00e7\u00e3o preventiva podem ajudar a estender a vida \u00fatil dos barramentos ainda mais.<\/p>\n<h2>12. Posso obter uma amostra gr\u00e1tis?<\/h2>\n<p>\u2013 Produtos padr\u00e3o: Amostras gr\u00e1tis enviadas em at\u00e9 48 horas<br \/>\n\u2013 Amostras personalizadas: Fornece servi\u00e7o de verifica\u00e7\u00e3o r\u00e1pida de impress\u00e3o 3D<br \/>\n\u2013 Suporte a condutividade, aumento de temperatura e outros testes especializados<\/p>\n<h2>13. Qual \u00e9 o prazo de entrega?<\/h2>\n<p>Estabelecer modo de gerenciamento de estoque VMI:<br \/>\n\u2013 Produtos regulares: 72 horas de entrega extremamente r\u00e1pida<br \/>\n\u2013 Produtos personalizados: ciclo de produ\u00e7\u00e3o flex\u00edvel de 15 dias<br \/>\n\u2013 Ordens de emerg\u00eancia: Abrir canal verde<\/p>\n<h2>14. Posso visitar sua f\u00e1brica?<\/h2>\n<p>Voc\u00ea \u00e9 bem-vindo para visitar nossa f\u00e1brica e oferecemos carro gr\u00e1tis<\/p>\n<h2>15.Quais s\u00e3o os m\u00e9todos de envio?<\/h2>\n<p>Fornecer servi\u00e7os log\u00edsticos globalizados:<br \/>\n\u2713 Otimiza\u00e7\u00e3o de solu\u00e7\u00f5es de transporte multimodal<br \/>\n\u2713 Servi\u00e7o porta a porta DDP<br \/>\n\u2713 Aquisi\u00e7\u00e3o de seguro de transporte<br \/>\n\u2713 Sistema de rastreamento de carga em tempo real<\/p>\n<h2>16. Quais servi\u00e7os podemos fornecer?<\/h2>\n<p>Termos de entrega aceitos: FOB, CIF, FAS, DDP, entrega expressa, DES;<br \/>\nMoeda de pagamento aceita: USD, AUD e CNY;<br \/>\nTipo de pagamento aceito: T\/T, L\/C, MoneyGram, cart\u00e3o de cr\u00e9dito, PayPal, Western Union, dinheiro; Idioma falado: ingl\u00eas, chin\u00eas<\/p>\n<h2>17. O que \u00e9 aplica\u00e7\u00e3o de barramento?<\/h2>\n<p>\u25b6 Novas centrais el\u00e9tricas (fotovoltaica\/e\u00f3lica)<br \/>\n\u25b6 Sistema de fornecimento de energia para transporte ferrovi\u00e1rio<br \/>\n\u25b6 Distribui\u00e7\u00e3o inteligente de energia no data center<br \/>\n\u25b6 Atualiza\u00e7\u00e3o do sistema de barramento industrial<\/p>\n<h2>18. Como seleciono o barramento de cobre correto para minha aplica\u00e7\u00e3o?<\/h2>\n<p>Considere fatores como capacidade de transporte de corrente, requisitos de voltagem, condi\u00e7\u00f5es ambientais, resist\u00eancia mec\u00e2nica e limita\u00e7\u00f5es de espa\u00e7o ao selecionar um barramento de cobre. \u00c9 essencial consultar um fornecedor experiente para garantir a escolha adequada.<\/p>\n<h2>19. Como posso obter suporte t\u00e9cnico?<\/h2>\n<p>Oferecemos:<br \/>\n\u2013 Consultoria gratuita para otimiza\u00e7\u00e3o de sistemas el\u00e9tricos<br \/>\n\u2013 Software de c\u00e1lculo de dimensionamento de barramentos<br \/>\n\u2013 Biblioteca de v\u00eddeos com instru\u00e7\u00f5es de instala\u00e7\u00e3o<br \/>\n\u2013 Servi\u00e7o de lembrete de manuten\u00e7\u00e3o regular<\/p>\n<h2>20. Como podemos iniciar a coopera\u00e7\u00e3o?<\/h2>\n<p>1. Negocia\u00e7\u00e3o de demanda (1 dia \u00fatil)<br \/>\n2. Design do programa (3-5 dias \u00fateis)<br \/>\n3. Confirma\u00e7\u00e3o da amostra (5-7 dias \u00fateis)<br \/>\n4. produ\u00e7\u00e3o em massa (10-15 dias \u00fateis)<br \/>\n5. Acompanhamento p\u00f3s-venda (servi\u00e7o vital\u00edcio)<\/p>\n<\/div><\/div><\/div><\/div><\/div><\/p>","protected":false},"excerpt":{"rendered":"","protected":false},"author":1,"featured_media":4108,"parent":0,"menu_order":0,"comment_status":"closed","ping_status":"closed","template":"100-width.php","meta":{"content-type":"","_monsterinsights_skip_tracking":false,"_monsterinsights_sitenote_active":false,"_monsterinsights_sitenote_note":"","_monsterinsights_sitenote_category":0,"cybocfi_hide_featured_image":"","footnotes":""},"class_list":["post-4106","page","type-page","status-publish","has-post-thumbnail","hentry"],"yoast_head":"<!-- This site is optimized with the Yoast SEO plugin v27.2 - https:\/\/yoast.com\/product\/yoast-seo-wordpress\/ -->\n<title>Corporate FAQ<\/title>\n<meta name=\"description\" content=\"Corporate FAQ - We Focus Researching,Developing and manufacturing. - Busbar Manufacturers I Custom Copper Busbars\" \/>\n<meta name=\"robots\" content=\"index, follow, max-snippet:-1, max-image-preview:large, max-video-preview:-1\" \/>\n<link rel=\"canonical\" href=\"https:\/\/busbarmanufacturer.com\/pt\/corporate-faq\/\" \/>\n<meta property=\"og:locale\" content=\"pt_BR\" \/>\n<meta property=\"og:type\" content=\"article\" \/>\n<meta property=\"og:title\" content=\"Corporate FAQ\" \/>\n<meta property=\"og:description\" content=\"Corporate FAQ - We Focus Researching,Developing and manufacturing. - Busbar Manufacturers I Custom Copper Busbars\" \/>\n<meta property=\"og:url\" content=\"https:\/\/busbarmanufacturer.com\/pt\/corporate-faq\/\" \/>\n<meta property=\"og:site_name\" content=\"Busbar Manufacturers I Custom Copper Busbars\" \/>\n<meta property=\"article:modified_time\" content=\"2025-04-23T10:00:12+00:00\" \/>\n<meta property=\"og:image\" content=\"https:\/\/busbarmanufacturer.com\/wp-content\/uploads\/2021\/11\/banner-01.jpg\" \/>\n\t<meta property=\"og:image:width\" content=\"1393\" \/>\n\t<meta property=\"og:image:height\" content=\"430\" \/>\n\t<meta property=\"og:image:type\" content=\"image\/jpeg\" \/>\n<meta name=\"twitter:card\" content=\"summary_large_image\" \/>\n<meta name=\"twitter:label1\" content=\"Est. tempo de leitura\" \/>\n\t<meta name=\"twitter:data1\" content=\"4 minutos\" \/>\n<script type=\"application\/ld+json\" class=\"yoast-schema-graph\">{\"@context\":\"https:\/\/schema.org\",\"@graph\":[{\"@type\":\"WebPage\",\"@id\":\"https:\/\/busbarmanufacturer.com\/corporate-faq\/\",\"url\":\"https:\/\/busbarmanufacturer.com\/corporate-faq\/\",\"name\":\"Corporate FAQ\",\"isPartOf\":{\"@id\":\"https:\/\/busbarmanufacturer.com\/#website\"},\"primaryImageOfPage\":{\"@id\":\"https:\/\/busbarmanufacturer.com\/corporate-faq\/#primaryimage\"},\"image\":{\"@id\":\"https:\/\/busbarmanufacturer.com\/corporate-faq\/#primaryimage\"},\"thumbnailUrl\":\"https:\/\/busbarmanufacturer.com\/wp-content\/uploads\/2021\/11\/banner-01.jpg\",\"datePublished\":\"2021-11-16T16:14:47+00:00\",\"dateModified\":\"2025-04-23T10:00:12+00:00\",\"description\":\"Corporate FAQ - We Focus Researching,Developing and manufacturing. - Busbar Manufacturers I Custom Copper Busbars\",\"breadcrumb\":{\"@id\":\"https:\/\/busbarmanufacturer.com\/corporate-faq\/#breadcrumb\"},\"inLanguage\":\"pt-BR\",\"potentialAction\":[{\"@type\":\"ReadAction\",\"target\":[\"https:\/\/busbarmanufacturer.com\/corporate-faq\/\"]}]},{\"@type\":\"ImageObject\",\"inLanguage\":\"pt-BR\",\"@id\":\"https:\/\/busbarmanufacturer.com\/corporate-faq\/#primaryimage\",\"url\":\"https:\/\/busbarmanufacturer.com\/wp-content\/uploads\/2021\/11\/banner-01.jpg\",\"contentUrl\":\"https:\/\/busbarmanufacturer.com\/wp-content\/uploads\/2021\/11\/banner-01.jpg\",\"width\":1393,\"height\":430,\"caption\":\"banner-01\"},{\"@type\":\"BreadcrumbList\",\"@id\":\"https:\/\/busbarmanufacturer.com\/corporate-faq\/#breadcrumb\",\"itemListElement\":[{\"@type\":\"ListItem\",\"position\":1,\"name\":\"Home\",\"item\":\"https:\/\/busbarmanufacturer.com\/\"},{\"@type\":\"ListItem\",\"position\":2,\"name\":\"Corporate FAQ\"}]},{\"@type\":\"WebSite\",\"@id\":\"https:\/\/busbarmanufacturer.com\/#website\",\"url\":\"https:\/\/busbarmanufacturer.com\/\",\"name\":\"Busbar Manufacturers I Custom Copper Busbars\",\"description\":\"We Design &amp; Manufacturing\",\"publisher\":{\"@id\":\"https:\/\/busbarmanufacturer.com\/#organization\"},\"potentialAction\":[{\"@type\":\"SearchAction\",\"target\":{\"@type\":\"EntryPoint\",\"urlTemplate\":\"https:\/\/busbarmanufacturer.com\/?s={search_term_string}\"},\"query-input\":{\"@type\":\"PropertyValueSpecification\",\"valueRequired\":true,\"valueName\":\"search_term_string\"}}],\"inLanguage\":\"pt-BR\"},{\"@type\":\"Organization\",\"@id\":\"https:\/\/busbarmanufacturer.com\/#organization\",\"name\":\"Busbar Manufacturers I Custom Copper Busbars\",\"url\":\"https:\/\/busbarmanufacturer.com\/\",\"logo\":{\"@type\":\"ImageObject\",\"inLanguage\":\"pt-BR\",\"@id\":\"https:\/\/busbarmanufacturer.com\/#\/schema\/logo\/image\/\",\"url\":\"https:\/\/busbarmanufacturer.com\/wp-content\/uploads\/2024\/08\/copper-logo.jpg\",\"contentUrl\":\"https:\/\/busbarmanufacturer.com\/wp-content\/uploads\/2024\/08\/copper-logo.jpg\",\"width\":180,\"height\":105,\"caption\":\"Busbar Manufacturers I Custom Copper Busbars\"},\"image\":{\"@id\":\"https:\/\/busbarmanufacturer.com\/#\/schema\/logo\/image\/\"}}]}<\/script>\n<!-- \/ Yoast SEO plugin. -->","yoast_head_json":{"title":"Perguntas frequentes corporativas","description":"Perguntas frequentes corporativas - Nosso foco \u00e9 pesquisar, desenvolver e fabricar. - Fabricantes de barramentos I Barramentos de cobre personalizados","robots":{"index":"index","follow":"follow","max-snippet":"max-snippet:-1","max-image-preview":"max-image-preview:large","max-video-preview":"max-video-preview:-1"},"canonical":"https:\/\/busbarmanufacturer.com\/pt\/corporate-faq\/","og_locale":"pt_BR","og_type":"article","og_title":"Corporate FAQ","og_description":"Corporate FAQ - We Focus Researching,Developing and manufacturing. - Busbar Manufacturers I Custom Copper Busbars","og_url":"https:\/\/busbarmanufacturer.com\/pt\/corporate-faq\/","og_site_name":"Busbar Manufacturers I Custom Copper Busbars","article_modified_time":"2025-04-23T10:00:12+00:00","og_image":[{"width":1393,"height":430,"url":"https:\/\/busbarmanufacturer.com\/wp-content\/uploads\/2021\/11\/banner-01.jpg","type":"image\/jpeg"}],"twitter_card":"summary_large_image","twitter_misc":{"Est. tempo de leitura":"4 minutos"},"schema":{"@context":"https:\/\/schema.org","@graph":[{"@type":"WebPage","@id":"https:\/\/busbarmanufacturer.com\/corporate-faq\/","url":"https:\/\/busbarmanufacturer.com\/corporate-faq\/","name":"Perguntas frequentes corporativas","isPartOf":{"@id":"https:\/\/busbarmanufacturer.com\/#website"},"primaryImageOfPage":{"@id":"https:\/\/busbarmanufacturer.com\/corporate-faq\/#primaryimage"},"image":{"@id":"https:\/\/busbarmanufacturer.com\/corporate-faq\/#primaryimage"},"thumbnailUrl":"https:\/\/busbarmanufacturer.com\/wp-content\/uploads\/2021\/11\/banner-01.jpg","datePublished":"2021-11-16T16:14:47+00:00","dateModified":"2025-04-23T10:00:12+00:00","description":"Perguntas frequentes corporativas - Nosso foco \u00e9 pesquisar, desenvolver e fabricar. - Fabricantes de barramentos I Barramentos de cobre personalizados","breadcrumb":{"@id":"https:\/\/busbarmanufacturer.com\/corporate-faq\/#breadcrumb"},"inLanguage":"pt-BR","potentialAction":[{"@type":"ReadAction","target":["https:\/\/busbarmanufacturer.com\/corporate-faq\/"]}]},{"@type":"ImageObject","inLanguage":"pt-BR","@id":"https:\/\/busbarmanufacturer.com\/corporate-faq\/#primaryimage","url":"https:\/\/busbarmanufacturer.com\/wp-content\/uploads\/2021\/11\/banner-01.jpg","contentUrl":"https:\/\/busbarmanufacturer.com\/wp-content\/uploads\/2021\/11\/banner-01.jpg","width":1393,"height":430,"caption":"banner-01"},{"@type":"BreadcrumbList","@id":"https:\/\/busbarmanufacturer.com\/corporate-faq\/#breadcrumb","itemListElement":[{"@type":"ListItem","position":1,"name":"Home","item":"https:\/\/busbarmanufacturer.com\/"},{"@type":"ListItem","position":2,"name":"Corporate FAQ"}]},{"@type":"WebSite","@id":"https:\/\/busbarmanufacturer.com\/#website","url":"https:\/\/busbarmanufacturer.com\/","name":"Fabricantes de barramentos I Barramentos de cobre personalizados","description":"N\u00f3s projetamos e fabricamos","publisher":{"@id":"https:\/\/busbarmanufacturer.com\/#organization"},"potentialAction":[{"@type":"SearchAction","target":{"@type":"EntryPoint","urlTemplate":"https:\/\/busbarmanufacturer.com\/?s={search_term_string}"},"query-input":{"@type":"PropertyValueSpecification","valueRequired":true,"valueName":"search_term_string"}}],"inLanguage":"pt-BR"},{"@type":"Organization","@id":"https:\/\/busbarmanufacturer.com\/#organization","name":"Fabricantes de barramentos I Barramentos de cobre personalizados","url":"https:\/\/busbarmanufacturer.com\/","logo":{"@type":"ImageObject","inLanguage":"pt-BR","@id":"https:\/\/busbarmanufacturer.com\/#\/schema\/logo\/image\/","url":"https:\/\/busbarmanufacturer.com\/wp-content\/uploads\/2024\/08\/copper-logo.jpg","contentUrl":"https:\/\/busbarmanufacturer.com\/wp-content\/uploads\/2024\/08\/copper-logo.jpg","width":180,"height":105,"caption":"Busbar Manufacturers I Custom Copper Busbars"},"image":{"@id":"https:\/\/busbarmanufacturer.com\/#\/schema\/logo\/image\/"}}]}},"_links":{"self":[{"href":"https:\/\/busbarmanufacturer.com\/pt\/wp-json\/wp\/v2\/pages\/4106","targetHints":{"allow":["GET"]}}],"collection":[{"href":"https:\/\/busbarmanufacturer.com\/pt\/wp-json\/wp\/v2\/pages"}],"about":[{"href":"https:\/\/busbarmanufacturer.com\/pt\/wp-json\/wp\/v2\/types\/page"}],"author":[{"embeddable":true,"href":"https:\/\/busbarmanufacturer.com\/pt\/wp-json\/wp\/v2\/users\/1"}],"replies":[{"embeddable":true,"href":"https:\/\/busbarmanufacturer.com\/pt\/wp-json\/wp\/v2\/comments?post=4106"}],"version-history":[{"count":8,"href":"https:\/\/busbarmanufacturer.com\/pt\/wp-json\/wp\/v2\/pages\/4106\/revisions"}],"predecessor-version":[{"id":6939,"href":"https:\/\/busbarmanufacturer.com\/pt\/wp-json\/wp\/v2\/pages\/4106\/revisions\/6939"}],"wp:featuredmedia":[{"embeddable":true,"href":"https:\/\/busbarmanufacturer.com\/pt\/wp-json\/wp\/v2\/media\/4108"}],"wp:attachment":[{"href":"https:\/\/busbarmanufacturer.com\/pt\/wp-json\/wp\/v2\/media?parent=4106"}],"curies":[{"name":"wp","href":"https:\/\/api.w.org\/{rel}","templated":true}]}}