{"id":4106,"date":"2021-11-16T16:14:47","date_gmt":"2021-11-16T16:14:47","guid":{"rendered":"https:\/\/avadawebsites.wpengine.com\/classic\/?page_id=4106"},"modified":"2025-04-23T10:00:12","modified_gmt":"2025-04-23T10:00:12","slug":"corporate-faq","status":"publish","type":"page","link":"https:\/\/busbarmanufacturer.com\/sv\/corporate-faq\/","title":{"rendered":"F\u00f6retagens vanliga fr\u00e5gor"},"content":{"rendered":"<p><div class=\"fusion-fullwidth fullwidth-box fusion-builder-row-1 fusion-flex-container has-pattern-background has-mask-background fusion-parallax-none nonhundred-percent-fullwidth non-hundred-percent-height-scrolling lazyload\" style=\"--awb-border-radius-top-left:0px;--awb-border-radius-top-right:0px;--awb-border-radius-bottom-right:0px;--awb-border-radius-bottom-left:0px;--awb-padding-top:130PX;--awb-padding-bottom:130PX;--awb-background-size:cover;--awb-flex-wrap:wrap;\" data-bg=\"https:\/\/busbarmanufacturer.com\/wp-content\/uploads\/2024\/07\/copper-busbar-factory.jpg\" ><div class=\"fusion-builder-row fusion-row fusion-flex-align-items-flex-start fusion-flex-content-wrap\" style=\"max-width:1216.8px;margin-left: calc(-4% \/ 2 );margin-right: calc(-4% \/ 2 );\"><div class=\"fusion-layout-column fusion_builder_column fusion-builder-column-0 fusion_builder_column_1_1 1_1 fusion-flex-column\" style=\"--awb-bg-size:cover;--awb-width-large:100%;--awb-margin-top-large:0px;--awb-spacing-right-large:1.92%;--awb-margin-bottom-large:20px;--awb-spacing-left-large:1.92%;--awb-width-medium:100%;--awb-order-medium:0;--awb-spacing-right-medium:1.92%;--awb-spacing-left-medium:1.92%;--awb-width-small:100%;--awb-order-small:0;--awb-spacing-right-small:1.92%;--awb-spacing-left-small:1.92%;\"><div class=\"fusion-column-wrapper fusion-column-has-shadow fusion-flex-justify-content-flex-start fusion-content-layout-column\"><\/div><\/div><\/div><\/div><div class=\"fusion-fullwidth fullwidth-box fusion-builder-row-2 fusion-flex-container has-pattern-background has-mask-background nonhundred-percent-fullwidth non-hundred-percent-height-scrolling fusion-animated\" style=\"--awb-border-sizes-top:0px;--awb-border-sizes-bottom:0px;--awb-border-sizes-left:0px;--awb-border-sizes-right:0px;--awb-border-radius-top-left:0px;--awb-border-radius-top-right:0px;--awb-border-radius-bottom-right:0px;--awb-border-radius-bottom-left:0px;--awb-margin-top:70px;--awb-margin-bottom:120px;--awb-margin-bottom-medium:80px;--awb-margin-bottom-small:60px;--awb-flex-wrap:wrap;\" data-animationtype=\"fadeInUp\" data-animationduration=\"1.3\" data-animationoffset=\"top-into-view\" ><div class=\"fusion-builder-row fusion-row fusion-flex-align-items-center fusion-flex-content-wrap\" style=\"max-width:1216.8px;margin-left: calc(-4% \/ 2 );margin-right: calc(-4% \/ 2 );\"><div class=\"fusion-layout-column fusion_builder_column fusion-builder-column-1 fusion-flex-column\" style=\"--awb-bg-blend:overlay;--awb-bg-size:cover;--awb-width-large:40%;--awb-margin-top-large:0px;--awb-spacing-right-large:3.84%;--awb-margin-bottom-large:80px;--awb-spacing-left-large:4.8%;--awb-width-medium:40%;--awb-spacing-right-medium:3.84%;--awb-spacing-left-medium:4.8%;--awb-width-small:100%;--awb-spacing-right-small:1.92%;--awb-margin-bottom-small:15px;--awb-spacing-left-small:1.92%;\"><div class=\"fusion-column-wrapper fusion-flex-justify-content-flex-start fusion-content-layout-column\"><div class=\"fusion-text fusion-text-1\" style=\"--awb-font-size:var(--awb-typography2-font-size);--awb-line-height:var(--awb-typography2-line-height);--awb-letter-spacing:var(--awb-typography2-letter-spacing);--awb-text-transform:var(--awb-typography2-text-transform);--awb-text-color:var(--awb-color4);--awb-text-font-family:var(--awb-typography2-font-family);--awb-text-font-weight:var(--awb-typography2-font-weight);--awb-text-font-style:var(--awb-typography2-font-style);\"><p style=\"letter-spacing: 3px;\">V\u00c4LKOMMEN TILL F\u00d6RETAGSFAQ<\/p>\n<\/div><div class=\"fusion-title title fusion-title-1 fusion-title-text fusion-title-size-two\" style=\"--awb-margin-bottom:0px;--awb-margin-top-small:0px;--awb-margin-bottom-small:20px;--awb-font-size:37px;\"><div class=\"title-sep-container title-sep-container-left fusion-no-large-visibility fusion-no-medium-visibility fusion-no-small-visibility\"><div class=\"title-sep sep- sep-solid\" style=\"border-color:var(--awb-color3);\"><\/div><\/div><span class=\"awb-title-spacer fusion-no-large-visibility fusion-no-medium-visibility fusion-no-small-visibility\"><\/span><h2 class=\"fusion-title-heading title-heading-left fusion-responsive-typography-calculated\" style=\"margin:0;text-transform:capitalize;font-size:1em;--fontSize:37;line-height:1.35;\"><h1>H\u00e4r \u00e4r de vanligaste fr\u00e5gorna.<\/h1><\/h2><span class=\"awb-title-spacer\"><\/span><div class=\"title-sep-container title-sep-container-right\"><div class=\"title-sep sep- sep-solid\" style=\"border-color:var(--awb-color3);\"><\/div><\/div><\/div><\/div><\/div><div class=\"fusion-layout-column fusion_builder_column fusion-builder-column-2 fusion-flex-column\" style=\"--awb-bg-blend:overlay;--awb-bg-size:cover;--awb-width-large:60%;--awb-margin-top-large:0px;--awb-spacing-right-large:3.2%;--awb-margin-bottom-large:80px;--awb-spacing-left-large:6.4%;--awb-width-medium:60%;--awb-spacing-right-medium:3.2%;--awb-spacing-left-medium:6.4%;--awb-width-small:100%;--awb-spacing-right-small:1.92%;--awb-spacing-left-small:1.92%;\"><div class=\"fusion-column-wrapper fusion-flex-justify-content-flex-start fusion-content-layout-column\"><div class=\"fusion-text fusion-text-2 fusion-text-no-margin\" style=\"--awb-text-color:var(--awb-color7);--awb-margin-bottom:0px;\"><p>Som professionell tillverkare av kopparskenor sammanfattar vi de 18 k\u00e4rnfr\u00e5gor som kunderna \u00e4r mest bekymrade \u00f6ver, f\u00f6r att ge dig helt\u00e4ckande l\u00f6sningar:<\/p>\n<\/div><\/div><\/div><div class=\"fusion-layout-column fusion_builder_column fusion-builder-column-3 fusion_builder_column_1_1 1_1 fusion-flex-column\" style=\"--awb-bg-size:cover;--awb-width-large:100%;--awb-margin-top-large:0px;--awb-spacing-right-large:1.92%;--awb-margin-bottom-large:0px;--awb-spacing-left-large:1.92%;--awb-width-medium:100%;--awb-order-medium:0;--awb-spacing-right-medium:1.92%;--awb-spacing-left-medium:1.92%;--awb-width-small:100%;--awb-order-small:0;--awb-spacing-right-small:1.92%;--awb-spacing-left-small:1.92%;\"><div class=\"fusion-column-wrapper fusion-column-has-shadow fusion-flex-justify-content-flex-start fusion-content-layout-column\"><div class=\"fusion-text fusion-text-3\" style=\"--awb-text-color:#000000;\"><h2>1. \u00c4r du en fabrik eller ett handelsf\u00f6retag?<\/h2>\n<p>Som ISO-certifierad tillverkare har vi en modern fabrik p\u00e5 1000 kvadratmeter, utrustad med en komplett industrikedja fr\u00e5n r\u00e5varubearbetning till montering av f\u00e4rdig produkt. Det egenutvecklade digitala ledningssystemet s\u00e4kerst\u00e4ller att varje produktionsprocess uppfyller den internationella standarden IEC 61439.<\/p>\n<h2>2. Hur \u00e4r din formdesign och tillverkningskapacitet?<\/h2>\n<p>Vi har en intern designavdelning som kan erbjuda designtj\u00e4nster till ett flertal samarbetspartners.<\/p>\n<p>\u2013 Utrustad med CAD\/CAM-designcenter och CNC-bearbetningscenter.<br \/>\n\u2013 Vi har 12 patenterade tekniker som varmpressgjutning och lasermikrogravyr.<br \/>\n\u2013 St\u00f6djer utvecklingen av komplexa strukturformar med 0,02 mm precision.<br \/>\n\u2013 Snabb prototypframst\u00e4llning inom 72 timmar<\/p>\n<h2>3. Om du kan acceptera OEM eller ODM, vad \u00e4r den minsta best\u00e4llningskvantiteten?<\/h2>\n<p>Vi \u00e4r en professionell OEM-tillverkare, vi har inte MOQ f\u00f6r n\u00e5gra produkter.<\/p>\n<h2>4. Hur g\u00e5r det f\u00f6r din fabrik n\u00e4r det g\u00e4ller kvalitetskontroll?<\/h2>\n<p>1. Sp\u00e5rbarhet av r\u00e5material: LME-certifierad kopparkatod anv\u00e4nds.<br \/>\n2. Process\u00f6vervakning: SPC statistisk processkontroll.<br \/>\n3. Testning av f\u00e4rdig produkt: Godk\u00e4nd IP68-skyddstest.<br \/>\n4. Leveransverifiering: utrustad med infrar\u00f6d v\u00e4rmekamera<br \/>\n5. Sp\u00e5rbarhetssystem: 15 \u00e5rs kvalitetsregister kan kontrolleras.<\/p>\n<h2>5. G\u00f6r du skr\u00e4ddarsydda samlingsskenor utifr\u00e5n v\u00e5ra designritningar eller id\u00e9er?<\/h2>\n<p>Vi erbjuder OEM\/ODM-tj\u00e4nster:<br \/>\n\u2713 Flexibilitet att ta emot best\u00e4llningar med noll MOQ.<br \/>\n\u2713 St\u00f6d f\u00f6r ritningar\/prover\/konceptuell design i olika former<br \/>\n\u2713 Tillhandah\u00e5lla DFM-analystj\u00e4nst f\u00f6r tillverkningsbarhet.<br \/>\n\u2713 Ingenj\u00f6rsteam 1:1 fullst\u00e4ndig dockning<\/p>\n<h2>6. Hanterar du pulverlackeringsprocessen internt?<\/h2>\n<p>Vi \u00e4r faktiskt en dedikerad pl\u00e5ttillverkningsanl\u00e4ggning som erbjuder ett omfattande utbud av tillverkningstj\u00e4nster, som omfattar lasersk\u00e4rning, NCT-stansning, bockning, svetsning (TIG, CO2-b\u00e5gsvetsning), slipning, bandpolering, pulverlackering, f\u00e4rgbel\u00e4ggning och silkscreening.<\/p>\n<h2>7. Kan jag f\u00e5 prov till din kvalitet?<\/h2>\n<p>Vi har sm\u00e5 prover tillg\u00e4ngliga i butiken och vi tillhandah\u00e5ller dem g\u00e4rna gratis. F\u00f6r skr\u00e4ddarsydda prover, v\u00e4nligen r\u00e4kna med en ledtid p\u00e5 cirka 5-7 dagar.<\/p>\n<h2>8. Vilken information beh\u00f6vs f\u00f6r offert?<\/h2>\n<p>Det rekommenderas att tillhandah\u00e5lla:<br \/>\n\u25fc 2D-ritningar (PDF\/DWG)<br \/>\n\u25fc 3D-modell (STEP\/IGES)<br \/>\n\u25fc Tabell \u00f6ver tekniska parametrar (str\u00f6mf\u00f6rbrukning\/isoleringsklass etc.)<br \/>\n\u25fc S\u00e4rskilda milj\u00f6krav (fuktighet\/saltspray etc.)<\/p>\n<h2>9. Vilka \u00e4r f\u00f6rdelarna med att anv\u00e4nda kopparskenor?<\/h2>\n<p>\u2013 Konduktivitet \u226599,9% IACS<br \/>\n\u2013 Dragh\u00e5llfasthet \u2265 360 MPa<br \/>\n\u2013 Korrosionsbest\u00e4ndighetsklass C5 (ISO 9223)<br \/>\n\u2013 Temperaturreglering &lt;50K (vid nominell str\u00f6m)<\/p>\n<h2>10. Hur kan vi garantera kvalitet?<\/h2>\n<p>Strikt screening och bed\u00f6mning av r\u00e5varuleverant\u00f6rer, screening och kontroll f\u00f6re lagring Alltid ett f\u00f6rproduktionsprov innan massproduktion; Automatisk maskin + manuell dubbel inspektion innan produkterna skickas, f\u00f6r att s\u00e4kerst\u00e4lla produktkonsistens.<\/p>\n<h2>11. Hur l\u00e5ng \u00e4r livsl\u00e4ngden f\u00f6r samlingsskenor<\/h2>\n<p>Samlingsskenors livsl\u00e4ngd varierar beroende p\u00e5 faktorer som materialkvalitet, driftsf\u00f6rh\u00e5llanden och underh\u00e5ll. I allm\u00e4nhet har kopparskenor en l\u00e5ng livsl\u00e4ngd p\u00e5 grund av sin utm\u00e4rkta ledningsf\u00f6rm\u00e5ga och motst\u00e5ndskraft mot korrosion. Med korrekt installation och underh\u00e5ll kan kopparskenor h\u00e5lla i \u00e5rtionden, vilket ger tillf\u00f6rlitliga elektriska anslutningar i olika applikationer. Regelbundna inspektioner och f\u00f6rebyggande underh\u00e5ll kan bidra till att f\u00f6rl\u00e4nga livsl\u00e4ngden p\u00e5 samlingsskenorna ytterligare.<\/p>\n<h2>12. Kan jag f\u00e5 gratis prov?<\/h2>\n<p>\u2013 Standardprodukter: Gratisprover skickas inom 48 timmar<br \/>\n\u2013 Anpassade prover: Tillhandah\u00e5ll snabb verifieringstj\u00e4nst f\u00f6r 3D-utskrift<br \/>\n\u2013 St\u00f6djer konduktivitet, temperatur\u00f6kning och andra specialiserade tester<\/p>\n<h2>13. Vad \u00e4r leveranstiden?<\/h2>\n<p>Uppr\u00e4tta VMI-lagerhanteringsl\u00e4ge:<br \/>\n\u2013 Vanliga produkter: 72 timmars extremt snabb leverans<br \/>\n\u2013 Anpassade produkter: 15 dagars flexibel produktionscykel<br \/>\n\u2013 N\u00f6dorder: \u00d6ppna gr\u00f6n kanal<\/p>\n<h2>14. Kan jag bes\u00f6ka din fabrik?<\/h2>\n<p>Du \u00e4r v\u00e4lkommen att bes\u00f6ka v\u00e5r fabrik, och vi erbjuder gratis bil<\/p>\n<h2>15. Vilka \u00e4r leveransmetoderna?<\/h2>\n<p>Tillhandah\u00e5lla globaliserade logistiktj\u00e4nster:<br \/>\n\u2713 Optimering av multimodala transportl\u00f6sningar<br \/>\n\u2713 DDP d\u00f6rr-till-d\u00f6rr-service<br \/>\n\u2713 K\u00f6p av transportf\u00f6rs\u00e4kring<br \/>\n\u2713 System f\u00f6r sp\u00e5rning av last i realtid<\/p>\n<h2>16. Vilka tj\u00e4nster kan vi tillhandah\u00e5lla?<\/h2>\n<p>Godk\u00e4nda leveransvillkor: FOB, CIF, FAS, DDP, Expressleverans, DES;<br \/>\nGodk\u00e4nd betalningsvaluta: USD, AUD och CNY;<br \/>\nGodk\u00e4nd betalningstyp: T\/T, L\/C, MoneyGram, Kreditkort, PayPal, Western Union, Kontanter; Talat spr\u00e5k: engelska, kinesiska<\/p>\n<h2>17. Vad \u00e4r en samlingsskenaapplikation?<\/h2>\n<p>\u25b6 Nya kraftverk (solceller\/vindkraft)<br \/>\n\u25b6 J\u00e4rnv\u00e4gstransporters str\u00f6mf\u00f6rs\u00f6rjningssystem<br \/>\n\u25b6 Intelligent str\u00f6mf\u00f6rs\u00f6rjning f\u00f6r datacenter<br \/>\n\u25b6 Uppgradering av industriellt samlingsskenesystem<\/p>\n<h2>18.Hur v\u00e4ljer jag r\u00e4tt kopparskena f\u00f6r min applikation?<\/h2>\n<p>T\u00e4nk p\u00e5 faktorer som str\u00f6mf\u00f6rande kapacitet, sp\u00e4nningskrav, milj\u00f6f\u00f6rh\u00e5llanden, mekanisk styrka och utrymmesbegr\u00e4nsningar n\u00e4r du v\u00e4ljer en kopparskena. Det \u00e4r viktigt att r\u00e5dg\u00f6ra med en kunnig leverant\u00f6r f\u00f6r att s\u00e4kerst\u00e4lla r\u00e4tt val.<\/p>\n<h2>19. Hur kan jag f\u00e5 teknisk support?<\/h2>\n<p>Vi erbjuder:<br \/>\n\u2013 Kostnadsfri konsultation om optimering av elsystem<br \/>\n\u2013 Programvara f\u00f6r ber\u00e4kning av samlingsskendimensionering<br \/>\n\u2013 Videobibliotek med installationsinstruktioner<br \/>\n\u2013 P\u00e5minnelsetj\u00e4nst f\u00f6r regelbunden underh\u00e5ll<\/p>\n<h2>20. Hur kan vi inleda samarbetet?<\/h2>\n<p>1. F\u00f6rhandling om efterfr\u00e5gan (1 arbetsdag)<br \/>\n2. Programdesign (3\u20135 arbetsdagar)<br \/>\n3. Provbekr\u00e4ftelse (5\u20137 arbetsdagar)<br \/>\n4. massproduktion (10\u201315 arbetsdagar)<br \/>\n5. Sp\u00e5rning efter f\u00f6rs\u00e4ljning (livsl\u00e5ng service)<\/p>\n<\/div><\/div><\/div><\/div><\/div><\/p>","protected":false},"excerpt":{"rendered":"","protected":false},"author":1,"featured_media":4108,"parent":0,"menu_order":0,"comment_status":"closed","ping_status":"closed","template":"100-width.php","meta":{"content-type":"","_monsterinsights_skip_tracking":false,"_monsterinsights_sitenote_active":false,"_monsterinsights_sitenote_note":"","_monsterinsights_sitenote_category":0,"cybocfi_hide_featured_image":"","footnotes":""},"class_list":["post-4106","page","type-page","status-publish","has-post-thumbnail","hentry"],"yoast_head":"<!-- This site is optimized with the Yoast SEO plugin v27.2 - https:\/\/yoast.com\/product\/yoast-seo-wordpress\/ -->\n<title>Corporate FAQ<\/title>\n<meta name=\"description\" content=\"Corporate FAQ - We Focus Researching,Developing and manufacturing. - Busbar Manufacturers I Custom Copper Busbars\" \/>\n<meta name=\"robots\" content=\"index, follow, max-snippet:-1, max-image-preview:large, max-video-preview:-1\" \/>\n<link rel=\"canonical\" href=\"https:\/\/busbarmanufacturer.com\/sv\/corporate-faq\/\" \/>\n<meta property=\"og:locale\" content=\"sv_SE\" \/>\n<meta property=\"og:type\" content=\"article\" \/>\n<meta property=\"og:title\" content=\"Corporate FAQ\" \/>\n<meta property=\"og:description\" content=\"Corporate FAQ - We Focus Researching,Developing and manufacturing. - Busbar Manufacturers I Custom Copper Busbars\" \/>\n<meta property=\"og:url\" content=\"https:\/\/busbarmanufacturer.com\/sv\/corporate-faq\/\" \/>\n<meta property=\"og:site_name\" content=\"Busbar Manufacturers I Custom Copper Busbars\" \/>\n<meta property=\"article:modified_time\" content=\"2025-04-23T10:00:12+00:00\" \/>\n<meta property=\"og:image\" content=\"https:\/\/busbarmanufacturer.com\/wp-content\/uploads\/2021\/11\/banner-01.jpg\" \/>\n\t<meta property=\"og:image:width\" content=\"1393\" \/>\n\t<meta property=\"og:image:height\" content=\"430\" \/>\n\t<meta property=\"og:image:type\" content=\"image\/jpeg\" \/>\n<meta name=\"twitter:card\" content=\"summary_large_image\" \/>\n<meta name=\"twitter:label1\" content=\"Ber\u00e4knad l\u00e4stid\" \/>\n\t<meta name=\"twitter:data1\" content=\"4 minuter\" \/>\n<script type=\"application\/ld+json\" class=\"yoast-schema-graph\">{\"@context\":\"https:\/\/schema.org\",\"@graph\":[{\"@type\":\"WebPage\",\"@id\":\"https:\/\/busbarmanufacturer.com\/corporate-faq\/\",\"url\":\"https:\/\/busbarmanufacturer.com\/corporate-faq\/\",\"name\":\"Corporate FAQ\",\"isPartOf\":{\"@id\":\"https:\/\/busbarmanufacturer.com\/#website\"},\"primaryImageOfPage\":{\"@id\":\"https:\/\/busbarmanufacturer.com\/corporate-faq\/#primaryimage\"},\"image\":{\"@id\":\"https:\/\/busbarmanufacturer.com\/corporate-faq\/#primaryimage\"},\"thumbnailUrl\":\"https:\/\/busbarmanufacturer.com\/wp-content\/uploads\/2021\/11\/banner-01.jpg\",\"datePublished\":\"2021-11-16T16:14:47+00:00\",\"dateModified\":\"2025-04-23T10:00:12+00:00\",\"description\":\"Corporate FAQ - We Focus Researching,Developing and manufacturing. - Busbar Manufacturers I Custom Copper Busbars\",\"breadcrumb\":{\"@id\":\"https:\/\/busbarmanufacturer.com\/corporate-faq\/#breadcrumb\"},\"inLanguage\":\"sv-SE\",\"potentialAction\":[{\"@type\":\"ReadAction\",\"target\":[\"https:\/\/busbarmanufacturer.com\/corporate-faq\/\"]}]},{\"@type\":\"ImageObject\",\"inLanguage\":\"sv-SE\",\"@id\":\"https:\/\/busbarmanufacturer.com\/corporate-faq\/#primaryimage\",\"url\":\"https:\/\/busbarmanufacturer.com\/wp-content\/uploads\/2021\/11\/banner-01.jpg\",\"contentUrl\":\"https:\/\/busbarmanufacturer.com\/wp-content\/uploads\/2021\/11\/banner-01.jpg\",\"width\":1393,\"height\":430,\"caption\":\"banner-01\"},{\"@type\":\"BreadcrumbList\",\"@id\":\"https:\/\/busbarmanufacturer.com\/corporate-faq\/#breadcrumb\",\"itemListElement\":[{\"@type\":\"ListItem\",\"position\":1,\"name\":\"Home\",\"item\":\"https:\/\/busbarmanufacturer.com\/\"},{\"@type\":\"ListItem\",\"position\":2,\"name\":\"Corporate FAQ\"}]},{\"@type\":\"WebSite\",\"@id\":\"https:\/\/busbarmanufacturer.com\/#website\",\"url\":\"https:\/\/busbarmanufacturer.com\/\",\"name\":\"Busbar Manufacturers I Custom Copper Busbars\",\"description\":\"We Design &amp; Manufacturing\",\"publisher\":{\"@id\":\"https:\/\/busbarmanufacturer.com\/#organization\"},\"potentialAction\":[{\"@type\":\"SearchAction\",\"target\":{\"@type\":\"EntryPoint\",\"urlTemplate\":\"https:\/\/busbarmanufacturer.com\/?s={search_term_string}\"},\"query-input\":{\"@type\":\"PropertyValueSpecification\",\"valueRequired\":true,\"valueName\":\"search_term_string\"}}],\"inLanguage\":\"sv-SE\"},{\"@type\":\"Organization\",\"@id\":\"https:\/\/busbarmanufacturer.com\/#organization\",\"name\":\"Busbar Manufacturers I Custom Copper Busbars\",\"url\":\"https:\/\/busbarmanufacturer.com\/\",\"logo\":{\"@type\":\"ImageObject\",\"inLanguage\":\"sv-SE\",\"@id\":\"https:\/\/busbarmanufacturer.com\/#\/schema\/logo\/image\/\",\"url\":\"https:\/\/busbarmanufacturer.com\/wp-content\/uploads\/2024\/08\/copper-logo.jpg\",\"contentUrl\":\"https:\/\/busbarmanufacturer.com\/wp-content\/uploads\/2024\/08\/copper-logo.jpg\",\"width\":180,\"height\":105,\"caption\":\"Busbar Manufacturers I Custom Copper Busbars\"},\"image\":{\"@id\":\"https:\/\/busbarmanufacturer.com\/#\/schema\/logo\/image\/\"}}]}<\/script>\n<!-- \/ Yoast SEO plugin. -->","yoast_head_json":{"title":"F\u00f6retagens vanliga fr\u00e5gor","description":"F\u00f6retagsfr\u00e5gor - Vi fokuserar p\u00e5 forskning, utveckling och tillverkning. - Samlingsskenor Tillverkare I Anpassade kopparskenor","robots":{"index":"index","follow":"follow","max-snippet":"max-snippet:-1","max-image-preview":"max-image-preview:large","max-video-preview":"max-video-preview:-1"},"canonical":"https:\/\/busbarmanufacturer.com\/sv\/corporate-faq\/","og_locale":"sv_SE","og_type":"article","og_title":"Corporate FAQ","og_description":"Corporate FAQ - We Focus Researching,Developing and manufacturing. - Busbar Manufacturers I Custom Copper Busbars","og_url":"https:\/\/busbarmanufacturer.com\/sv\/corporate-faq\/","og_site_name":"Busbar Manufacturers I Custom Copper Busbars","article_modified_time":"2025-04-23T10:00:12+00:00","og_image":[{"width":1393,"height":430,"url":"https:\/\/busbarmanufacturer.com\/wp-content\/uploads\/2021\/11\/banner-01.jpg","type":"image\/jpeg"}],"twitter_card":"summary_large_image","twitter_misc":{"Ber\u00e4knad l\u00e4stid":"4 minuter"},"schema":{"@context":"https:\/\/schema.org","@graph":[{"@type":"WebPage","@id":"https:\/\/busbarmanufacturer.com\/corporate-faq\/","url":"https:\/\/busbarmanufacturer.com\/corporate-faq\/","name":"F\u00f6retagens vanliga fr\u00e5gor","isPartOf":{"@id":"https:\/\/busbarmanufacturer.com\/#website"},"primaryImageOfPage":{"@id":"https:\/\/busbarmanufacturer.com\/corporate-faq\/#primaryimage"},"image":{"@id":"https:\/\/busbarmanufacturer.com\/corporate-faq\/#primaryimage"},"thumbnailUrl":"https:\/\/busbarmanufacturer.com\/wp-content\/uploads\/2021\/11\/banner-01.jpg","datePublished":"2021-11-16T16:14:47+00:00","dateModified":"2025-04-23T10:00:12+00:00","description":"F\u00f6retagsfr\u00e5gor - Vi fokuserar p\u00e5 forskning, utveckling och tillverkning. - Samlingsskenor Tillverkare I Anpassade kopparskenor","breadcrumb":{"@id":"https:\/\/busbarmanufacturer.com\/corporate-faq\/#breadcrumb"},"inLanguage":"sv-SE","potentialAction":[{"@type":"ReadAction","target":["https:\/\/busbarmanufacturer.com\/corporate-faq\/"]}]},{"@type":"ImageObject","inLanguage":"sv-SE","@id":"https:\/\/busbarmanufacturer.com\/corporate-faq\/#primaryimage","url":"https:\/\/busbarmanufacturer.com\/wp-content\/uploads\/2021\/11\/banner-01.jpg","contentUrl":"https:\/\/busbarmanufacturer.com\/wp-content\/uploads\/2021\/11\/banner-01.jpg","width":1393,"height":430,"caption":"banner-01"},{"@type":"BreadcrumbList","@id":"https:\/\/busbarmanufacturer.com\/corporate-faq\/#breadcrumb","itemListElement":[{"@type":"ListItem","position":1,"name":"Home","item":"https:\/\/busbarmanufacturer.com\/"},{"@type":"ListItem","position":2,"name":"Corporate FAQ"}]},{"@type":"WebSite","@id":"https:\/\/busbarmanufacturer.com\/#website","url":"https:\/\/busbarmanufacturer.com\/","name":"Samlingsskenor Tillverkare I Anpassade kopparskenor","description":"Vi designar och tillverkar","publisher":{"@id":"https:\/\/busbarmanufacturer.com\/#organization"},"potentialAction":[{"@type":"SearchAction","target":{"@type":"EntryPoint","urlTemplate":"https:\/\/busbarmanufacturer.com\/?s={search_term_string}"},"query-input":{"@type":"PropertyValueSpecification","valueRequired":true,"valueName":"search_term_string"}}],"inLanguage":"sv-SE"},{"@type":"Organization","@id":"https:\/\/busbarmanufacturer.com\/#organization","name":"Samlingsskenor Tillverkare I Anpassade kopparskenor","url":"https:\/\/busbarmanufacturer.com\/","logo":{"@type":"ImageObject","inLanguage":"sv-SE","@id":"https:\/\/busbarmanufacturer.com\/#\/schema\/logo\/image\/","url":"https:\/\/busbarmanufacturer.com\/wp-content\/uploads\/2024\/08\/copper-logo.jpg","contentUrl":"https:\/\/busbarmanufacturer.com\/wp-content\/uploads\/2024\/08\/copper-logo.jpg","width":180,"height":105,"caption":"Busbar Manufacturers I Custom Copper Busbars"},"image":{"@id":"https:\/\/busbarmanufacturer.com\/#\/schema\/logo\/image\/"}}]}},"_links":{"self":[{"href":"https:\/\/busbarmanufacturer.com\/sv\/wp-json\/wp\/v2\/pages\/4106","targetHints":{"allow":["GET"]}}],"collection":[{"href":"https:\/\/busbarmanufacturer.com\/sv\/wp-json\/wp\/v2\/pages"}],"about":[{"href":"https:\/\/busbarmanufacturer.com\/sv\/wp-json\/wp\/v2\/types\/page"}],"author":[{"embeddable":true,"href":"https:\/\/busbarmanufacturer.com\/sv\/wp-json\/wp\/v2\/users\/1"}],"replies":[{"embeddable":true,"href":"https:\/\/busbarmanufacturer.com\/sv\/wp-json\/wp\/v2\/comments?post=4106"}],"version-history":[{"count":8,"href":"https:\/\/busbarmanufacturer.com\/sv\/wp-json\/wp\/v2\/pages\/4106\/revisions"}],"predecessor-version":[{"id":6939,"href":"https:\/\/busbarmanufacturer.com\/sv\/wp-json\/wp\/v2\/pages\/4106\/revisions\/6939"}],"wp:featuredmedia":[{"embeddable":true,"href":"https:\/\/busbarmanufacturer.com\/sv\/wp-json\/wp\/v2\/media\/4108"}],"wp:attachment":[{"href":"https:\/\/busbarmanufacturer.com\/sv\/wp-json\/wp\/v2\/media?parent=4106"}],"curies":[{"name":"wp","href":"https:\/\/api.w.org\/{rel}","templated":true}]}}