{"id":4106,"date":"2021-11-16T16:14:47","date_gmt":"2021-11-16T16:14:47","guid":{"rendered":"https:\/\/avadawebsites.wpengine.com\/classic\/?page_id=4106"},"modified":"2025-04-23T10:00:12","modified_gmt":"2025-04-23T10:00:12","slug":"corporate-faq","status":"publish","type":"page","link":"https:\/\/busbarmanufacturer.com\/tr\/corporate-faq\/","title":{"rendered":"Kurumsal SSS"},"content":{"rendered":"<p><div class=\"fusion-fullwidth fullwidth-box fusion-builder-row-1 fusion-flex-container has-pattern-background has-mask-background fusion-parallax-none nonhundred-percent-fullwidth non-hundred-percent-height-scrolling lazyload\" style=\"--awb-border-radius-top-left:0px;--awb-border-radius-top-right:0px;--awb-border-radius-bottom-right:0px;--awb-border-radius-bottom-left:0px;--awb-padding-top:130PX;--awb-padding-bottom:130PX;--awb-background-size:cover;--awb-flex-wrap:wrap;\" data-bg=\"https:\/\/busbarmanufacturer.com\/wp-content\/uploads\/2024\/07\/copper-busbar-factory.jpg\" ><div class=\"fusion-builder-row fusion-row fusion-flex-align-items-flex-start fusion-flex-content-wrap\" style=\"max-width:1216.8px;margin-left: calc(-4% \/ 2 );margin-right: calc(-4% \/ 2 );\"><div class=\"fusion-layout-column fusion_builder_column fusion-builder-column-0 fusion_builder_column_1_1 1_1 fusion-flex-column\" style=\"--awb-bg-size:cover;--awb-width-large:100%;--awb-margin-top-large:0px;--awb-spacing-right-large:1.92%;--awb-margin-bottom-large:20px;--awb-spacing-left-large:1.92%;--awb-width-medium:100%;--awb-order-medium:0;--awb-spacing-right-medium:1.92%;--awb-spacing-left-medium:1.92%;--awb-width-small:100%;--awb-order-small:0;--awb-spacing-right-small:1.92%;--awb-spacing-left-small:1.92%;\"><div class=\"fusion-column-wrapper fusion-column-has-shadow fusion-flex-justify-content-flex-start fusion-content-layout-column\"><\/div><\/div><\/div><\/div><div class=\"fusion-fullwidth fullwidth-box fusion-builder-row-2 fusion-flex-container has-pattern-background has-mask-background nonhundred-percent-fullwidth non-hundred-percent-height-scrolling fusion-animated\" style=\"--awb-border-sizes-top:0px;--awb-border-sizes-bottom:0px;--awb-border-sizes-left:0px;--awb-border-sizes-right:0px;--awb-border-radius-top-left:0px;--awb-border-radius-top-right:0px;--awb-border-radius-bottom-right:0px;--awb-border-radius-bottom-left:0px;--awb-margin-top:70px;--awb-margin-bottom:120px;--awb-margin-bottom-medium:80px;--awb-margin-bottom-small:60px;--awb-flex-wrap:wrap;\" data-animationtype=\"fadeInUp\" data-animationduration=\"1.3\" data-animationoffset=\"top-into-view\" ><div class=\"fusion-builder-row fusion-row fusion-flex-align-items-center fusion-flex-content-wrap\" style=\"max-width:1216.8px;margin-left: calc(-4% \/ 2 );margin-right: calc(-4% \/ 2 );\"><div class=\"fusion-layout-column fusion_builder_column fusion-builder-column-1 fusion-flex-column\" style=\"--awb-bg-blend:overlay;--awb-bg-size:cover;--awb-width-large:40%;--awb-margin-top-large:0px;--awb-spacing-right-large:3.84%;--awb-margin-bottom-large:80px;--awb-spacing-left-large:4.8%;--awb-width-medium:40%;--awb-spacing-right-medium:3.84%;--awb-spacing-left-medium:4.8%;--awb-width-small:100%;--awb-spacing-right-small:1.92%;--awb-margin-bottom-small:15px;--awb-spacing-left-small:1.92%;\"><div class=\"fusion-column-wrapper fusion-flex-justify-content-flex-start fusion-content-layout-column\"><div class=\"fusion-text fusion-text-1\" style=\"--awb-font-size:var(--awb-typography2-font-size);--awb-line-height:var(--awb-typography2-line-height);--awb-letter-spacing:var(--awb-typography2-letter-spacing);--awb-text-transform:var(--awb-typography2-text-transform);--awb-text-color:var(--awb-color4);--awb-text-font-family:var(--awb-typography2-font-family);--awb-text-font-weight:var(--awb-typography2-font-weight);--awb-text-font-style:var(--awb-typography2-font-style);\"><p style=\"letter-spacing: 3px;\">KURUMSAL SSS&#039;YE HO\u015e GELD\u0130N\u0130Z<\/p>\n<\/div><div class=\"fusion-title title fusion-title-1 fusion-title-text fusion-title-size-two\" style=\"--awb-margin-bottom:0px;--awb-margin-top-small:0px;--awb-margin-bottom-small:20px;--awb-font-size:37px;\"><div class=\"title-sep-container title-sep-container-left fusion-no-large-visibility fusion-no-medium-visibility fusion-no-small-visibility\"><div class=\"title-sep sep- sep-solid\" style=\"border-color:var(--awb-color3);\"><\/div><\/div><span class=\"awb-title-spacer fusion-no-large-visibility fusion-no-medium-visibility fusion-no-small-visibility\"><\/span><h2 class=\"fusion-title-heading title-heading-left fusion-responsive-typography-calculated\" style=\"margin:0;text-transform:capitalize;font-size:1em;--fontSize:37;line-height:1.35;\"><h1>\u0130\u015fte En S\u0131k Sorulan Sorular.<\/h1><\/h2><span class=\"awb-title-spacer\"><\/span><div class=\"title-sep-container title-sep-container-right\"><div class=\"title-sep sep- sep-solid\" style=\"border-color:var(--awb-color3);\"><\/div><\/div><\/div><\/div><\/div><div class=\"fusion-layout-column fusion_builder_column fusion-builder-column-2 fusion-flex-column\" style=\"--awb-bg-blend:overlay;--awb-bg-size:cover;--awb-width-large:60%;--awb-margin-top-large:0px;--awb-spacing-right-large:3.2%;--awb-margin-bottom-large:80px;--awb-spacing-left-large:6.4%;--awb-width-medium:60%;--awb-spacing-right-medium:3.2%;--awb-spacing-left-medium:6.4%;--awb-width-small:100%;--awb-spacing-right-small:1.92%;--awb-spacing-left-small:1.92%;\"><div class=\"fusion-column-wrapper fusion-flex-justify-content-flex-start fusion-content-layout-column\"><div class=\"fusion-text fusion-text-2 fusion-text-no-margin\" style=\"--awb-text-color:var(--awb-color7);--awb-margin-bottom:0px;\"><p>Profesyonel bir bak\u0131r bara \u00fcreticisi olarak, m\u00fc\u015fterilerin en \u00e7ok endi\u015fe duydu\u011fu 18 temel konuyu \u00f6zetleyerek size kapsaml\u0131 \u00e7\u00f6z\u00fcmler sunuyoruz:<\/p>\n<\/div><\/div><\/div><div class=\"fusion-layout-column fusion_builder_column fusion-builder-column-3 fusion_builder_column_1_1 1_1 fusion-flex-column\" style=\"--awb-bg-size:cover;--awb-width-large:100%;--awb-margin-top-large:0px;--awb-spacing-right-large:1.92%;--awb-margin-bottom-large:0px;--awb-spacing-left-large:1.92%;--awb-width-medium:100%;--awb-order-medium:0;--awb-spacing-right-medium:1.92%;--awb-spacing-left-medium:1.92%;--awb-width-small:100%;--awb-order-small:0;--awb-spacing-right-small:1.92%;--awb-spacing-left-small:1.92%;\"><div class=\"fusion-column-wrapper fusion-column-has-shadow fusion-flex-justify-content-flex-start fusion-content-layout-column\"><div class=\"fusion-text fusion-text-3\" style=\"--awb-text-color:#000000;\"><h2>1. Fabrika m\u0131s\u0131n\u0131z yoksa ticaret \u015firketi misiniz?<\/h2>\n<p>ISO sertifikal\u0131 bir \u00fcretici olarak, hammadde i\u015flemeden bitmi\u015f \u00fcr\u00fcn montaj\u0131na kadar komple bir end\u00fcstriyel zincirle donat\u0131lm\u0131\u015f, 1000 metrekarelik bir alan\u0131 kaplayan modern bir fabrikam\u0131z var. Kendi geli\u015ftirdi\u011fimiz dijital y\u00f6netim sistemi, her \u00fcretim s\u00fcrecinin IEC 61439 uluslararas\u0131 standard\u0131na uygun olmas\u0131n\u0131 sa\u011flar.<\/p>\n<h2>2. Kal\u0131p tasar\u0131m ve \u00fcretim kabiliyetleriniz nas\u0131l?<\/h2>\n<p>\u00c7ok say\u0131da i\u015f birli\u011fi orta\u011f\u0131na tasar\u0131m hizmeti sunabilecek kapasitede bir \u015firket i\u00e7i tasar\u0131m departman\u0131na sahibiz.<\/p>\n<p>\u2013 CAD\/CAM tasar\u0131m merkezi ve CNC i\u015fleme merkezi ile donat\u0131lm\u0131\u015ft\u0131r.<br \/>\n\u2013 S\u0131cak pres kal\u0131plama ve lazer mikro grav\u00fcr gibi 12 adet patentli teknolojimiz bulunmaktad\u0131r.<br \/>\n\u2013 0,02 mm hassasiyetle karma\u015f\u0131k yap\u0131 kal\u0131plar\u0131n\u0131n geli\u015ftirilmesini destekliyoruz.<br \/>\n\u2013 72 saat i\u00e7inde h\u0131zl\u0131 prototipleme<\/p>\n<h2>3. OEM veya ODM kabul edebiliyorsan\u0131z, minimum sipari\u015f miktar\u0131 nedir?<\/h2>\n<p>Biz profesyonel bir OEM \u00fcreticisiyiz, hi\u00e7bir \u00fcr\u00fcn i\u00e7in MOQ&#039;umuz yoktur.<\/p>\n<h2>4. Fabrikan\u0131z kalite kontrol konusunda ne yap\u0131yor?<\/h2>\n<p>1. Hammadde izlenebilirli\u011fi: LME sertifikal\u0131 bak\u0131r katot kullan\u0131lmaktad\u0131r.<br \/>\n2. Proses izleme: SPC istatistiksel proses kontrol\u00fc.<br \/>\n3. Bitmi\u015f \u00fcr\u00fcn testi: IP68 koruma testini ge\u00e7ti.<br \/>\n4. Sevkiyat do\u011frulamas\u0131: k\u0131z\u0131l\u00f6tesi termal g\u00f6r\u00fcnt\u00fcleme alg\u0131lama ile donat\u0131lm\u0131\u015ft\u0131r<br \/>\n5. \u0130zlenebilirlik sistemi: 15 y\u0131ll\u0131k kalite kay\u0131tlar\u0131 kontrol edilebilir.<\/p>\n<h2>5. Tasar\u0131m \u00e7izimlerimize veya fikirlerimize dayal\u0131 olarak \u00f6zelle\u015ftirilmi\u015f baralar \u00fcretiyor musunuz?<\/h2>\n<p>OEM\/ODM hizmeti veriyoruz:<br \/>\n\u2713 S\u0131f\u0131r MOQ ile sipari\u015f alma esnekli\u011fi.<br \/>\n\u2713 \u00c7e\u015fitli formlarda \u00e7izim\/\u00f6rnek\/kavramsal tasar\u0131m deste\u011fi<br \/>\n\u2713 DFM \u00fcretilebilirlik analizi hizmeti sa\u011flamak.<br \/>\n\u2713 M\u00fchendislik ekibi 1&#039;e 1 tam yerle\u015ftirme<\/p>\n<h2>6. Toz boya prosesini kendi b\u00fcnyenizde mi y\u00f6netiyorsunuz?<\/h2>\n<p>Asl\u0131nda, lazer kesim, NCT delme, b\u00fckme, kaynak (TIG, CO2 ark kayna\u011f\u0131), ta\u015flama, bant parlatma, toz kaplama, boya kaplama ve serigrafi bask\u0131y\u0131 kapsayan kapsaml\u0131 bir \u00fcretim hizmetleri yelpazesi sunan \u00f6zel bir sac metal imalat tesisiyiz.<\/p>\n<h2>7. Kalitenizden numune alabilir miyim?<\/h2>\n<p>Ma\u011fazam\u0131zda k\u00fc\u00e7\u00fck numunelerimiz mevcuttur ve bunlar\u0131 \u00fccretsiz olarak sa\u011flamaktan mutluluk duyar\u0131z. \u00d6zelle\u015ftirilmi\u015f numuneler i\u00e7in l\u00fctfen yakla\u015f\u0131k 5-7 g\u00fcnl\u00fck bir teslim s\u00fcresi bekleyin.<\/p>\n<h2>8. Teklif i\u00e7in hangi bilgilere ihtiya\u00e7 var?<\/h2>\n<p>A\u015fa\u011f\u0131dakilerin sa\u011flanmas\u0131 \u00f6nerilir:<br \/>\n\u25fc 2D \u00e7izimler (PDF\/DWG)<br \/>\n\u25fc 3D model (STEP\/IGES)<br \/>\n\u25fc Teknik parametreler tablosu (ak\u0131m ta\u015f\u0131ma kapasitesi\/yal\u0131t\u0131m s\u0131n\u0131f\u0131, vb.)<br \/>\n\u25fc \u00d6zel \u00e7evresel gereksinimler (nem\/tuz spreyi, vb.)<\/p>\n<h2>9. Bak\u0131r baralar\u0131n kullan\u0131lmas\u0131n\u0131n avantajlar\u0131 nelerdir?<\/h2>\n<p>\u2013 \u0130letkenlik \u226599.9% IACS<br \/>\n\u2013 \u00c7ekme dayan\u0131m\u0131 \u2265 360MPa<br \/>\n\u2013 Korozyon diren\u00e7 s\u0131n\u0131f\u0131 C5 (ISO 9223)<br \/>\n\u2013 S\u0131cakl\u0131k art\u0131\u015f kontrol\u00fc &lt;50K (nominal ak\u0131mda)<\/p>\n<h2>10. Kaliteyi nas\u0131l garantileyebiliriz?<\/h2>\n<p>Hammadde tedarik\u00e7ilerinin s\u0131k\u0131 bir \u015fekilde taranmas\u0131 ve de\u011ferlendirilmesi, depolama \u00f6ncesi tarama ve muayene Seri \u00fcretimden \u00f6nce her zaman bir \u00fcretim \u00f6ncesi numune; \u00dcr\u00fcnler sevk edilmeden \u00f6nce otomatik makine + manuel \u00e7ift muayene, \u00fcr\u00fcn tutarl\u0131l\u0131\u011f\u0131n\u0131 sa\u011flamak i\u00e7in.<\/p>\n<h2>11. Baralar\u0131n hizmet \u00f6mr\u00fc ne kadard\u0131r?<\/h2>\n<p>Baralar\u0131n hizmet \u00f6mr\u00fc, malzeme kalitesi, \u00e7al\u0131\u015fma ko\u015fullar\u0131 ve bak\u0131m gibi fakt\u00f6rlere ba\u011fl\u0131 olarak de\u011fi\u015fir. Genellikle bak\u0131r baralar, m\u00fckemmel iletkenlikleri ve korozyona kar\u015f\u0131 diren\u00e7leri nedeniyle uzun bir hizmet \u00f6mr\u00fcne sahiptir. Uygun kurulum ve bak\u0131mla bak\u0131r baralar onlarca y\u0131l dayanabilir ve \u00e7e\u015fitli uygulamalarda g\u00fcvenilir elektrik ba\u011flant\u0131lar\u0131 sa\u011flayabilir. D\u00fczenli incelemeler ve \u00f6nleyici bak\u0131m, baralar\u0131n hizmet \u00f6mr\u00fcn\u00fc daha da uzatmaya yard\u0131mc\u0131 olabilir.<\/p>\n<h2>12. \u00dccretsiz numune alabilir miyim?<\/h2>\n<p>\u2013 Standart \u00fcr\u00fcnler: 48 saat i\u00e7inde \u00fccretsiz numuneler g\u00f6nderilir<br \/>\n\u2013 \u00d6zelle\u015ftirilmi\u015f numuneler: 3D bask\u0131 h\u0131zl\u0131 do\u011frulama hizmeti sa\u011flay\u0131n<br \/>\n\u2013 \u0130letkenlik, s\u0131cakl\u0131k art\u0131\u015f\u0131 ve di\u011fer \u00f6zel testleri destekler<\/p>\n<h2>13. Teslimat s\u00fcresi nedir?<\/h2>\n<p>VMI envanter y\u00f6netim modunu kurun:<br \/>\n\u2013 Normal \u00fcr\u00fcnler: 72 saatte son derece h\u0131zl\u0131 teslimat<br \/>\n\u2013 \u00d6zelle\u015ftirilmi\u015f \u00fcr\u00fcnler: 15 g\u00fcnl\u00fck esnek \u00fcretim d\u00f6ng\u00fcs\u00fc<br \/>\n\u2013 Acil durum emirleri: Ye\u015fil kanal\u0131 a\u00e7\u0131n<\/p>\n<h2>14. Fabrikan\u0131z\u0131 ziyaret edebilir miyim?<\/h2>\n<p>Fabrikam\u0131z\u0131 ziyaret etmenizi bekliyoruz ve \u00fccretsiz araba hizmeti sunuyoruz<\/p>\n<h2>15.Kargolama y\u00f6ntemleri nelerdir?<\/h2>\n<p>K\u00fcresel lojistik hizmetleri sa\u011flay\u0131n:<br \/>\n\u2713 \u00c7ok modlu ta\u015f\u0131mac\u0131l\u0131k \u00e7\u00f6z\u00fcm\u00fc optimizasyonu<br \/>\n\u2713 DDP kap\u0131dan kap\u0131ya servis<br \/>\n\u2713 Ta\u015f\u0131mac\u0131l\u0131k sigortas\u0131 sat\u0131n al\u0131nmas\u0131<br \/>\n\u2713 Ger\u00e7ek zamanl\u0131 kargo takip sistemi<\/p>\n<h2>16.Hangi hizmetleri sa\u011flayabiliyoruz?<\/h2>\n<p>Kabul Edilen Teslimat \u015eartlar\u0131: FOB, CIF, FAS, DDP, Ekspres Teslimat, DES;<br \/>\nKabul Edilen \u00d6deme Para Birimi: USD, AUD ve CNY;<br \/>\nKabul Edilen \u00d6deme T\u00fcr\u00fc: T\/T, L\/C, MoneyGram, Kredi Kart\u0131, PayPal, Western Union, Nakit; Konu\u015fulan Dil: \u0130ngilizce, \u00c7ince<\/p>\n<h2>17.Busbar uygulamas\u0131 nedir?<\/h2>\n<p>\u25b6 Yeni enerji santralleri (fotovoltaik\/r\u00fczgar enerjisi)<br \/>\n\u25b6 Demiryolu ta\u015f\u0131mac\u0131l\u0131\u011f\u0131 g\u00fc\u00e7 kayna\u011f\u0131 sistemi<br \/>\n\u25b6 Veri merkezi ak\u0131ll\u0131 g\u00fc\u00e7 da\u011f\u0131t\u0131m\u0131<br \/>\n\u25b6 End\u00fcstriyel bara sistemi y\u00fckseltmesi<\/p>\n<h2>18.Uygulamam i\u00e7in do\u011fru bak\u0131r baray\u0131 nas\u0131l se\u00e7erim?<\/h2>\n<p>Bak\u0131r bara se\u00e7erken ak\u0131m ta\u015f\u0131ma kapasitesi, voltaj gereksinimleri, \u00e7evre ko\u015fullar\u0131, mekanik dayan\u0131kl\u0131l\u0131k ve alan s\u0131n\u0131rlamalar\u0131 gibi fakt\u00f6rleri g\u00f6z \u00f6n\u00fcnde bulundurun. Do\u011fru se\u00e7imi sa\u011flamak i\u00e7in bilgili bir tedarik\u00e7iye dan\u0131\u015fmak \u00f6nemlidir.<\/p>\n<h2>19. Teknik destek nas\u0131l alabilirim?<\/h2>\n<p>Biz sunuyoruz:<br \/>\n\u2013 \u00dccretsiz elektrik sistemi optimizasyon dan\u0131\u015fmanl\u0131\u011f\u0131<br \/>\n\u2013 Bara boyutland\u0131rma hesaplama yaz\u0131l\u0131m\u0131<br \/>\n\u2013 Kurulum talimat\u0131 video k\u00fct\u00fcphanesi<br \/>\n\u2013 D\u00fczenli bak\u0131m hat\u0131rlatma servisi<\/p>\n<h2>20. \u0130\u015fbirli\u011fine nas\u0131l ba\u015flayabiliriz?<\/h2>\n<p>1. Talep m\u00fczakeresi (1 i\u015f g\u00fcn\u00fc)<br \/>\n2. Program tasar\u0131m\u0131 (3-5 i\u015f g\u00fcn\u00fc)<br \/>\n3. Numune onay\u0131 (5-7 i\u015f g\u00fcn\u00fc)<br \/>\n4. seri \u00fcretim (10-15 i\u015f g\u00fcn\u00fc)<br \/>\n5. Sat\u0131\u015f sonras\u0131 takip (\u00f6m\u00fcr boyu hizmet)<\/p>\n<\/div><\/div><\/div><\/div><\/div><\/p>","protected":false},"excerpt":{"rendered":"","protected":false},"author":1,"featured_media":4108,"parent":0,"menu_order":0,"comment_status":"closed","ping_status":"closed","template":"100-width.php","meta":{"content-type":"","_monsterinsights_skip_tracking":false,"_monsterinsights_sitenote_active":false,"_monsterinsights_sitenote_note":"","_monsterinsights_sitenote_category":0,"cybocfi_hide_featured_image":"","footnotes":""},"class_list":["post-4106","page","type-page","status-publish","has-post-thumbnail","hentry"],"yoast_head":"<!-- This site is optimized with the Yoast SEO plugin v27.2 - https:\/\/yoast.com\/product\/yoast-seo-wordpress\/ -->\n<title>Corporate FAQ<\/title>\n<meta name=\"description\" content=\"Corporate FAQ - We Focus Researching,Developing and manufacturing. - Busbar Manufacturers I Custom Copper Busbars\" \/>\n<meta name=\"robots\" content=\"index, follow, max-snippet:-1, max-image-preview:large, max-video-preview:-1\" \/>\n<link rel=\"canonical\" href=\"https:\/\/busbarmanufacturer.com\/tr\/corporate-faq\/\" \/>\n<meta property=\"og:locale\" content=\"tr_TR\" \/>\n<meta property=\"og:type\" content=\"article\" \/>\n<meta property=\"og:title\" content=\"Corporate FAQ\" \/>\n<meta property=\"og:description\" content=\"Corporate FAQ - We Focus Researching,Developing and manufacturing. - Busbar Manufacturers I Custom Copper Busbars\" \/>\n<meta property=\"og:url\" content=\"https:\/\/busbarmanufacturer.com\/tr\/corporate-faq\/\" \/>\n<meta property=\"og:site_name\" content=\"Busbar Manufacturers I Custom Copper Busbars\" \/>\n<meta property=\"article:modified_time\" content=\"2025-04-23T10:00:12+00:00\" \/>\n<meta property=\"og:image\" content=\"https:\/\/busbarmanufacturer.com\/wp-content\/uploads\/2021\/11\/banner-01.jpg\" \/>\n\t<meta property=\"og:image:width\" content=\"1393\" \/>\n\t<meta property=\"og:image:height\" content=\"430\" \/>\n\t<meta property=\"og:image:type\" content=\"image\/jpeg\" \/>\n<meta name=\"twitter:card\" content=\"summary_large_image\" \/>\n<meta name=\"twitter:label1\" content=\"Tahmini okuma s\u00fcresi\" \/>\n\t<meta name=\"twitter:data1\" content=\"4 dakika\" \/>\n<script type=\"application\/ld+json\" class=\"yoast-schema-graph\">{\"@context\":\"https:\/\/schema.org\",\"@graph\":[{\"@type\":\"WebPage\",\"@id\":\"https:\/\/busbarmanufacturer.com\/corporate-faq\/\",\"url\":\"https:\/\/busbarmanufacturer.com\/corporate-faq\/\",\"name\":\"Corporate FAQ\",\"isPartOf\":{\"@id\":\"https:\/\/busbarmanufacturer.com\/#website\"},\"primaryImageOfPage\":{\"@id\":\"https:\/\/busbarmanufacturer.com\/corporate-faq\/#primaryimage\"},\"image\":{\"@id\":\"https:\/\/busbarmanufacturer.com\/corporate-faq\/#primaryimage\"},\"thumbnailUrl\":\"https:\/\/busbarmanufacturer.com\/wp-content\/uploads\/2021\/11\/banner-01.jpg\",\"datePublished\":\"2021-11-16T16:14:47+00:00\",\"dateModified\":\"2025-04-23T10:00:12+00:00\",\"description\":\"Corporate FAQ - We Focus Researching,Developing and manufacturing. - Busbar Manufacturers I Custom Copper Busbars\",\"breadcrumb\":{\"@id\":\"https:\/\/busbarmanufacturer.com\/corporate-faq\/#breadcrumb\"},\"inLanguage\":\"tr\",\"potentialAction\":[{\"@type\":\"ReadAction\",\"target\":[\"https:\/\/busbarmanufacturer.com\/corporate-faq\/\"]}]},{\"@type\":\"ImageObject\",\"inLanguage\":\"tr\",\"@id\":\"https:\/\/busbarmanufacturer.com\/corporate-faq\/#primaryimage\",\"url\":\"https:\/\/busbarmanufacturer.com\/wp-content\/uploads\/2021\/11\/banner-01.jpg\",\"contentUrl\":\"https:\/\/busbarmanufacturer.com\/wp-content\/uploads\/2021\/11\/banner-01.jpg\",\"width\":1393,\"height\":430,\"caption\":\"banner-01\"},{\"@type\":\"BreadcrumbList\",\"@id\":\"https:\/\/busbarmanufacturer.com\/corporate-faq\/#breadcrumb\",\"itemListElement\":[{\"@type\":\"ListItem\",\"position\":1,\"name\":\"Home\",\"item\":\"https:\/\/busbarmanufacturer.com\/\"},{\"@type\":\"ListItem\",\"position\":2,\"name\":\"Corporate FAQ\"}]},{\"@type\":\"WebSite\",\"@id\":\"https:\/\/busbarmanufacturer.com\/#website\",\"url\":\"https:\/\/busbarmanufacturer.com\/\",\"name\":\"Busbar Manufacturers I Custom Copper Busbars\",\"description\":\"We Design &amp; Manufacturing\",\"publisher\":{\"@id\":\"https:\/\/busbarmanufacturer.com\/#organization\"},\"potentialAction\":[{\"@type\":\"SearchAction\",\"target\":{\"@type\":\"EntryPoint\",\"urlTemplate\":\"https:\/\/busbarmanufacturer.com\/?s={search_term_string}\"},\"query-input\":{\"@type\":\"PropertyValueSpecification\",\"valueRequired\":true,\"valueName\":\"search_term_string\"}}],\"inLanguage\":\"tr\"},{\"@type\":\"Organization\",\"@id\":\"https:\/\/busbarmanufacturer.com\/#organization\",\"name\":\"Busbar Manufacturers I Custom Copper Busbars\",\"url\":\"https:\/\/busbarmanufacturer.com\/\",\"logo\":{\"@type\":\"ImageObject\",\"inLanguage\":\"tr\",\"@id\":\"https:\/\/busbarmanufacturer.com\/#\/schema\/logo\/image\/\",\"url\":\"https:\/\/busbarmanufacturer.com\/wp-content\/uploads\/2024\/08\/copper-logo.jpg\",\"contentUrl\":\"https:\/\/busbarmanufacturer.com\/wp-content\/uploads\/2024\/08\/copper-logo.jpg\",\"width\":180,\"height\":105,\"caption\":\"Busbar Manufacturers I Custom Copper Busbars\"},\"image\":{\"@id\":\"https:\/\/busbarmanufacturer.com\/#\/schema\/logo\/image\/\"}}]}<\/script>\n<!-- \/ Yoast SEO plugin. -->","yoast_head_json":{"title":"Kurumsal SSS","description":"Kurumsal SSS - Ara\u015ft\u0131rma, Geli\u015ftirme ve \u00dcretime Odaklan\u0131yoruz. - Busbar \u00dcreticileri I \u00d6zel Bak\u0131r Busbarlar","robots":{"index":"index","follow":"follow","max-snippet":"max-snippet:-1","max-image-preview":"max-image-preview:large","max-video-preview":"max-video-preview:-1"},"canonical":"https:\/\/busbarmanufacturer.com\/tr\/corporate-faq\/","og_locale":"tr_TR","og_type":"article","og_title":"Corporate FAQ","og_description":"Corporate FAQ - We Focus Researching,Developing and manufacturing. - Busbar Manufacturers I Custom Copper Busbars","og_url":"https:\/\/busbarmanufacturer.com\/tr\/corporate-faq\/","og_site_name":"Busbar Manufacturers I Custom Copper Busbars","article_modified_time":"2025-04-23T10:00:12+00:00","og_image":[{"width":1393,"height":430,"url":"https:\/\/busbarmanufacturer.com\/wp-content\/uploads\/2021\/11\/banner-01.jpg","type":"image\/jpeg"}],"twitter_card":"summary_large_image","twitter_misc":{"Tahmini okuma s\u00fcresi":"4 dakika"},"schema":{"@context":"https:\/\/schema.org","@graph":[{"@type":"WebPage","@id":"https:\/\/busbarmanufacturer.com\/corporate-faq\/","url":"https:\/\/busbarmanufacturer.com\/corporate-faq\/","name":"Kurumsal SSS","isPartOf":{"@id":"https:\/\/busbarmanufacturer.com\/#website"},"primaryImageOfPage":{"@id":"https:\/\/busbarmanufacturer.com\/corporate-faq\/#primaryimage"},"image":{"@id":"https:\/\/busbarmanufacturer.com\/corporate-faq\/#primaryimage"},"thumbnailUrl":"https:\/\/busbarmanufacturer.com\/wp-content\/uploads\/2021\/11\/banner-01.jpg","datePublished":"2021-11-16T16:14:47+00:00","dateModified":"2025-04-23T10:00:12+00:00","description":"Kurumsal SSS - Ara\u015ft\u0131rma, Geli\u015ftirme ve \u00dcretime Odaklan\u0131yoruz. - Busbar \u00dcreticileri I \u00d6zel Bak\u0131r Busbarlar","breadcrumb":{"@id":"https:\/\/busbarmanufacturer.com\/corporate-faq\/#breadcrumb"},"inLanguage":"tr","potentialAction":[{"@type":"ReadAction","target":["https:\/\/busbarmanufacturer.com\/corporate-faq\/"]}]},{"@type":"ImageObject","inLanguage":"tr","@id":"https:\/\/busbarmanufacturer.com\/corporate-faq\/#primaryimage","url":"https:\/\/busbarmanufacturer.com\/wp-content\/uploads\/2021\/11\/banner-01.jpg","contentUrl":"https:\/\/busbarmanufacturer.com\/wp-content\/uploads\/2021\/11\/banner-01.jpg","width":1393,"height":430,"caption":"banner-01"},{"@type":"BreadcrumbList","@id":"https:\/\/busbarmanufacturer.com\/corporate-faq\/#breadcrumb","itemListElement":[{"@type":"ListItem","position":1,"name":"Home","item":"https:\/\/busbarmanufacturer.com\/"},{"@type":"ListItem","position":2,"name":"Corporate FAQ"}]},{"@type":"WebSite","@id":"https:\/\/busbarmanufacturer.com\/#website","url":"https:\/\/busbarmanufacturer.com\/","name":"Busbar \u00dcreticileri I \u00d6zel Bak\u0131r Busbarlar","description":"Tasar\u0131m ve \u00dcretim Yap\u0131yoruz","publisher":{"@id":"https:\/\/busbarmanufacturer.com\/#organization"},"potentialAction":[{"@type":"SearchAction","target":{"@type":"EntryPoint","urlTemplate":"https:\/\/busbarmanufacturer.com\/?s={search_term_string}"},"query-input":{"@type":"PropertyValueSpecification","valueRequired":true,"valueName":"search_term_string"}}],"inLanguage":"tr"},{"@type":"Organization","@id":"https:\/\/busbarmanufacturer.com\/#organization","name":"Busbar \u00dcreticileri I \u00d6zel Bak\u0131r Busbarlar","url":"https:\/\/busbarmanufacturer.com\/","logo":{"@type":"ImageObject","inLanguage":"tr","@id":"https:\/\/busbarmanufacturer.com\/#\/schema\/logo\/image\/","url":"https:\/\/busbarmanufacturer.com\/wp-content\/uploads\/2024\/08\/copper-logo.jpg","contentUrl":"https:\/\/busbarmanufacturer.com\/wp-content\/uploads\/2024\/08\/copper-logo.jpg","width":180,"height":105,"caption":"Busbar Manufacturers I Custom Copper Busbars"},"image":{"@id":"https:\/\/busbarmanufacturer.com\/#\/schema\/logo\/image\/"}}]}},"_links":{"self":[{"href":"https:\/\/busbarmanufacturer.com\/tr\/wp-json\/wp\/v2\/pages\/4106","targetHints":{"allow":["GET"]}}],"collection":[{"href":"https:\/\/busbarmanufacturer.com\/tr\/wp-json\/wp\/v2\/pages"}],"about":[{"href":"https:\/\/busbarmanufacturer.com\/tr\/wp-json\/wp\/v2\/types\/page"}],"author":[{"embeddable":true,"href":"https:\/\/busbarmanufacturer.com\/tr\/wp-json\/wp\/v2\/users\/1"}],"replies":[{"embeddable":true,"href":"https:\/\/busbarmanufacturer.com\/tr\/wp-json\/wp\/v2\/comments?post=4106"}],"version-history":[{"count":8,"href":"https:\/\/busbarmanufacturer.com\/tr\/wp-json\/wp\/v2\/pages\/4106\/revisions"}],"predecessor-version":[{"id":6939,"href":"https:\/\/busbarmanufacturer.com\/tr\/wp-json\/wp\/v2\/pages\/4106\/revisions\/6939"}],"wp:featuredmedia":[{"embeddable":true,"href":"https:\/\/busbarmanufacturer.com\/tr\/wp-json\/wp\/v2\/media\/4108"}],"wp:attachment":[{"href":"https:\/\/busbarmanufacturer.com\/tr\/wp-json\/wp\/v2\/media?parent=4106"}],"curies":[{"name":"wp","href":"https:\/\/api.w.org\/{rel}","templated":true}]}}