{"id":2,"date":"2024-03-02T04:16:20","date_gmt":"2024-03-02T04:16:20","guid":{"rendered":"http:\/\/busbarmanufacturer.com\/?page_id=2"},"modified":"2024-08-27T07:49:16","modified_gmt":"2024-08-27T07:49:16","slug":"sample-page","status":"publish","type":"page","link":"https:\/\/busbarmanufacturer.com\/vi\/sample-page\/","title":{"rendered":"Trang m\u1eabu"},"content":{"rendered":"<div class=\"fusion-fullwidth fullwidth-box fusion-builder-row-1 fusion-flex-container nonhundred-percent-fullwidth non-hundred-percent-height-scrolling\" style=\"--awb-border-radius-top-left:0px;--awb-border-radius-top-right:0px;--awb-border-radius-bottom-right:0px;--awb-border-radius-bottom-left:0px;--awb-flex-wrap:wrap;\" ><div class=\"fusion-builder-row fusion-row fusion-flex-align-items-flex-start fusion-flex-content-wrap\" style=\"max-width:1216.8px;margin-left: calc(-4% \/ 2 );margin-right: calc(-4% \/ 2 );\"><div class=\"fusion-layout-column fusion_builder_column fusion-builder-column-0 fusion_builder_column_1_1 1_1 fusion-flex-column\" style=\"--awb-bg-size:cover;--awb-width-large:100%;--awb-margin-top-large:0px;--awb-spacing-right-large:1.92%;--awb-margin-bottom-large:0px;--awb-spacing-left-large:1.92%;--awb-width-medium:100%;--awb-spacing-right-medium:1.92%;--awb-spacing-left-medium:1.92%;--awb-width-small:100%;--awb-spacing-right-small:1.92%;--awb-spacing-left-small:1.92%;\"><div class=\"fusion-column-wrapper fusion-flex-justify-content-flex-start fusion-content-layout-column\"><div class=\"fusion-text fusion-text-1\"><p>\u0110\u00e2y l\u00e0 m\u1ed9t trang m\u1eabu. N\u00f3 kh\u00e1c v\u1edbi b\u00e0i \u0111\u0103ng tr\u00ean blog v\u00ec n\u00f3 s\u1ebd \u1edf m\u1ed9t v\u1ecb tr\u00ed v\u00e0 s\u1ebd hi\u1ec3n th\u1ecb trong ph\u1ea7n \u0111i\u1ec1u h\u01b0\u1edbng trang web c\u1ee7a b\u1ea1n (trong h\u1ea7u h\u1ebft c\u00e1c ch\u1ee7 \u0111\u1ec1). H\u1ea7u h\u1ebft m\u1ecdi ng\u01b0\u1eddi b\u1eaft \u0111\u1ea7u b\u1eb1ng trang Gi\u1edbi thi\u1ec7u gi\u1edbi thi\u1ec7u h\u1ecd v\u1edbi nh\u1eefng ng\u01b0\u1eddi truy c\u1eadp trang web ti\u1ec1m n\u0103ng. N\u00f3 c\u00f3 th\u1ec3 n\u00f3i nh\u01b0 th\u1ebf n\u00e0y:<\/p>\n<blockquote class=\"wp-block-quote is-layout-flow wp-block-quote-is-layout-flow\">\n<p>Xin ch\u00e0o! T\u00f4i l\u00e0 ng\u01b0\u1eddi \u0111\u01b0a th\u01b0 b\u1eb1ng xe \u0111\u1ea1p v\u00e0o ban ng\u00e0y, l\u00e0 di\u1ec5n vi\u00ean \u0111\u1ea7y tham v\u1ecdng v\u00e0o ban \u0111\u00eam, v\u00e0 \u0111\u00e2y l\u00e0 trang web c\u1ee7a t\u00f4i. T\u00f4i s\u1ed1ng \u1edf Los Angeles, c\u00f3 m\u1ed9t ch\u00fa ch\u00f3 tuy\u1ec7t v\u1eddi t\u00ean l\u00e0 Jack, v\u00e0 t\u00f4i th\u00edch pi\u00f1a coladas. (V\u00e0 b\u1ecb m\u1eafc m\u01b0a.)<\/p>\n<\/blockquote>\n<p>\u2026ho\u1eb7c t\u01b0\u01a1ng t\u1ef1 nh\u01b0 th\u1ebf n\u00e0y:<\/p>\n<blockquote class=\"wp-block-quote is-layout-flow wp-block-quote-is-layout-flow\">\n<p>C\u00f4ng ty XYZ Doohickey \u0111\u01b0\u1ee3c th\u00e0nh l\u1eadp v\u00e0o n\u0103m 1971 v\u00e0 \u0111\u00e3 cung c\u1ea5p \u0111\u1ed3 d\u00f9ng ch\u1ea5t l\u01b0\u1ee3ng cho c\u00f4ng ch\u00fang k\u1ec3 t\u1eeb \u0111\u00f3. T\u1ecda l\u1ea1c t\u1ea1i Th\u00e0nh ph\u1ed1 Gotham, XYZ tuy\u1ec3n d\u1ee5ng h\u01a1n 2.000 ng\u01b0\u1eddi v\u00e0 l\u00e0m \u0111\u1ee7 m\u1ecdi th\u1ee9 tuy\u1ec7t v\u1eddi cho c\u1ed9ng \u0111\u1ed3ng Gotham.<\/p>\n<\/blockquote>\n<p>L\u00e0 ng\u01b0\u1eddi d\u00f9ng WordPress m\u1edbi, b\u1ea1n n\u00ean v\u00e0o b\u1ea3ng \u0111i\u1ec1u khi\u1ec3n \u0111\u1ec3 x\u00f3a trang n\u00e0y v\u00e0 t\u1ea1o trang m\u1edbi cho n\u1ed9i dung c\u1ee7a m\u00ecnh. Ch\u00fac vui v\u1ebb!<\/p>\n<\/div><\/div><\/div><\/div><\/div>","protected":false},"excerpt":{"rendered":"","protected":false},"author":1,"featured_media":0,"parent":0,"menu_order":0,"comment_status":"closed","ping_status":"open","template":"","meta":{"content-type":"","_monsterinsights_skip_tracking":false,"_monsterinsights_sitenote_active":false,"_monsterinsights_sitenote_note":"","_monsterinsights_sitenote_category":0,"cybocfi_hide_featured_image":"","footnotes":""},"class_list":["post-2","page","type-page","status-publish","hentry"],"yoast_head":"<!-- This site is optimized with the Yoast SEO plugin v27.2 - https:\/\/yoast.com\/product\/yoast-seo-wordpress\/ -->\n<title>Sample Page<\/title>\n<meta name=\"robots\" content=\"index, follow, max-snippet:-1, max-image-preview:large, max-video-preview:-1\" \/>\n<link rel=\"canonical\" href=\"https:\/\/busbarmanufacturer.com\/vi\/sample-page\/\" \/>\n<meta property=\"og:locale\" content=\"vi_VN\" \/>\n<meta property=\"og:type\" content=\"article\" \/>\n<meta property=\"og:title\" content=\"Sample Page\" \/>\n<meta property=\"og:url\" content=\"https:\/\/busbarmanufacturer.com\/vi\/sample-page\/\" \/>\n<meta property=\"og:site_name\" content=\"Busbar Manufacturers I Custom Copper Busbars\" \/>\n<meta property=\"article:modified_time\" content=\"2024-08-27T07:49:16+00:00\" \/>\n<meta name=\"twitter:card\" content=\"summary_large_image\" \/>\n<meta name=\"twitter:label1\" content=\"\u01af\u1edbc t\u00ednh th\u1eddi gian \u0111\u1ecdc\" \/>\n\t<meta name=\"twitter:data1\" content=\"1 ph\u00fat\" \/>\n<script type=\"application\/ld+json\" class=\"yoast-schema-graph\">{\"@context\":\"https:\/\/schema.org\",\"@graph\":[{\"@type\":\"WebPage\",\"@id\":\"https:\/\/busbarmanufacturer.com\/sample-page\/\",\"url\":\"https:\/\/busbarmanufacturer.com\/sample-page\/\",\"name\":\"Sample Page\",\"isPartOf\":{\"@id\":\"https:\/\/busbarmanufacturer.com\/#website\"},\"datePublished\":\"2024-03-02T04:16:20+00:00\",\"dateModified\":\"2024-08-27T07:49:16+00:00\",\"breadcrumb\":{\"@id\":\"https:\/\/busbarmanufacturer.com\/sample-page\/#breadcrumb\"},\"inLanguage\":\"vi\",\"potentialAction\":[{\"@type\":\"ReadAction\",\"target\":[\"https:\/\/busbarmanufacturer.com\/sample-page\/\"]}]},{\"@type\":\"BreadcrumbList\",\"@id\":\"https:\/\/busbarmanufacturer.com\/sample-page\/#breadcrumb\",\"itemListElement\":[{\"@type\":\"ListItem\",\"position\":1,\"name\":\"Home\",\"item\":\"https:\/\/busbarmanufacturer.com\/\"},{\"@type\":\"ListItem\",\"position\":2,\"name\":\"Sample Page\"}]},{\"@type\":\"WebSite\",\"@id\":\"https:\/\/busbarmanufacturer.com\/#website\",\"url\":\"https:\/\/busbarmanufacturer.com\/\",\"name\":\"Busbar Manufacturers I Custom Copper Busbars\",\"description\":\"We Design &amp; Manufacturing\",\"publisher\":{\"@id\":\"https:\/\/busbarmanufacturer.com\/#organization\"},\"potentialAction\":[{\"@type\":\"SearchAction\",\"target\":{\"@type\":\"EntryPoint\",\"urlTemplate\":\"https:\/\/busbarmanufacturer.com\/?s={search_term_string}\"},\"query-input\":{\"@type\":\"PropertyValueSpecification\",\"valueRequired\":true,\"valueName\":\"search_term_string\"}}],\"inLanguage\":\"vi\"},{\"@type\":\"Organization\",\"@id\":\"https:\/\/busbarmanufacturer.com\/#organization\",\"name\":\"Busbar Manufacturers I Custom Copper Busbars\",\"url\":\"https:\/\/busbarmanufacturer.com\/\",\"logo\":{\"@type\":\"ImageObject\",\"inLanguage\":\"vi\",\"@id\":\"https:\/\/busbarmanufacturer.com\/#\/schema\/logo\/image\/\",\"url\":\"https:\/\/busbarmanufacturer.com\/wp-content\/uploads\/2024\/08\/copper-logo.jpg\",\"contentUrl\":\"https:\/\/busbarmanufacturer.com\/wp-content\/uploads\/2024\/08\/copper-logo.jpg\",\"width\":180,\"height\":105,\"caption\":\"Busbar Manufacturers I Custom Copper Busbars\"},\"image\":{\"@id\":\"https:\/\/busbarmanufacturer.com\/#\/schema\/logo\/image\/\"}}]}<\/script>\n<!-- \/ Yoast SEO plugin. -->","yoast_head_json":{"title":"Trang m\u1eabu","robots":{"index":"index","follow":"follow","max-snippet":"max-snippet:-1","max-image-preview":"max-image-preview:large","max-video-preview":"max-video-preview:-1"},"canonical":"https:\/\/busbarmanufacturer.com\/vi\/sample-page\/","og_locale":"vi_VN","og_type":"article","og_title":"Sample Page","og_url":"https:\/\/busbarmanufacturer.com\/vi\/sample-page\/","og_site_name":"Busbar Manufacturers I Custom Copper Busbars","article_modified_time":"2024-08-27T07:49:16+00:00","twitter_card":"summary_large_image","twitter_misc":{"\u01af\u1edbc t\u00ednh th\u1eddi gian \u0111\u1ecdc":"1 ph\u00fat"},"schema":{"@context":"https:\/\/schema.org","@graph":[{"@type":"WebPage","@id":"https:\/\/busbarmanufacturer.com\/sample-page\/","url":"https:\/\/busbarmanufacturer.com\/sample-page\/","name":"Trang m\u1eabu","isPartOf":{"@id":"https:\/\/busbarmanufacturer.com\/#website"},"datePublished":"2024-03-02T04:16:20+00:00","dateModified":"2024-08-27T07:49:16+00:00","breadcrumb":{"@id":"https:\/\/busbarmanufacturer.com\/sample-page\/#breadcrumb"},"inLanguage":"vi","potentialAction":[{"@type":"ReadAction","target":["https:\/\/busbarmanufacturer.com\/sample-page\/"]}]},{"@type":"BreadcrumbList","@id":"https:\/\/busbarmanufacturer.com\/sample-page\/#breadcrumb","itemListElement":[{"@type":"ListItem","position":1,"name":"Home","item":"https:\/\/busbarmanufacturer.com\/"},{"@type":"ListItem","position":2,"name":"Sample Page"}]},{"@type":"WebSite","@id":"https:\/\/busbarmanufacturer.com\/#website","url":"https:\/\/busbarmanufacturer.com\/","name":"Nh\u00e0 s\u1ea3n xu\u1ea5t thanh c\u00e1i I Thanh c\u00e1i \u0111\u1ed3ng t\u00f9y ch\u1ec9nh","description":"Ch\u00fang t\u00f4i thi\u1ebft k\u1ebf v\u00e0 s\u1ea3n xu\u1ea5t","publisher":{"@id":"https:\/\/busbarmanufacturer.com\/#organization"},"potentialAction":[{"@type":"SearchAction","target":{"@type":"EntryPoint","urlTemplate":"https:\/\/busbarmanufacturer.com\/?s={search_term_string}"},"query-input":{"@type":"PropertyValueSpecification","valueRequired":true,"valueName":"search_term_string"}}],"inLanguage":"vi"},{"@type":"Organization","@id":"https:\/\/busbarmanufacturer.com\/#organization","name":"Nh\u00e0 s\u1ea3n xu\u1ea5t thanh c\u00e1i I Thanh c\u00e1i \u0111\u1ed3ng t\u00f9y ch\u1ec9nh","url":"https:\/\/busbarmanufacturer.com\/","logo":{"@type":"ImageObject","inLanguage":"vi","@id":"https:\/\/busbarmanufacturer.com\/#\/schema\/logo\/image\/","url":"https:\/\/busbarmanufacturer.com\/wp-content\/uploads\/2024\/08\/copper-logo.jpg","contentUrl":"https:\/\/busbarmanufacturer.com\/wp-content\/uploads\/2024\/08\/copper-logo.jpg","width":180,"height":105,"caption":"Busbar Manufacturers I Custom Copper Busbars"},"image":{"@id":"https:\/\/busbarmanufacturer.com\/#\/schema\/logo\/image\/"}}]}},"_links":{"self":[{"href":"https:\/\/busbarmanufacturer.com\/vi\/wp-json\/wp\/v2\/pages\/2","targetHints":{"allow":["GET"]}}],"collection":[{"href":"https:\/\/busbarmanufacturer.com\/vi\/wp-json\/wp\/v2\/pages"}],"about":[{"href":"https:\/\/busbarmanufacturer.com\/vi\/wp-json\/wp\/v2\/types\/page"}],"author":[{"embeddable":true,"href":"https:\/\/busbarmanufacturer.com\/vi\/wp-json\/wp\/v2\/users\/1"}],"replies":[{"embeddable":true,"href":"https:\/\/busbarmanufacturer.com\/vi\/wp-json\/wp\/v2\/comments?post=2"}],"version-history":[{"count":2,"href":"https:\/\/busbarmanufacturer.com\/vi\/wp-json\/wp\/v2\/pages\/2\/revisions"}],"predecessor-version":[{"id":6651,"href":"https:\/\/busbarmanufacturer.com\/vi\/wp-json\/wp\/v2\/pages\/2\/revisions\/6651"}],"wp:attachment":[{"href":"https:\/\/busbarmanufacturer.com\/vi\/wp-json\/wp\/v2\/media?parent=2"}],"curies":[{"name":"wp","href":"https:\/\/api.w.org\/{rel}","templated":true}]}}