{"id":4106,"date":"2021-11-16T16:14:47","date_gmt":"2021-11-16T16:14:47","guid":{"rendered":"https:\/\/avadawebsites.wpengine.com\/classic\/?page_id=4106"},"modified":"2025-04-23T10:00:12","modified_gmt":"2025-04-23T10:00:12","slug":"corporate-faq","status":"publish","type":"page","link":"https:\/\/busbarmanufacturer.com\/vi\/corporate-faq\/","title":{"rendered":"C\u00e2u h\u1ecfi th\u01b0\u1eddng g\u1eb7p c\u1ee7a c\u00f4ng ty"},"content":{"rendered":"<p><div class=\"fusion-fullwidth fullwidth-box fusion-builder-row-1 fusion-flex-container has-pattern-background has-mask-background fusion-parallax-none nonhundred-percent-fullwidth non-hundred-percent-height-scrolling lazyload\" style=\"--awb-border-radius-top-left:0px;--awb-border-radius-top-right:0px;--awb-border-radius-bottom-right:0px;--awb-border-radius-bottom-left:0px;--awb-padding-top:130PX;--awb-padding-bottom:130PX;--awb-background-size:cover;--awb-flex-wrap:wrap;\" data-bg=\"https:\/\/busbarmanufacturer.com\/wp-content\/uploads\/2024\/07\/copper-busbar-factory.jpg\" ><div class=\"fusion-builder-row fusion-row fusion-flex-align-items-flex-start fusion-flex-content-wrap\" style=\"max-width:1216.8px;margin-left: calc(-4% \/ 2 );margin-right: calc(-4% \/ 2 );\"><div class=\"fusion-layout-column fusion_builder_column fusion-builder-column-0 fusion_builder_column_1_1 1_1 fusion-flex-column\" style=\"--awb-bg-size:cover;--awb-width-large:100%;--awb-margin-top-large:0px;--awb-spacing-right-large:1.92%;--awb-margin-bottom-large:20px;--awb-spacing-left-large:1.92%;--awb-width-medium:100%;--awb-order-medium:0;--awb-spacing-right-medium:1.92%;--awb-spacing-left-medium:1.92%;--awb-width-small:100%;--awb-order-small:0;--awb-spacing-right-small:1.92%;--awb-spacing-left-small:1.92%;\"><div class=\"fusion-column-wrapper fusion-column-has-shadow fusion-flex-justify-content-flex-start fusion-content-layout-column\"><\/div><\/div><\/div><\/div><div class=\"fusion-fullwidth fullwidth-box fusion-builder-row-2 fusion-flex-container has-pattern-background has-mask-background nonhundred-percent-fullwidth non-hundred-percent-height-scrolling fusion-animated\" style=\"--awb-border-sizes-top:0px;--awb-border-sizes-bottom:0px;--awb-border-sizes-left:0px;--awb-border-sizes-right:0px;--awb-border-radius-top-left:0px;--awb-border-radius-top-right:0px;--awb-border-radius-bottom-right:0px;--awb-border-radius-bottom-left:0px;--awb-margin-top:70px;--awb-margin-bottom:120px;--awb-margin-bottom-medium:80px;--awb-margin-bottom-small:60px;--awb-flex-wrap:wrap;\" data-animationtype=\"fadeInUp\" data-animationduration=\"1.3\" data-animationoffset=\"top-into-view\" ><div class=\"fusion-builder-row fusion-row fusion-flex-align-items-center fusion-flex-content-wrap\" style=\"max-width:1216.8px;margin-left: calc(-4% \/ 2 );margin-right: calc(-4% \/ 2 );\"><div class=\"fusion-layout-column fusion_builder_column fusion-builder-column-1 fusion-flex-column\" style=\"--awb-bg-blend:overlay;--awb-bg-size:cover;--awb-width-large:40%;--awb-margin-top-large:0px;--awb-spacing-right-large:3.84%;--awb-margin-bottom-large:80px;--awb-spacing-left-large:4.8%;--awb-width-medium:40%;--awb-spacing-right-medium:3.84%;--awb-spacing-left-medium:4.8%;--awb-width-small:100%;--awb-spacing-right-small:1.92%;--awb-margin-bottom-small:15px;--awb-spacing-left-small:1.92%;\"><div class=\"fusion-column-wrapper fusion-flex-justify-content-flex-start fusion-content-layout-column\"><div class=\"fusion-text fusion-text-1\" style=\"--awb-font-size:var(--awb-typography2-font-size);--awb-line-height:var(--awb-typography2-line-height);--awb-letter-spacing:var(--awb-typography2-letter-spacing);--awb-text-transform:var(--awb-typography2-text-transform);--awb-text-color:var(--awb-color4);--awb-text-font-family:var(--awb-typography2-font-family);--awb-text-font-weight:var(--awb-typography2-font-weight);--awb-text-font-style:var(--awb-typography2-font-style);\"><p style=\"letter-spacing: 3px;\">CH\u00c0O M\u1eeaNG \u0110\u1ebeN V\u1edaI FAQ C\u1ee6A DOANH NGHI\u1ec6P<\/p>\n<\/div><div class=\"fusion-title title fusion-title-1 fusion-title-text fusion-title-size-two\" style=\"--awb-margin-bottom:0px;--awb-margin-top-small:0px;--awb-margin-bottom-small:20px;--awb-font-size:37px;\"><div class=\"title-sep-container title-sep-container-left fusion-no-large-visibility fusion-no-medium-visibility fusion-no-small-visibility\"><div class=\"title-sep sep- sep-solid\" style=\"border-color:var(--awb-color3);\"><\/div><\/div><span class=\"awb-title-spacer fusion-no-large-visibility fusion-no-medium-visibility fusion-no-small-visibility\"><\/span><h2 class=\"fusion-title-heading title-heading-left fusion-responsive-typography-calculated\" style=\"margin:0;text-transform:capitalize;font-size:1em;--fontSize:37;line-height:1.35;\"><h1>Sau \u0111\u00e2y l\u00e0 nh\u1eefng c\u00e2u h\u1ecfi th\u01b0\u1eddng g\u1eb7p nh\u1ea5t.<\/h1><\/h2><span class=\"awb-title-spacer\"><\/span><div class=\"title-sep-container title-sep-container-right\"><div class=\"title-sep sep- sep-solid\" style=\"border-color:var(--awb-color3);\"><\/div><\/div><\/div><\/div><\/div><div class=\"fusion-layout-column fusion_builder_column fusion-builder-column-2 fusion-flex-column\" style=\"--awb-bg-blend:overlay;--awb-bg-size:cover;--awb-width-large:60%;--awb-margin-top-large:0px;--awb-spacing-right-large:3.2%;--awb-margin-bottom-large:80px;--awb-spacing-left-large:6.4%;--awb-width-medium:60%;--awb-spacing-right-medium:3.2%;--awb-spacing-left-medium:6.4%;--awb-width-small:100%;--awb-spacing-right-small:1.92%;--awb-spacing-left-small:1.92%;\"><div class=\"fusion-column-wrapper fusion-flex-justify-content-flex-start fusion-content-layout-column\"><div class=\"fusion-text fusion-text-2 fusion-text-no-margin\" style=\"--awb-text-color:var(--awb-color7);--awb-margin-bottom:0px;\"><p>As a professional copper busbar manufacturer, we summarize the 18 core issues that customers are most concerned about, to provide you with comprehensive solutions:<\/p>\n<\/div><\/div><\/div><div class=\"fusion-layout-column fusion_builder_column fusion-builder-column-3 fusion_builder_column_1_1 1_1 fusion-flex-column\" style=\"--awb-bg-size:cover;--awb-width-large:100%;--awb-margin-top-large:0px;--awb-spacing-right-large:1.92%;--awb-margin-bottom-large:0px;--awb-spacing-left-large:1.92%;--awb-width-medium:100%;--awb-order-medium:0;--awb-spacing-right-medium:1.92%;--awb-spacing-left-medium:1.92%;--awb-width-small:100%;--awb-order-small:0;--awb-spacing-right-small:1.92%;--awb-spacing-left-small:1.92%;\"><div class=\"fusion-column-wrapper fusion-column-has-shadow fusion-flex-justify-content-flex-start fusion-content-layout-column\"><div class=\"fusion-text fusion-text-3\" style=\"--awb-text-color:#000000;\"><h2>1. B\u1ea1n l\u00e0 nh\u00e0 m\u00e1y hay c\u00f4ng ty th\u01b0\u01a1ng m\u1ea1i?<\/h2>\n<p>As an ISO certified manufacturer, we have a modern factory covering an area of 1000 square meters, equipped with a complete industrial chain from raw material processing to finished product assembly. The self-developed digital management system ensures that each production process complies with the IEC 61439 international standard.<\/p>\n<h2>2. Kh\u1ea3 n\u0103ng thi\u1ebft k\u1ebf v\u00e0 s\u1ea3n xu\u1ea5t khu\u00f4n m\u1eabu c\u1ee7a b\u1ea1n nh\u01b0 th\u1ebf n\u00e0o?<\/h2>\n<p>We boast an in-house design department capable of providing design services to numerous cooperative partners.<\/p>\n<p>&#8211; Equipped with CAD\/CAM design center and CNC machining center.<br \/>\n&#8211; We have 12 patented technologies such as hot press molding and laser micro-engraving.<br \/>\n&#8211; Support the development of complex structure molds with 0.02mm precision.<br \/>\n&#8211; Rapid prototyping within 72 hours<\/p>\n<h2>3. N\u1ebfu b\u1ea1n c\u00f3 th\u1ec3 ch\u1ea5p nh\u1eadn OEM ho\u1eb7c ODM, s\u1ed1 l\u01b0\u1ee3ng \u0111\u1eb7t h\u00e0ng t\u1ed1i thi\u1ec3u l\u00e0 bao nhi\u00eau?<\/h2>\n<p>Ch\u00fang t\u00f4i l\u00e0 nh\u00e0 s\u1ea3n xu\u1ea5t OEM chuy\u00ean nghi\u1ec7p, ch\u00fang t\u00f4i kh\u00f4ng c\u00f3 MOQ cho b\u1ea5t k\u1ef3 s\u1ea3n ph\u1ea9m n\u00e0o.<\/p>\n<h2>4. Nh\u00e0 m\u00e1y c\u1ee7a b\u1ea1n th\u1ef1c hi\u1ec7n ki\u1ec3m so\u00e1t ch\u1ea5t l\u01b0\u1ee3ng nh\u01b0 th\u1ebf n\u00e0o?<\/h2>\n<p>1. Traceability of raw materials: LME certified copper cathode is used.<br \/>\n2. Process monitoring: SPC statistical process control.<br \/>\n3. Finished product testing: Passed IP68 protection test.<br \/>\n4. Shipment verification: equipped with infrared thermal imaging detection<br \/>\n5. Traceability system: 15 years of quality records can be checked.<\/p>\n<h2>5. C\u00e1c b\u1ea1n c\u00f3 s\u1ea3n xu\u1ea5t thanh c\u00e1i t\u00f9y ch\u1ec9nh d\u1ef1a tr\u00ean b\u1ea3n v\u1ebd thi\u1ebft k\u1ebf ho\u1eb7c \u00fd t\u01b0\u1edfng c\u1ee7a ch\u00fang t\u00f4i kh\u00f4ng?<\/h2>\n<p>We provide OEM\/ODM service:<br \/>\n\u2713 Flexibility to take orders with zero MOQ.<br \/>\n\u2713 Support drawing\/sample\/conceptual design in various forms<br \/>\n\u2713 Provide DFM manufacturability analysis service.<br \/>\n\u2713 Engineering team 1 to 1 full docking<\/p>\n<h2>6. C\u00f4ng ty b\u1ea1n c\u00f3 qu\u1ea3n l\u00fd quy tr\u00ecnh s\u01a1n t\u0129nh \u0111i\u1ec7n t\u1ea1i ch\u1ed7 kh\u00f4ng?<\/h2>\n<p>Tr\u00ean th\u1ef1c t\u1ebf, ch\u00fang t\u00f4i l\u00e0 m\u1ed9t c\u01a1 s\u1edf ch\u1ebf t\u1ea1o kim lo\u1ea1i t\u1ea5m chuy\u00ean d\u1ee5ng cung c\u1ea5p \u0111\u1ea7y \u0111\u1ee7 c\u00e1c d\u1ecbch v\u1ee5 s\u1ea3n xu\u1ea5t, bao g\u1ed3m c\u1eaft laser, \u0111\u1ed9t d\u1eadp NCT, u\u1ed1n, h\u00e0n (TIG, h\u00e0n h\u1ed3 quang CO2), m\u00e0i, \u0111\u00e1nh b\u00f3ng b\u0103ng t\u1ea3i, s\u01a1n t\u0129nh \u0111i\u1ec7n, s\u01a1n ph\u1ee7 v\u00e0 in l\u1ee5a.<\/p>\n<h2>7. T\u00f4i c\u00f3 th\u1ec3 l\u1ea5y m\u1eabu theo ch\u1ea5t l\u01b0\u1ee3ng c\u1ee7a b\u1ea1n kh\u00f4ng?<\/h2>\n<p>Ch\u00fang t\u00f4i c\u00f3 c\u00e1c m\u1eabu nh\u1ecf c\u00f3 s\u1eb5n t\u1ea1i c\u1eeda h\u00e0ng v\u00e0 ch\u00fang t\u00f4i r\u1ea5t vui l\u00f2ng cung c\u1ea5p mi\u1ec5n ph\u00ed. \u0110\u1ed1i v\u1edbi c\u00e1c m\u1eabu t\u00f9y ch\u1ec9nh, vui l\u00f2ng \u0111\u1ee3i th\u1eddi gian giao h\u00e0ng kho\u1ea3ng 5-7 ng\u00e0y.<\/p>\n<h2>8. C\u1ea7n cung c\u1ea5p th\u00f4ng tin g\u00ec khi b\u00e1o gi\u00e1?<\/h2>\n<p>It is recommended to provide:<br \/>\n\u25fc 2D drawings (PDF\/DWG)<br \/>\n\u25fc 3D model (STEP\/IGES)<br \/>\n\u25fc Table of technical parameters (current-carrying capacity\/insulation class, etc.)<br \/>\n\u25fc Special environmental requirements (humidity\/salt spray, etc.)<\/p>\n<h2>9. \u01afu \u0111i\u1ec3m c\u1ee7a vi\u1ec7c s\u1eed d\u1ee5ng thanh c\u00e1i b\u1eb1ng \u0111\u1ed3ng l\u00e0 g\u00ec?<\/h2>\n<p>&#8211; Conductivity \u226599.9% IACS<br \/>\n&#8211; Tensile strength \u2265 360MPa<br \/>\n&#8211; Corrosion resistance class C5 (ISO 9223)<br \/>\n&#8211; Temperature rise control &lt;50K (at rated curre<\/p>\n<h2>10. Ch\u00fang t\u00f4i c\u00f3 th\u1ec3 \u0111\u1ea3m b\u1ea3o ch\u1ea5t l\u01b0\u1ee3ng nh\u01b0 th\u1ebf n\u00e0o?<\/h2>\n<p>Ki\u1ec3m tra v\u00e0 \u0111\u00e1nh gi\u00e1 ch\u1eb7t ch\u1ebd c\u00e1c nh\u00e0 cung c\u1ea5p nguy\u00ean li\u1ec7u, s\u00e0ng l\u1ecdc v\u00e0 ki\u1ec3m tra tr\u01b0\u1edbc khi l\u01b0u tr\u1eef Lu\u00f4n c\u00f3 m\u1eabu tr\u01b0\u1edbc khi s\u1ea3n xu\u1ea5t h\u00e0ng lo\u1ea1t; Ki\u1ec3m tra k\u00e9p b\u1eb1ng m\u00e1y t\u1ef1 \u0111\u1ed9ng + th\u1ee7 c\u00f4ng tr\u01b0\u1edbc khi s\u1ea3n ph\u1ea9m \u0111\u01b0\u1ee3c xu\u1ea5t x\u01b0\u1edfng, \u0111\u1ec3 \u0111\u1ea3m b\u1ea3o t\u00ednh \u0111\u1ed3ng nh\u1ea5t c\u1ee7a s\u1ea3n ph\u1ea9m.<\/p>\n<h2>11. Tu\u1ed5i th\u1ecd c\u1ee7a thanh c\u00e1i l\u00e0 bao l\u00e2u<\/h2>\n<p>Tu\u1ed5i th\u1ecd c\u1ee7a thanh c\u00e1i thay \u0111\u1ed5i t\u00f9y thu\u1ed9c v\u00e0o c\u00e1c y\u1ebfu t\u1ed1 nh\u01b0 ch\u1ea5t l\u01b0\u1ee3ng v\u1eadt li\u1ec7u, \u0111i\u1ec1u ki\u1ec7n v\u1eadn h\u00e0nh v\u00e0 b\u1ea3o d\u01b0\u1ee1ng. Nh\u00ecn chung, thanh c\u00e1i b\u1eb1ng \u0111\u1ed3ng c\u00f3 tu\u1ed5i th\u1ecd cao do \u0111\u1ed9 d\u1eabn \u0111i\u1ec7n v\u00e0 kh\u1ea3 n\u0103ng ch\u1ed1ng \u0103n m\u00f2n tuy\u1ec7t v\u1eddi. V\u1edbi vi\u1ec7c l\u1eafp \u0111\u1eb7t v\u00e0 b\u1ea3o d\u01b0\u1ee1ng \u0111\u00fang c\u00e1ch, thanh c\u00e1i b\u1eb1ng \u0111\u1ed3ng c\u00f3 th\u1ec3 t\u1ed3n t\u1ea1i trong nhi\u1ec1u th\u1eadp k\u1ef7, cung c\u1ea5p c\u00e1c k\u1ebft n\u1ed1i \u0111i\u1ec7n \u0111\u00e1ng tin c\u1eady trong nhi\u1ec1u \u1ee9ng d\u1ee5ng kh\u00e1c nhau. Ki\u1ec3m tra th\u01b0\u1eddng xuy\u00ean v\u00e0 b\u1ea3o d\u01b0\u1ee1ng ph\u00f2ng ng\u1eeba c\u00f3 th\u1ec3 gi\u00fap k\u00e9o d\u00e0i tu\u1ed5i th\u1ecd c\u1ee7a thanh c\u00e1i h\u01a1n n\u1eefa.<\/p>\n<h2>12. T\u00f4i c\u00f3 th\u1ec3 nh\u1eadn \u0111\u01b0\u1ee3c m\u1eabu mi\u1ec5n ph\u00ed kh\u00f4ng?<\/h2>\n<p>&#8211; Standard products: Free samples sent within 48 hours<br \/>\n&#8211; Customized samples: Provide 3D printing fast verification service<br \/>\n&#8211; Support conductivity, temperature rise and other specialized tests<\/p>\n<h2>13. Th\u1eddi gian giao h\u00e0ng l\u00e0 bao l\u00e2u?<\/h2>\n<p>Establish VMI inventory management mode:<br \/>\n&#8211; Regular products: 72 hours of extremely fast delivery<br \/>\n&#8211; Customized products: 15-day flexible production cycle<br \/>\n&#8211; Emergency orders: Open green channel<\/p>\n<h2>14. T\u00f4i c\u00f3 th\u1ec3 \u0111\u1ebfn th\u0103m nh\u00e0 m\u00e1y c\u1ee7a b\u1ea1n kh\u00f4ng?<\/h2>\n<p>B\u1ea1n \u0111\u01b0\u1ee3c ch\u00e0o \u0111\u00f3n \u0111\u1ebfn th\u0103m nh\u00e0 m\u00e1y c\u1ee7a ch\u00fang t\u00f4i v\u00e0 ch\u00fang t\u00f4i cung c\u1ea5p xe mi\u1ec5n ph\u00ed<\/p>\n<h2>15. Ph\u01b0\u01a1ng th\u1ee9c v\u1eadn chuy\u1ec3n l\u00e0 g\u00ec?<\/h2>\n<p>Provide globalized logistics services:<br \/>\n\u2713 Multimodal transportation solution optimization<br \/>\n\u2713 DDP door-to-door service<br \/>\n\u2713 Purchase of transportation insurance<br \/>\n\u2713 Real-time cargo tracking system<\/p>\n<h2>16. Ch\u00fang t\u00f4i c\u00f3 th\u1ec3 cung c\u1ea5p nh\u1eefng d\u1ecbch v\u1ee5 n\u00e0o?<\/h2>\n<p>C\u00e1c \u0111i\u1ec1u kho\u1ea3n giao h\u00e0ng \u0111\u01b0\u1ee3c ch\u1ea5p nh\u1eadn: FOB, CIF, FAS, DDP, Giao h\u00e0ng nhanh, DES;<br \/>\nTi\u1ec1n t\u1ec7 thanh to\u00e1n \u0111\u01b0\u1ee3c ch\u1ea5p nh\u1eadn: USD, AUD v\u00e0 CNY;<br \/>\nPh\u01b0\u01a1ng th\u1ee9c thanh to\u00e1n \u0111\u01b0\u1ee3c ch\u1ea5p nh\u1eadn: T\/T, L\/C, MoneyGram, Th\u1ebb t\u00edn d\u1ee5ng, PayPal, Western Union, Ti\u1ec1n m\u1eb7t; Ng\u00f4n ng\u1eef \u0111\u01b0\u1ee3c s\u1eed d\u1ee5ng: Ti\u1ebfng Anh, Ti\u1ebfng Trung<\/p>\n<h2>17.What is busbar application?<\/h2>\n<p>\u25b6 New energy power stations (photovoltaic\/wind power)<br \/>\n\u25b6 Railway transportation power supply system<br \/>\n\u25b6 Data center intelligent power distribution<br \/>\n\u25b6 Industrial busbar system upgrade<\/p>\n<h2>18. L\u00e0m th\u1ebf n\u00e0o \u0111\u1ec3 ch\u1ecdn \u0111\u00fang thanh c\u00e1i \u0111\u1ed3ng cho \u1ee9ng d\u1ee5ng c\u1ee7a t\u00f4i?<\/h2>\n<p>H\u00e3y c\u00e2n nh\u1eafc c\u00e1c y\u1ebfu t\u1ed1 nh\u01b0 kh\u1ea3 n\u0103ng d\u1eabn d\u00f2ng, y\u00eau c\u1ea7u v\u1ec1 \u0111i\u1ec7n \u00e1p, \u0111i\u1ec1u ki\u1ec7n m\u00f4i tr\u01b0\u1eddng, \u0111\u1ed9 b\u1ec1n c\u01a1 h\u1ecdc v\u00e0 gi\u1edbi h\u1ea1n kh\u00f4ng gian khi l\u1ef1a ch\u1ecdn thanh \u0111\u1ed3ng. \u0110i\u1ec1u c\u1ea7n thi\u1ebft l\u00e0 ph\u1ea3i tham kh\u1ea3o \u00fd ki\u1ebfn c\u1ee7a nh\u00e0 cung c\u1ea5p c\u00f3 hi\u1ec3u bi\u1ebft \u0111\u1ec3 \u0111\u1ea3m b\u1ea3o l\u1ef1a ch\u1ecdn ph\u00f9 h\u1ee3p.<\/p>\n<h2>19.\u00a0 How can I get technical support?<\/h2>\n<p>We offer:<br \/>\n&#8211; Free electrical system optimization consulting<br \/>\n&#8211; Busbar sizing calculation software<br \/>\n&#8211; Installation instruction video library<br \/>\n&#8211; Regular maintenance reminder service<\/p>\n<h2>20. How can we start cooperation?<\/h2>\n<p>1. Demand negotiation(1 working day)<br \/>\n2. Program design (3-5 working days)<br \/>\n3. Sample confirmation (5-7 working days)<br \/>\n4. mass production (10-15 working days)<br \/>\n5. After-sales tracking (lifelong service)<\/p>\n<\/div><\/div><\/div><\/div><\/div><\/p>","protected":false},"excerpt":{"rendered":"","protected":false},"author":1,"featured_media":4108,"parent":0,"menu_order":0,"comment_status":"closed","ping_status":"closed","template":"100-width.php","meta":{"content-type":"","_monsterinsights_skip_tracking":false,"_monsterinsights_sitenote_active":false,"_monsterinsights_sitenote_note":"","_monsterinsights_sitenote_category":0,"cybocfi_hide_featured_image":"","footnotes":""},"class_list":["post-4106","page","type-page","status-publish","has-post-thumbnail","hentry"],"yoast_head":"<!-- This site is optimized with the Yoast SEO plugin v27.2 - https:\/\/yoast.com\/product\/yoast-seo-wordpress\/ -->\n<title>Corporate FAQ<\/title>\n<meta name=\"description\" content=\"Corporate FAQ - We Focus Researching,Developing and manufacturing. - Busbar Manufacturers I Custom Copper Busbars\" \/>\n<meta name=\"robots\" content=\"index, follow, max-snippet:-1, max-image-preview:large, max-video-preview:-1\" \/>\n<link rel=\"canonical\" href=\"https:\/\/busbarmanufacturer.com\/vi\/corporate-faq\/\" \/>\n<meta property=\"og:locale\" content=\"vi_VN\" \/>\n<meta property=\"og:type\" content=\"article\" \/>\n<meta property=\"og:title\" content=\"Corporate FAQ\" \/>\n<meta property=\"og:description\" content=\"Corporate FAQ - We Focus Researching,Developing and manufacturing. - Busbar Manufacturers I Custom Copper Busbars\" \/>\n<meta property=\"og:url\" content=\"https:\/\/busbarmanufacturer.com\/vi\/corporate-faq\/\" \/>\n<meta property=\"og:site_name\" content=\"Busbar Manufacturers I Custom Copper Busbars\" \/>\n<meta property=\"article:modified_time\" content=\"2025-04-23T10:00:12+00:00\" \/>\n<meta property=\"og:image\" content=\"https:\/\/busbarmanufacturer.com\/wp-content\/uploads\/2021\/11\/banner-01.jpg\" \/>\n\t<meta property=\"og:image:width\" content=\"1393\" \/>\n\t<meta property=\"og:image:height\" content=\"430\" \/>\n\t<meta property=\"og:image:type\" content=\"image\/jpeg\" \/>\n<meta name=\"twitter:card\" content=\"summary_large_image\" \/>\n<meta name=\"twitter:label1\" content=\"\u01af\u1edbc t\u00ednh th\u1eddi gian \u0111\u1ecdc\" \/>\n\t<meta name=\"twitter:data1\" content=\"4 ph\u00fat\" \/>\n<script type=\"application\/ld+json\" class=\"yoast-schema-graph\">{\"@context\":\"https:\/\/schema.org\",\"@graph\":[{\"@type\":\"WebPage\",\"@id\":\"https:\/\/busbarmanufacturer.com\/corporate-faq\/\",\"url\":\"https:\/\/busbarmanufacturer.com\/corporate-faq\/\",\"name\":\"Corporate FAQ\",\"isPartOf\":{\"@id\":\"https:\/\/busbarmanufacturer.com\/#website\"},\"primaryImageOfPage\":{\"@id\":\"https:\/\/busbarmanufacturer.com\/corporate-faq\/#primaryimage\"},\"image\":{\"@id\":\"https:\/\/busbarmanufacturer.com\/corporate-faq\/#primaryimage\"},\"thumbnailUrl\":\"https:\/\/busbarmanufacturer.com\/wp-content\/uploads\/2021\/11\/banner-01.jpg\",\"datePublished\":\"2021-11-16T16:14:47+00:00\",\"dateModified\":\"2025-04-23T10:00:12+00:00\",\"description\":\"Corporate FAQ - We Focus Researching,Developing and manufacturing. - Busbar Manufacturers I Custom Copper Busbars\",\"breadcrumb\":{\"@id\":\"https:\/\/busbarmanufacturer.com\/corporate-faq\/#breadcrumb\"},\"inLanguage\":\"vi\",\"potentialAction\":[{\"@type\":\"ReadAction\",\"target\":[\"https:\/\/busbarmanufacturer.com\/corporate-faq\/\"]}]},{\"@type\":\"ImageObject\",\"inLanguage\":\"vi\",\"@id\":\"https:\/\/busbarmanufacturer.com\/corporate-faq\/#primaryimage\",\"url\":\"https:\/\/busbarmanufacturer.com\/wp-content\/uploads\/2021\/11\/banner-01.jpg\",\"contentUrl\":\"https:\/\/busbarmanufacturer.com\/wp-content\/uploads\/2021\/11\/banner-01.jpg\",\"width\":1393,\"height\":430,\"caption\":\"banner-01\"},{\"@type\":\"BreadcrumbList\",\"@id\":\"https:\/\/busbarmanufacturer.com\/corporate-faq\/#breadcrumb\",\"itemListElement\":[{\"@type\":\"ListItem\",\"position\":1,\"name\":\"Home\",\"item\":\"https:\/\/busbarmanufacturer.com\/\"},{\"@type\":\"ListItem\",\"position\":2,\"name\":\"Corporate FAQ\"}]},{\"@type\":\"WebSite\",\"@id\":\"https:\/\/busbarmanufacturer.com\/#website\",\"url\":\"https:\/\/busbarmanufacturer.com\/\",\"name\":\"Busbar Manufacturers I Custom Copper Busbars\",\"description\":\"We Design &amp; Manufacturing\",\"publisher\":{\"@id\":\"https:\/\/busbarmanufacturer.com\/#organization\"},\"potentialAction\":[{\"@type\":\"SearchAction\",\"target\":{\"@type\":\"EntryPoint\",\"urlTemplate\":\"https:\/\/busbarmanufacturer.com\/?s={search_term_string}\"},\"query-input\":{\"@type\":\"PropertyValueSpecification\",\"valueRequired\":true,\"valueName\":\"search_term_string\"}}],\"inLanguage\":\"vi\"},{\"@type\":\"Organization\",\"@id\":\"https:\/\/busbarmanufacturer.com\/#organization\",\"name\":\"Busbar Manufacturers I Custom Copper Busbars\",\"url\":\"https:\/\/busbarmanufacturer.com\/\",\"logo\":{\"@type\":\"ImageObject\",\"inLanguage\":\"vi\",\"@id\":\"https:\/\/busbarmanufacturer.com\/#\/schema\/logo\/image\/\",\"url\":\"https:\/\/busbarmanufacturer.com\/wp-content\/uploads\/2024\/08\/copper-logo.jpg\",\"contentUrl\":\"https:\/\/busbarmanufacturer.com\/wp-content\/uploads\/2024\/08\/copper-logo.jpg\",\"width\":180,\"height\":105,\"caption\":\"Busbar Manufacturers I Custom Copper Busbars\"},\"image\":{\"@id\":\"https:\/\/busbarmanufacturer.com\/#\/schema\/logo\/image\/\"}}]}<\/script>\n<!-- \/ Yoast SEO plugin. -->","yoast_head_json":{"title":"C\u00e2u h\u1ecfi th\u01b0\u1eddng g\u1eb7p c\u1ee7a c\u00f4ng ty","description":"C\u00e2u h\u1ecfi th\u01b0\u1eddng g\u1eb7p c\u1ee7a c\u00f4ng ty - Ch\u00fang t\u00f4i t\u1eadp trung v\u00e0o nghi\u00ean c\u1ee9u, ph\u00e1t tri\u1ec3n v\u00e0 s\u1ea3n xu\u1ea5t. - Nh\u00e0 s\u1ea3n xu\u1ea5t thanh c\u00e1i I Thanh c\u00e1i b\u1eb1ng \u0111\u1ed3ng t\u00f9y ch\u1ec9nh","robots":{"index":"index","follow":"follow","max-snippet":"max-snippet:-1","max-image-preview":"max-image-preview:large","max-video-preview":"max-video-preview:-1"},"canonical":"https:\/\/busbarmanufacturer.com\/vi\/corporate-faq\/","og_locale":"vi_VN","og_type":"article","og_title":"Corporate FAQ","og_description":"Corporate FAQ - We Focus Researching,Developing and manufacturing. - Busbar Manufacturers I Custom Copper Busbars","og_url":"https:\/\/busbarmanufacturer.com\/vi\/corporate-faq\/","og_site_name":"Busbar Manufacturers I Custom Copper Busbars","article_modified_time":"2025-04-23T10:00:12+00:00","og_image":[{"width":1393,"height":430,"url":"https:\/\/busbarmanufacturer.com\/wp-content\/uploads\/2021\/11\/banner-01.jpg","type":"image\/jpeg"}],"twitter_card":"summary_large_image","twitter_misc":{"\u01af\u1edbc t\u00ednh th\u1eddi gian \u0111\u1ecdc":"4 ph\u00fat"},"schema":{"@context":"https:\/\/schema.org","@graph":[{"@type":"WebPage","@id":"https:\/\/busbarmanufacturer.com\/corporate-faq\/","url":"https:\/\/busbarmanufacturer.com\/corporate-faq\/","name":"C\u00e2u h\u1ecfi th\u01b0\u1eddng g\u1eb7p c\u1ee7a c\u00f4ng ty","isPartOf":{"@id":"https:\/\/busbarmanufacturer.com\/#website"},"primaryImageOfPage":{"@id":"https:\/\/busbarmanufacturer.com\/corporate-faq\/#primaryimage"},"image":{"@id":"https:\/\/busbarmanufacturer.com\/corporate-faq\/#primaryimage"},"thumbnailUrl":"https:\/\/busbarmanufacturer.com\/wp-content\/uploads\/2021\/11\/banner-01.jpg","datePublished":"2021-11-16T16:14:47+00:00","dateModified":"2025-04-23T10:00:12+00:00","description":"C\u00e2u h\u1ecfi th\u01b0\u1eddng g\u1eb7p c\u1ee7a c\u00f4ng ty - Ch\u00fang t\u00f4i t\u1eadp trung v\u00e0o nghi\u00ean c\u1ee9u, ph\u00e1t tri\u1ec3n v\u00e0 s\u1ea3n xu\u1ea5t. - Nh\u00e0 s\u1ea3n xu\u1ea5t thanh c\u00e1i I Thanh c\u00e1i b\u1eb1ng \u0111\u1ed3ng t\u00f9y ch\u1ec9nh","breadcrumb":{"@id":"https:\/\/busbarmanufacturer.com\/corporate-faq\/#breadcrumb"},"inLanguage":"vi","potentialAction":[{"@type":"ReadAction","target":["https:\/\/busbarmanufacturer.com\/corporate-faq\/"]}]},{"@type":"ImageObject","inLanguage":"vi","@id":"https:\/\/busbarmanufacturer.com\/corporate-faq\/#primaryimage","url":"https:\/\/busbarmanufacturer.com\/wp-content\/uploads\/2021\/11\/banner-01.jpg","contentUrl":"https:\/\/busbarmanufacturer.com\/wp-content\/uploads\/2021\/11\/banner-01.jpg","width":1393,"height":430,"caption":"banner-01"},{"@type":"BreadcrumbList","@id":"https:\/\/busbarmanufacturer.com\/corporate-faq\/#breadcrumb","itemListElement":[{"@type":"ListItem","position":1,"name":"Home","item":"https:\/\/busbarmanufacturer.com\/"},{"@type":"ListItem","position":2,"name":"Corporate FAQ"}]},{"@type":"WebSite","@id":"https:\/\/busbarmanufacturer.com\/#website","url":"https:\/\/busbarmanufacturer.com\/","name":"Nh\u00e0 s\u1ea3n xu\u1ea5t thanh c\u00e1i I Thanh c\u00e1i \u0111\u1ed3ng t\u00f9y ch\u1ec9nh","description":"Ch\u00fang t\u00f4i thi\u1ebft k\u1ebf v\u00e0 s\u1ea3n xu\u1ea5t","publisher":{"@id":"https:\/\/busbarmanufacturer.com\/#organization"},"potentialAction":[{"@type":"SearchAction","target":{"@type":"EntryPoint","urlTemplate":"https:\/\/busbarmanufacturer.com\/?s={search_term_string}"},"query-input":{"@type":"PropertyValueSpecification","valueRequired":true,"valueName":"search_term_string"}}],"inLanguage":"vi"},{"@type":"Organization","@id":"https:\/\/busbarmanufacturer.com\/#organization","name":"Nh\u00e0 s\u1ea3n xu\u1ea5t thanh c\u00e1i I Thanh c\u00e1i \u0111\u1ed3ng t\u00f9y ch\u1ec9nh","url":"https:\/\/busbarmanufacturer.com\/","logo":{"@type":"ImageObject","inLanguage":"vi","@id":"https:\/\/busbarmanufacturer.com\/#\/schema\/logo\/image\/","url":"https:\/\/busbarmanufacturer.com\/wp-content\/uploads\/2024\/08\/copper-logo.jpg","contentUrl":"https:\/\/busbarmanufacturer.com\/wp-content\/uploads\/2024\/08\/copper-logo.jpg","width":180,"height":105,"caption":"Busbar Manufacturers I Custom Copper Busbars"},"image":{"@id":"https:\/\/busbarmanufacturer.com\/#\/schema\/logo\/image\/"}}]}},"_links":{"self":[{"href":"https:\/\/busbarmanufacturer.com\/vi\/wp-json\/wp\/v2\/pages\/4106","targetHints":{"allow":["GET"]}}],"collection":[{"href":"https:\/\/busbarmanufacturer.com\/vi\/wp-json\/wp\/v2\/pages"}],"about":[{"href":"https:\/\/busbarmanufacturer.com\/vi\/wp-json\/wp\/v2\/types\/page"}],"author":[{"embeddable":true,"href":"https:\/\/busbarmanufacturer.com\/vi\/wp-json\/wp\/v2\/users\/1"}],"replies":[{"embeddable":true,"href":"https:\/\/busbarmanufacturer.com\/vi\/wp-json\/wp\/v2\/comments?post=4106"}],"version-history":[{"count":8,"href":"https:\/\/busbarmanufacturer.com\/vi\/wp-json\/wp\/v2\/pages\/4106\/revisions"}],"predecessor-version":[{"id":6939,"href":"https:\/\/busbarmanufacturer.com\/vi\/wp-json\/wp\/v2\/pages\/4106\/revisions\/6939"}],"wp:featuredmedia":[{"embeddable":true,"href":"https:\/\/busbarmanufacturer.com\/vi\/wp-json\/wp\/v2\/media\/4108"}],"wp:attachment":[{"href":"https:\/\/busbarmanufacturer.com\/vi\/wp-json\/wp\/v2\/media?parent=4106"}],"curies":[{"name":"wp","href":"https:\/\/api.w.org\/{rel}","templated":true}]}}