{"id":5615,"date":"2024-05-31T09:50:57","date_gmt":"2024-05-31T09:50:57","guid":{"rendered":"https:\/\/busbarmanufacturer.com\/product\/retro-glass-jug-330-ml\/"},"modified":"2024-05-31T09:50:57","modified_gmt":"2024-05-31T09:50:57","slug":"retro-glass-jug-330-ml","status":"publish","type":"product","link":"https:\/\/busbarmanufacturer.com\/vi\/product\/retro-glass-jug-330-ml\/","title":{"rendered":"B\u00ecnh th\u1ee7y tinh Retro (330 ml)"},"content":{"rendered":"<p>Ch\u1ea5t li\u1ec7u th\u1ee7y tinh d\u00e0y v\u00e0 ki\u1ec3u d\u00e1ng c\u1ed5 \u0111i\u1ec3n khi\u1ebfn chi\u1ebfc b\u00ecnh n\u00e0y tr\u1edf th\u00e0nh v\u1eadt d\u1ee5ng kh\u00f4ng th\u1ec3 thi\u1ebfu trong b\u1ea5t k\u1ef3 c\u0103n b\u1ebfp mang phong c\u00e1ch ho\u00e0i c\u1ed5 n\u00e0o.<\/p>","protected":false},"excerpt":{"rendered":"<p>Ch\u1ea5t li\u1ec7u th\u1ee7y tinh d\u00e0y v\u00e0 ki\u1ec3u d\u00e1ng c\u1ed5 \u0111i\u1ec3n khi\u1ebfn chi\u1ebfc b\u00ecnh n\u00e0y tr\u1edf th\u00e0nh v\u1eadt d\u1ee5ng kh\u00f4ng th\u1ec3 thi\u1ebfu trong b\u1ea5t k\u1ef3 c\u0103n b\u1ebfp mang phong c\u00e1ch ho\u00e0i c\u1ed5 n\u00e0o.<\/p>","protected":false},"featured_media":0,"comment_status":"open","ping_status":"closed","template":"","meta":{"content-type":"","_monsterinsights_skip_tracking":false,"_monsterinsights_sitenote_active":false,"_monsterinsights_sitenote_note":"","_monsterinsights_sitenote_category":0,"cybocfi_hide_featured_image":""},"product_brand":[],"product_cat":[54],"product_tag":[],"class_list":{"0":"post-5615","1":"product","2":"type-product","3":"status-publish","5":"product_cat-uncategorized","7":"first","8":"instock","9":"shipping-taxable","10":"purchasable","11":"product-type-simple"},"yoast_head":"<!-- This site is optimized with the Yoast SEO plugin v27.2 - https:\/\/yoast.com\/product\/yoast-seo-wordpress\/ -->\n<title>Retro Glass Jug (330 ml) - Busbar Manufacturers I Custom Copper Busbars<\/title>\n<meta name=\"description\" content=\"Thick glass and a classic silhouette make this jug a must-have for any retro-inspired kitchen.\" \/>\n<meta name=\"robots\" content=\"index, follow, max-snippet:-1, max-image-preview:large, max-video-preview:-1\" \/>\n<link rel=\"canonical\" href=\"https:\/\/busbarmanufacturer.com\/vi\/san-pham\/retro-glass-jug-330-ml\/\" \/>\n<meta property=\"og:locale\" content=\"vi_VN\" \/>\n<meta property=\"og:type\" content=\"article\" \/>\n<meta property=\"og:title\" content=\"Retro Glass Jug (330 ml) - Busbar Manufacturers I Custom Copper Busbars\" \/>\n<meta property=\"og:description\" content=\"Thick glass and a classic silhouette make this jug a must-have for any retro-inspired kitchen.\" \/>\n<meta property=\"og:url\" content=\"https:\/\/busbarmanufacturer.com\/vi\/san-pham\/retro-glass-jug-330-ml\/\" \/>\n<meta property=\"og:site_name\" content=\"Busbar Manufacturers I Custom Copper Busbars\" \/>\n<meta name=\"twitter:card\" content=\"summary_large_image\" \/>\n<script type=\"application\/ld+json\" class=\"yoast-schema-graph\">{\"@context\":\"https:\/\/schema.org\",\"@graph\":[{\"@type\":\"WebPage\",\"@id\":\"https:\/\/busbarmanufacturer.com\/product\/retro-glass-jug-330-ml\/\",\"url\":\"https:\/\/busbarmanufacturer.com\/product\/retro-glass-jug-330-ml\/\",\"name\":\"Retro Glass Jug (330 ml) - Busbar Manufacturers I Custom Copper Busbars\",\"isPartOf\":{\"@id\":\"https:\/\/busbarmanufacturer.com\/#website\"},\"datePublished\":\"2024-05-31T09:50:57+00:00\",\"description\":\"Thick glass and a classic silhouette make this jug a must-have for any retro-inspired kitchen.\",\"breadcrumb\":{\"@id\":\"https:\/\/busbarmanufacturer.com\/product\/retro-glass-jug-330-ml\/#breadcrumb\"},\"inLanguage\":\"vi\",\"potentialAction\":[{\"@type\":\"ReadAction\",\"target\":[\"https:\/\/busbarmanufacturer.com\/product\/retro-glass-jug-330-ml\/\"]}]},{\"@type\":\"BreadcrumbList\",\"@id\":\"https:\/\/busbarmanufacturer.com\/product\/retro-glass-jug-330-ml\/#breadcrumb\",\"itemListElement\":[{\"@type\":\"ListItem\",\"position\":1,\"name\":\"Home\",\"item\":\"https:\/\/busbarmanufacturer.com\/\"},{\"@type\":\"ListItem\",\"position\":2,\"name\":\"Products\",\"item\":\"https:\/\/busbarmanufacturer.com\/shop\/\"},{\"@type\":\"ListItem\",\"position\":3,\"name\":\"Retro Glass Jug (330 ml)\"}]},{\"@type\":\"WebSite\",\"@id\":\"https:\/\/busbarmanufacturer.com\/#website\",\"url\":\"https:\/\/busbarmanufacturer.com\/\",\"name\":\"Busbar Manufacturers I Custom Copper Busbars\",\"description\":\"We Design &amp; Manufacturing\",\"publisher\":{\"@id\":\"https:\/\/busbarmanufacturer.com\/#organization\"},\"potentialAction\":[{\"@type\":\"SearchAction\",\"target\":{\"@type\":\"EntryPoint\",\"urlTemplate\":\"https:\/\/busbarmanufacturer.com\/?s={search_term_string}\"},\"query-input\":{\"@type\":\"PropertyValueSpecification\",\"valueRequired\":true,\"valueName\":\"search_term_string\"}}],\"inLanguage\":\"vi\"},{\"@type\":\"Organization\",\"@id\":\"https:\/\/busbarmanufacturer.com\/#organization\",\"name\":\"Busbar Manufacturers I Custom Copper Busbars\",\"url\":\"https:\/\/busbarmanufacturer.com\/\",\"logo\":{\"@type\":\"ImageObject\",\"inLanguage\":\"vi\",\"@id\":\"https:\/\/busbarmanufacturer.com\/#\/schema\/logo\/image\/\",\"url\":\"https:\/\/busbarmanufacturer.com\/wp-content\/uploads\/2024\/08\/copper-logo.jpg\",\"contentUrl\":\"https:\/\/busbarmanufacturer.com\/wp-content\/uploads\/2024\/08\/copper-logo.jpg\",\"width\":180,\"height\":105,\"caption\":\"Busbar Manufacturers I Custom Copper Busbars\"},\"image\":{\"@id\":\"https:\/\/busbarmanufacturer.com\/#\/schema\/logo\/image\/\"}}]}<\/script>\n<!-- \/ Yoast SEO plugin. -->","yoast_head_json":{"title":"B\u00ecnh th\u1ee7y tinh Retro (330 ml) - Nh\u00e0 s\u1ea3n xu\u1ea5t thanh c\u00e1i I Thanh c\u00e1i \u0111\u1ed3ng t\u00f9y ch\u1ec9nh","description":"Ch\u1ea5t li\u1ec7u th\u1ee7y tinh d\u00e0y v\u00e0 ki\u1ec3u d\u00e1ng c\u1ed5 \u0111i\u1ec3n khi\u1ebfn chi\u1ebfc b\u00ecnh n\u00e0y tr\u1edf th\u00e0nh v\u1eadt d\u1ee5ng kh\u00f4ng th\u1ec3 thi\u1ebfu trong b\u1ea5t k\u1ef3 c\u0103n b\u1ebfp mang phong c\u00e1ch ho\u00e0i c\u1ed5 n\u00e0o.","robots":{"index":"index","follow":"follow","max-snippet":"max-snippet:-1","max-image-preview":"max-image-preview:large","max-video-preview":"max-video-preview:-1"},"canonical":"https:\/\/busbarmanufacturer.com\/vi\/san-pham\/retro-glass-jug-330-ml\/","og_locale":"vi_VN","og_type":"article","og_title":"Retro Glass Jug (330 ml) - Busbar Manufacturers I Custom Copper Busbars","og_description":"Thick glass and a classic silhouette make this jug a must-have for any retro-inspired kitchen.","og_url":"https:\/\/busbarmanufacturer.com\/vi\/san-pham\/retro-glass-jug-330-ml\/","og_site_name":"Busbar Manufacturers I Custom Copper Busbars","twitter_card":"summary_large_image","schema":{"@context":"https:\/\/schema.org","@graph":[{"@type":"WebPage","@id":"https:\/\/busbarmanufacturer.com\/product\/retro-glass-jug-330-ml\/","url":"https:\/\/busbarmanufacturer.com\/product\/retro-glass-jug-330-ml\/","name":"B\u00ecnh th\u1ee7y tinh Retro (330 ml) - Nh\u00e0 s\u1ea3n xu\u1ea5t thanh c\u00e1i I Thanh c\u00e1i \u0111\u1ed3ng t\u00f9y ch\u1ec9nh","isPartOf":{"@id":"https:\/\/busbarmanufacturer.com\/#website"},"datePublished":"2024-05-31T09:50:57+00:00","description":"Ch\u1ea5t li\u1ec7u th\u1ee7y tinh d\u00e0y v\u00e0 ki\u1ec3u d\u00e1ng c\u1ed5 \u0111i\u1ec3n khi\u1ebfn chi\u1ebfc b\u00ecnh n\u00e0y tr\u1edf th\u00e0nh v\u1eadt d\u1ee5ng kh\u00f4ng th\u1ec3 thi\u1ebfu trong b\u1ea5t k\u1ef3 c\u0103n b\u1ebfp mang phong c\u00e1ch ho\u00e0i c\u1ed5 n\u00e0o.","breadcrumb":{"@id":"https:\/\/busbarmanufacturer.com\/product\/retro-glass-jug-330-ml\/#breadcrumb"},"inLanguage":"vi","potentialAction":[{"@type":"ReadAction","target":["https:\/\/busbarmanufacturer.com\/product\/retro-glass-jug-330-ml\/"]}]},{"@type":"BreadcrumbList","@id":"https:\/\/busbarmanufacturer.com\/product\/retro-glass-jug-330-ml\/#breadcrumb","itemListElement":[{"@type":"ListItem","position":1,"name":"Home","item":"https:\/\/busbarmanufacturer.com\/"},{"@type":"ListItem","position":2,"name":"Products","item":"https:\/\/busbarmanufacturer.com\/shop\/"},{"@type":"ListItem","position":3,"name":"Retro Glass Jug (330 ml)"}]},{"@type":"WebSite","@id":"https:\/\/busbarmanufacturer.com\/#website","url":"https:\/\/busbarmanufacturer.com\/","name":"Nh\u00e0 s\u1ea3n xu\u1ea5t thanh c\u00e1i I Thanh c\u00e1i \u0111\u1ed3ng t\u00f9y ch\u1ec9nh","description":"Ch\u00fang t\u00f4i thi\u1ebft k\u1ebf v\u00e0 s\u1ea3n xu\u1ea5t","publisher":{"@id":"https:\/\/busbarmanufacturer.com\/#organization"},"potentialAction":[{"@type":"SearchAction","target":{"@type":"EntryPoint","urlTemplate":"https:\/\/busbarmanufacturer.com\/?s={search_term_string}"},"query-input":{"@type":"PropertyValueSpecification","valueRequired":true,"valueName":"search_term_string"}}],"inLanguage":"vi"},{"@type":"Organization","@id":"https:\/\/busbarmanufacturer.com\/#organization","name":"Nh\u00e0 s\u1ea3n xu\u1ea5t thanh c\u00e1i I Thanh c\u00e1i \u0111\u1ed3ng t\u00f9y ch\u1ec9nh","url":"https:\/\/busbarmanufacturer.com\/","logo":{"@type":"ImageObject","inLanguage":"vi","@id":"https:\/\/busbarmanufacturer.com\/#\/schema\/logo\/image\/","url":"https:\/\/busbarmanufacturer.com\/wp-content\/uploads\/2024\/08\/copper-logo.jpg","contentUrl":"https:\/\/busbarmanufacturer.com\/wp-content\/uploads\/2024\/08\/copper-logo.jpg","width":180,"height":105,"caption":"Busbar Manufacturers I Custom Copper Busbars"},"image":{"@id":"https:\/\/busbarmanufacturer.com\/#\/schema\/logo\/image\/"}}]}},"_links":{"self":[{"href":"https:\/\/busbarmanufacturer.com\/vi\/wp-json\/wp\/v2\/product\/5615","targetHints":{"allow":["GET"]}}],"collection":[{"href":"https:\/\/busbarmanufacturer.com\/vi\/wp-json\/wp\/v2\/product"}],"about":[{"href":"https:\/\/busbarmanufacturer.com\/vi\/wp-json\/wp\/v2\/types\/product"}],"replies":[{"embeddable":true,"href":"https:\/\/busbarmanufacturer.com\/vi\/wp-json\/wp\/v2\/comments?post=5615"}],"wp:attachment":[{"href":"https:\/\/busbarmanufacturer.com\/vi\/wp-json\/wp\/v2\/media?parent=5615"}],"wp:term":[{"taxonomy":"product_brand","embeddable":true,"href":"https:\/\/busbarmanufacturer.com\/vi\/wp-json\/wp\/v2\/product_brand?post=5615"},{"taxonomy":"product_cat","embeddable":true,"href":"https:\/\/busbarmanufacturer.com\/vi\/wp-json\/wp\/v2\/product_cat?post=5615"},{"taxonomy":"product_tag","embeddable":true,"href":"https:\/\/busbarmanufacturer.com\/vi\/wp-json\/wp\/v2\/product_tag?post=5615"}],"curies":[{"name":"wp","href":"https:\/\/api.w.org\/{rel}","templated":true}]}}