{"id":5624,"date":"2024-05-31T09:51:24","date_gmt":"2024-05-31T09:51:24","guid":{"rendered":"https:\/\/busbarmanufacturer.com\/product\/leather-clad-leisure-chair\/"},"modified":"2024-05-31T09:51:24","modified_gmt":"2024-05-31T09:51:24","slug":"leather-clad-leisure-chair","status":"publish","type":"product","link":"https:\/\/busbarmanufacturer.com\/vi\/product\/leather-clad-leisure-chair\/","title":{"rendered":"Gh\u1ebf th\u01b0 gi\u00e3n b\u1ecdc da"},"content":{"rendered":"<p>H\u00e3y ng\u1ed3i xu\u1ed1ng v\u00e0 th\u01b0 gi\u00e3n tr\u00ean chi\u1ebfc gh\u1ebf thi\u1ebft k\u1ebf tho\u1ea3i m\u00e1i n\u00e0y. Da cao c\u1ea5p v\u00e0 khung th\u00e9p mang \u0111\u1ebfn s\u1ef1 sang tr\u1ecdng cho th\u1eddi gian gi\u1ea3i tr\u00ed c\u1ee7a b\u1ea1n.<\/p>","protected":false},"excerpt":{"rendered":"<p>H\u00e3y ng\u1ed3i xu\u1ed1ng v\u00e0 th\u01b0 gi\u00e3n tr\u00ean chi\u1ebfc gh\u1ebf thi\u1ebft k\u1ebf tho\u1ea3i m\u00e1i n\u00e0y. Da cao c\u1ea5p v\u00e0 khung th\u00e9p mang \u0111\u1ebfn s\u1ef1 sang tr\u1ecdng cho th\u1eddi gian gi\u1ea3i tr\u00ed c\u1ee7a b\u1ea1n.<\/p>","protected":false},"featured_media":0,"comment_status":"open","ping_status":"closed","template":"","meta":{"content-type":"","_monsterinsights_skip_tracking":false,"_monsterinsights_sitenote_active":false,"_monsterinsights_sitenote_note":"","_monsterinsights_sitenote_category":0,"cybocfi_hide_featured_image":""},"product_brand":[],"product_cat":[54],"product_tag":[],"class_list":{"0":"post-5624","1":"product","2":"type-product","3":"status-publish","5":"product_cat-uncategorized","7":"first","8":"instock","9":"shipping-taxable","10":"purchasable","11":"product-type-simple"},"yoast_head":"<!-- This site is optimized with the Yoast SEO plugin v27.2 - https:\/\/yoast.com\/product\/yoast-seo-wordpress\/ -->\n<title>Leather-Clad Leisure Chair - Busbar Manufacturers I Custom Copper Busbars<\/title>\n<meta name=\"description\" content=\"Sit back and relax in this comfy designer chair. High-grain leather and steel frame add luxury to your your leisure.\" \/>\n<meta name=\"robots\" content=\"index, follow, max-snippet:-1, max-image-preview:large, max-video-preview:-1\" \/>\n<link rel=\"canonical\" href=\"https:\/\/busbarmanufacturer.com\/vi\/san-pham\/leather-clad-leisure-chair\/\" \/>\n<meta property=\"og:locale\" content=\"vi_VN\" \/>\n<meta property=\"og:type\" content=\"article\" \/>\n<meta property=\"og:title\" content=\"Leather-Clad Leisure Chair - Busbar Manufacturers I Custom Copper Busbars\" \/>\n<meta property=\"og:description\" content=\"Sit back and relax in this comfy designer chair. High-grain leather and steel frame add luxury to your your leisure.\" \/>\n<meta property=\"og:url\" content=\"https:\/\/busbarmanufacturer.com\/vi\/san-pham\/leather-clad-leisure-chair\/\" \/>\n<meta property=\"og:site_name\" content=\"Busbar Manufacturers I Custom Copper Busbars\" \/>\n<meta name=\"twitter:card\" content=\"summary_large_image\" \/>\n<script type=\"application\/ld+json\" class=\"yoast-schema-graph\">{\"@context\":\"https:\/\/schema.org\",\"@graph\":[{\"@type\":\"WebPage\",\"@id\":\"https:\/\/busbarmanufacturer.com\/product\/leather-clad-leisure-chair\/\",\"url\":\"https:\/\/busbarmanufacturer.com\/product\/leather-clad-leisure-chair\/\",\"name\":\"Leather-Clad Leisure Chair - Busbar Manufacturers I Custom Copper Busbars\",\"isPartOf\":{\"@id\":\"https:\/\/busbarmanufacturer.com\/#website\"},\"datePublished\":\"2024-05-31T09:51:24+00:00\",\"description\":\"Sit back and relax in this comfy designer chair. High-grain leather and steel frame add luxury to your your leisure.\",\"breadcrumb\":{\"@id\":\"https:\/\/busbarmanufacturer.com\/product\/leather-clad-leisure-chair\/#breadcrumb\"},\"inLanguage\":\"vi\",\"potentialAction\":[{\"@type\":\"ReadAction\",\"target\":[\"https:\/\/busbarmanufacturer.com\/product\/leather-clad-leisure-chair\/\"]}]},{\"@type\":\"BreadcrumbList\",\"@id\":\"https:\/\/busbarmanufacturer.com\/product\/leather-clad-leisure-chair\/#breadcrumb\",\"itemListElement\":[{\"@type\":\"ListItem\",\"position\":1,\"name\":\"Home\",\"item\":\"https:\/\/busbarmanufacturer.com\/\"},{\"@type\":\"ListItem\",\"position\":2,\"name\":\"Products\",\"item\":\"https:\/\/busbarmanufacturer.com\/shop\/\"},{\"@type\":\"ListItem\",\"position\":3,\"name\":\"Leather-Clad Leisure Chair\"}]},{\"@type\":\"WebSite\",\"@id\":\"https:\/\/busbarmanufacturer.com\/#website\",\"url\":\"https:\/\/busbarmanufacturer.com\/\",\"name\":\"Busbar Manufacturers I Custom Copper Busbars\",\"description\":\"We Design &amp; Manufacturing\",\"publisher\":{\"@id\":\"https:\/\/busbarmanufacturer.com\/#organization\"},\"potentialAction\":[{\"@type\":\"SearchAction\",\"target\":{\"@type\":\"EntryPoint\",\"urlTemplate\":\"https:\/\/busbarmanufacturer.com\/?s={search_term_string}\"},\"query-input\":{\"@type\":\"PropertyValueSpecification\",\"valueRequired\":true,\"valueName\":\"search_term_string\"}}],\"inLanguage\":\"vi\"},{\"@type\":\"Organization\",\"@id\":\"https:\/\/busbarmanufacturer.com\/#organization\",\"name\":\"Busbar Manufacturers I Custom Copper Busbars\",\"url\":\"https:\/\/busbarmanufacturer.com\/\",\"logo\":{\"@type\":\"ImageObject\",\"inLanguage\":\"vi\",\"@id\":\"https:\/\/busbarmanufacturer.com\/#\/schema\/logo\/image\/\",\"url\":\"https:\/\/busbarmanufacturer.com\/wp-content\/uploads\/2024\/08\/copper-logo.jpg\",\"contentUrl\":\"https:\/\/busbarmanufacturer.com\/wp-content\/uploads\/2024\/08\/copper-logo.jpg\",\"width\":180,\"height\":105,\"caption\":\"Busbar Manufacturers I Custom Copper Busbars\"},\"image\":{\"@id\":\"https:\/\/busbarmanufacturer.com\/#\/schema\/logo\/image\/\"}}]}<\/script>\n<!-- \/ Yoast SEO plugin. -->","yoast_head_json":{"title":"Gh\u1ebf th\u01b0 gi\u00e3n b\u1ecdc da - Nh\u00e0 s\u1ea3n xu\u1ea5t thanh c\u00e1i I Thanh c\u00e1i \u0111\u1ed3ng t\u00f9y ch\u1ec9nh","description":"H\u00e3y ng\u1ed3i xu\u1ed1ng v\u00e0 th\u01b0 gi\u00e3n tr\u00ean chi\u1ebfc gh\u1ebf thi\u1ebft k\u1ebf tho\u1ea3i m\u00e1i n\u00e0y. Da cao c\u1ea5p v\u00e0 khung th\u00e9p mang \u0111\u1ebfn s\u1ef1 sang tr\u1ecdng cho th\u1eddi gian gi\u1ea3i tr\u00ed c\u1ee7a b\u1ea1n.","robots":{"index":"index","follow":"follow","max-snippet":"max-snippet:-1","max-image-preview":"max-image-preview:large","max-video-preview":"max-video-preview:-1"},"canonical":"https:\/\/busbarmanufacturer.com\/vi\/san-pham\/leather-clad-leisure-chair\/","og_locale":"vi_VN","og_type":"article","og_title":"Leather-Clad Leisure Chair - Busbar Manufacturers I Custom Copper Busbars","og_description":"Sit back and relax in this comfy designer chair. High-grain leather and steel frame add luxury to your your leisure.","og_url":"https:\/\/busbarmanufacturer.com\/vi\/san-pham\/leather-clad-leisure-chair\/","og_site_name":"Busbar Manufacturers I Custom Copper Busbars","twitter_card":"summary_large_image","schema":{"@context":"https:\/\/schema.org","@graph":[{"@type":"WebPage","@id":"https:\/\/busbarmanufacturer.com\/product\/leather-clad-leisure-chair\/","url":"https:\/\/busbarmanufacturer.com\/product\/leather-clad-leisure-chair\/","name":"Gh\u1ebf th\u01b0 gi\u00e3n b\u1ecdc da - Nh\u00e0 s\u1ea3n xu\u1ea5t thanh c\u00e1i I Thanh c\u00e1i \u0111\u1ed3ng t\u00f9y ch\u1ec9nh","isPartOf":{"@id":"https:\/\/busbarmanufacturer.com\/#website"},"datePublished":"2024-05-31T09:51:24+00:00","description":"H\u00e3y ng\u1ed3i xu\u1ed1ng v\u00e0 th\u01b0 gi\u00e3n tr\u00ean chi\u1ebfc gh\u1ebf thi\u1ebft k\u1ebf tho\u1ea3i m\u00e1i n\u00e0y. Da cao c\u1ea5p v\u00e0 khung th\u00e9p mang \u0111\u1ebfn s\u1ef1 sang tr\u1ecdng cho th\u1eddi gian gi\u1ea3i tr\u00ed c\u1ee7a b\u1ea1n.","breadcrumb":{"@id":"https:\/\/busbarmanufacturer.com\/product\/leather-clad-leisure-chair\/#breadcrumb"},"inLanguage":"vi","potentialAction":[{"@type":"ReadAction","target":["https:\/\/busbarmanufacturer.com\/product\/leather-clad-leisure-chair\/"]}]},{"@type":"BreadcrumbList","@id":"https:\/\/busbarmanufacturer.com\/product\/leather-clad-leisure-chair\/#breadcrumb","itemListElement":[{"@type":"ListItem","position":1,"name":"Home","item":"https:\/\/busbarmanufacturer.com\/"},{"@type":"ListItem","position":2,"name":"Products","item":"https:\/\/busbarmanufacturer.com\/shop\/"},{"@type":"ListItem","position":3,"name":"Leather-Clad Leisure Chair"}]},{"@type":"WebSite","@id":"https:\/\/busbarmanufacturer.com\/#website","url":"https:\/\/busbarmanufacturer.com\/","name":"Nh\u00e0 s\u1ea3n xu\u1ea5t thanh c\u00e1i I Thanh c\u00e1i \u0111\u1ed3ng t\u00f9y ch\u1ec9nh","description":"Ch\u00fang t\u00f4i thi\u1ebft k\u1ebf v\u00e0 s\u1ea3n xu\u1ea5t","publisher":{"@id":"https:\/\/busbarmanufacturer.com\/#organization"},"potentialAction":[{"@type":"SearchAction","target":{"@type":"EntryPoint","urlTemplate":"https:\/\/busbarmanufacturer.com\/?s={search_term_string}"},"query-input":{"@type":"PropertyValueSpecification","valueRequired":true,"valueName":"search_term_string"}}],"inLanguage":"vi"},{"@type":"Organization","@id":"https:\/\/busbarmanufacturer.com\/#organization","name":"Nh\u00e0 s\u1ea3n xu\u1ea5t thanh c\u00e1i I Thanh c\u00e1i \u0111\u1ed3ng t\u00f9y ch\u1ec9nh","url":"https:\/\/busbarmanufacturer.com\/","logo":{"@type":"ImageObject","inLanguage":"vi","@id":"https:\/\/busbarmanufacturer.com\/#\/schema\/logo\/image\/","url":"https:\/\/busbarmanufacturer.com\/wp-content\/uploads\/2024\/08\/copper-logo.jpg","contentUrl":"https:\/\/busbarmanufacturer.com\/wp-content\/uploads\/2024\/08\/copper-logo.jpg","width":180,"height":105,"caption":"Busbar Manufacturers I Custom Copper Busbars"},"image":{"@id":"https:\/\/busbarmanufacturer.com\/#\/schema\/logo\/image\/"}}]}},"_links":{"self":[{"href":"https:\/\/busbarmanufacturer.com\/vi\/wp-json\/wp\/v2\/product\/5624","targetHints":{"allow":["GET"]}}],"collection":[{"href":"https:\/\/busbarmanufacturer.com\/vi\/wp-json\/wp\/v2\/product"}],"about":[{"href":"https:\/\/busbarmanufacturer.com\/vi\/wp-json\/wp\/v2\/types\/product"}],"replies":[{"embeddable":true,"href":"https:\/\/busbarmanufacturer.com\/vi\/wp-json\/wp\/v2\/comments?post=5624"}],"wp:attachment":[{"href":"https:\/\/busbarmanufacturer.com\/vi\/wp-json\/wp\/v2\/media?parent=5624"}],"wp:term":[{"taxonomy":"product_brand","embeddable":true,"href":"https:\/\/busbarmanufacturer.com\/vi\/wp-json\/wp\/v2\/product_brand?post=5624"},{"taxonomy":"product_cat","embeddable":true,"href":"https:\/\/busbarmanufacturer.com\/vi\/wp-json\/wp\/v2\/product_cat?post=5624"},{"taxonomy":"product_tag","embeddable":true,"href":"https:\/\/busbarmanufacturer.com\/vi\/wp-json\/wp\/v2\/product_tag?post=5624"}],"curies":[{"name":"wp","href":"https:\/\/api.w.org\/{rel}","templated":true}]}}